{"id":1040,"date":"2024-03-04T05:03:03","date_gmt":"2024-03-04T04:03:03","guid":{"rendered":"http:\/\/bloqueb.com\/?page_id=1040"},"modified":"2026-04-06T17:11:33","modified_gmt":"2026-04-06T22:11:33","slug":"nuestra-esencia","status":"publish","type":"page","link":"https:\/\/bloqueb.com\/index.php\/nuestra-esencia\/","title":{"rendered":"Nuestra Esencia"},"content":{"rendered":"\n<div class=\"slider-wrapper relative\" id=\"slider-1172469074\" >\n    <div class=\"slider slider-type-fade slider-nav-simple slider-nav-large slider-nav-light slider-nav-outside slider-style-normal slider-show-nav\"\n        data-flickity-options='{\n            \"cellAlign\": \"center\",\n            \"imagesLoaded\": true,\n            \"lazyLoad\": 1,\n            \"freeScroll\": false,\n            \"wrapAround\": true,\n            \"autoPlay\": 3000,\n            \"pauseAutoPlayOnHover\" : false,\n            \"prevNextButtons\": true,\n            \"contain\" : true,\n            \"adaptiveHeight\" : true,\n            \"dragThreshold\" : 10,\n            \"percentPosition\": true,\n            \"pageDots\": false,\n            \"rightToLeft\": false,\n            \"draggable\": true,\n            \"selectedAttraction\": 0.1,\n            \"parallax\" : 0,\n            \"friction\": 0.6        }'\n        >\n        \n\n\n\t<section class=\"section has-parallax\" id=\"section_2048492984\">\n\t\t<div class=\"section-bg fill\" data-parallax-container=\".section\" data-parallax-background data-parallax=\"-5\">\n\t\t\t<img loading=\"lazy\" decoding=\"async\" width=\"1280\" height=\"853\" src=\"https:\/\/bloqueb.com\/wp-content\/uploads\/2024\/01\/08-6.jpg\" class=\"bg\" alt=\"\" srcset=\"https:\/\/bloqueb.com\/wp-content\/uploads\/2024\/01\/08-6.jpg 1280w, https:\/\/bloqueb.com\/wp-content\/uploads\/2024\/01\/08-6-1020x680.jpg 1020w, https:\/\/bloqueb.com\/wp-content\/uploads\/2024\/01\/08-6-300x200.jpg 300w, https:\/\/bloqueb.com\/wp-content\/uploads\/2024\/01\/08-6-1024x682.jpg 1024w, https:\/\/bloqueb.com\/wp-content\/uploads\/2024\/01\/08-6-768x512.jpg 768w\" sizes=\"auto, (max-width: 1280px) 100vw, 1280px\" \/>\n\t\t\t\n\t\t\t\n\t\t\t\n\t<div class=\"is-border is-dashed\"\n\t\tstyle=\"border-color:rgb(111, 166, 212);border-width:0px 0px 20px 0px;\">\n\t<\/div>\n\n\t\t<\/div>\n\n\t\t\n\n\t\t<div class=\"section-content relative\">\n\t\t\t\n\n<div class=\"row\"  id=\"row-656621049\">\n\n\n\t<div id=\"col-1283906887\" class=\"col medium-7 small-12 large-5\"  >\n\t\t\t\t<div class=\"col-inner\"  >\n\t\t\t\n\t\t\t\n\n\n\t\t<\/div>\n\t\t\t\t\t<\/div>\n\n\t\n\n<\/div>\n\n\t\t<\/div>\n\n\t\t\n<style>\n#section_2048492984 {\n  padding-top: 30px;\n  padding-bottom: 30px;\n  min-height: 643px;\n}\n#section_2048492984 .bg {\n  object-position: 57% 47%;\n}\n<\/style>\n\t<\/section>\n\t\n\n\t<section class=\"section dark\" id=\"section_1350947316\">\n\t\t<div class=\"section-bg fill\" >\n\t\t\t<img loading=\"lazy\" decoding=\"async\" width=\"1280\" height=\"853\" src=\"https:\/\/bloqueb.com\/wp-content\/uploads\/2024\/01\/15-6.jpg\" class=\"bg\" alt=\"\" srcset=\"https:\/\/bloqueb.com\/wp-content\/uploads\/2024\/01\/15-6.jpg 1280w, https:\/\/bloqueb.com\/wp-content\/uploads\/2024\/01\/15-6-1020x680.jpg 1020w, https:\/\/bloqueb.com\/wp-content\/uploads\/2024\/01\/15-6-300x200.jpg 300w, https:\/\/bloqueb.com\/wp-content\/uploads\/2024\/01\/15-6-1024x682.jpg 1024w, https:\/\/bloqueb.com\/wp-content\/uploads\/2024\/01\/15-6-768x512.jpg 768w\" sizes=\"auto, (max-width: 1280px) 100vw, 1280px\" \/>\n\t\t\t\n\t\t\t\n\t\t\t\n\t<div class=\"is-border\"\n\t\tstyle=\"border-color:rgb(111, 166, 212);border-width:0px 0px 20px 0px;\">\n\t<\/div>\n\n\t\t<\/div>\n\n\t\t\n\n\t\t<div class=\"section-content relative\">\n\t\t\t\n\n<div class=\"row\"  id=\"row-1417979361\">\n\n\n\t<div id=\"col-927581760\" class=\"col medium-7 small-12 large-5\"  >\n\t\t\t\t<div class=\"col-inner\"  >\n\t\t\t\n\t\t\t\n\n\n\t\t<\/div>\n\t\t\t\t\t<\/div>\n\n\t\n\n<\/div>\n\n\t\t<\/div>\n\n\t\t\n<style>\n#section_1350947316 {\n  padding-top: 30px;\n  padding-bottom: 30px;\n  min-height: 643px;\n}\n#section_1350947316 .bg {\n  object-position: 57% 52%;\n}\n<\/style>\n\t<\/section>\n\t\n\n     <\/div>\n\n     <div class=\"loading-spin dark large centered\"><\/div>\n\n\t\n<style>\n#slider-1172469074 {\n  margin-bottom: 27px;\n}\n<\/style>\n<\/div>\n\n\n\n\t<section class=\"section\" id=\"section_785606644\">\n\t\t<div class=\"section-bg fill\" >\n\t\t\t\n\t\t\t\n\t\t\t\n\t\t\t\n\n\t\t<\/div>\n\n\t\t\n\n\t\t<div class=\"section-content relative\">\n\t\t\t\n\n<div class=\"row\"  id=\"row-726414373\">\n\n\n\t<div id=\"col-163246015\" class=\"col small-12 large-12\"  >\n\t\t\t\t<div class=\"col-inner\"  >\n\t\t\t\n\t\t\t\n\n<div class=\"row row-small row-box-shadow-1 row-box-shadow-4-hover\"  id=\"row-1456753290\">\n\n\n\t<div id=\"col-330507714\" class=\"col medium-6 small-12 large-3\"  >\n\t\t\t\t<div class=\"col-inner\"  >\n\t\t\t\n\t\t\t\n\n\n\t<a class=\"plain\" href=\"#reconocimiento\" >\t<div class=\"icon-box featured-box icon-box-center text-center\"  >\n\t\t\t\t<div class=\"icon-box-text last-reset\">\n\t\t\t\t\t\t\t\t\t\n\n\t<div id=\"text-2131840022\" class=\"text\">\n\t\t\n\n<h1 class=\"p1\"><span style=\"color: #3e95bd;\">1<\/span><\/h1>\n\t\t\n<style>\n#text-2131840022 {\n  font-size: 2.1rem;\n}\n<\/style>\n\t<\/div>\n\t\n\t<div id=\"text-2574909269\" class=\"text\">\n\t\t\n\n<h3><span style=\"font-size: 100%;\">Fase de <br \/>Reconocimiento<\/span><\/h3>\n\t\t\n<style>\n#text-2574909269 {\n  font-size: 1.7rem;\n}\n<\/style>\n\t<\/div>\n\t\n\n\t\t<\/div>\n\t<\/div>\n\t<\/a>\n\t\n\n\t\t<\/div>\n\t\t\t\t\t<\/div>\n\n\t\n\n\t<div id=\"col-104961039\" class=\"col medium-6 small-12 large-3\"  >\n\t\t\t\t<div class=\"col-inner\"  >\n\t\t\t\n\t\t\t\n\n\n\t<a class=\"plain\" href=\"#atracci\u00f3n\" >\t<div class=\"icon-box featured-box icon-box-center text-center\"  >\n\t\t\t\t<div class=\"icon-box-text last-reset\">\n\t\t\t\t\t\t\t\t\t\n\n\t<div id=\"text-390029961\" class=\"text\">\n\t\t\n\n<h1 class=\"p1\"><span style=\"color: #3e95bd;\">2<\/span><\/h1>\n\t\t\n<style>\n#text-390029961 {\n  font-size: 2.1rem;\n}\n<\/style>\n\t<\/div>\n\t\n\t<div id=\"text-4016627175\" class=\"text\">\n\t\t\n\n<h3>Fase de <br \/>Atracci\u00f3n<\/h3>\n\t\t\n<style>\n#text-4016627175 {\n  font-size: 1.7rem;\n}\n<\/style>\n\t<\/div>\n\t\n\n\t\t<\/div>\n\t<\/div>\n\t<\/a>\n\t\n\n\t\t<\/div>\n\t\t\t\t\t<\/div>\n\n\t\n\n\t<div id=\"col-1720036833\" class=\"col medium-6 small-12 large-3\"  >\n\t\t\t\t<div class=\"col-inner\"  >\n\t\t\t\n\t\t\t\n\n\n\t<a class=\"plain\" href=\"#flexibilidad\" >\t<div class=\"icon-box featured-box icon-box-center text-center\"  >\n\t\t\t\t<div class=\"icon-box-text last-reset\">\n\t\t\t\t\t\t\t\t\t\n\n\t<div id=\"text-1246721575\" class=\"text\">\n\t\t\n\n<h1 class=\"p1\"><span style=\"color: #3e95bd;\">3<\/span><\/h1>\n\t\t\n<style>\n#text-1246721575 {\n  font-size: 2.1rem;\n}\n<\/style>\n\t<\/div>\n\t\n\t<div id=\"text-1246651915\" class=\"text\">\n\t\t\n\n<h3>Fase de <br \/>Flexibilidad<\/h3>\n\t\t\n<style>\n#text-1246651915 {\n  font-size: 1.7rem;\n}\n<\/style>\n\t<\/div>\n\t\n\n\t\t<\/div>\n\t<\/div>\n\t<\/a>\n\t\n\n\t\t<\/div>\n\t\t\t\t\t<\/div>\n\n\t\n\n\t<div id=\"col-2119716474\" class=\"col medium-6 small-12 large-3\"  >\n\t\t\t\t<div class=\"col-inner\"  >\n\t\t\t\n\t\t\t\n\n\n\t<a class=\"plain\" href=\"#compromiso\" >\t<div class=\"icon-box featured-box icon-box-center text-center\"  >\n\t\t\t\t<div class=\"icon-box-text last-reset\">\n\t\t\t\t\t\t\t\t\t\n\n\t<div id=\"text-486222980\" class=\"text\">\n\t\t\n\n<h1 class=\"p1\"><span style=\"color: #3e95bd;\">4<\/span><\/h1>\n\t\t\n<style>\n#text-486222980 {\n  font-size: 1.95rem;\n  line-height: 0.75;\n}\n<\/style>\n\t<\/div>\n\t\n\t<div id=\"text-2461477963\" class=\"text\">\n\t\t\n\n<h3>Fase de <br \/>Compromiso<\/h3>\n\t\t\n<style>\n#text-2461477963 {\n  font-size: 1.7rem;\n  line-height: 1.75;\n}\n<\/style>\n\t<\/div>\n\t\n\n\t\t<\/div>\n\t<\/div>\n\t<\/a>\n\t\n\n\t\t<\/div>\n\t\t\t\t\t<\/div>\n\n\t\n\n\n<style>\n#row-1456753290 > .col > .col-inner {\n  padding: 30px 30px 30px 30px;\n  background-color: rgb(255,255,255);\n}\n<\/style>\n<\/div>\n<span class=\"scroll-to\" data-label=\"Scroll to: #reconocimiento\" data-bullet=\"true\" data-link=\"#reconocimiento\" data-title=\"Reconocimiento\" ><a name=\"reconocimiento\"><\/a><\/span>\n\n\n\t\t<\/div>\n\t\t\t\t\n<style>\n#col-163246015 > .col-inner {\n  margin: -100px 0px 0px 0px;\n}\n<\/style>\n\t<\/div>\n\n\t\n\n<\/div>\n\t<div id=\"text-414750006\" class=\"text\">\n\t\t\n\n<h1>Fase de <span style=\"color: #36a1bf;\">Reconocimiento<\/span><\/h1>\n\t\t\n<style>\n#text-414750006 {\n  font-size: 1.3rem;\n  text-align: center;\n}\n@media (min-width:850px) {\n  #text-414750006 {\n    font-size: 2.2rem;\n  }\n}\n<\/style>\n\t<\/div>\n\t\n<div class=\"row row-full-width\"  id=\"row-579889919\">\n\n\n\t<div id=\"col-624643382\" class=\"col medium-6 small-12 large-6\"  >\n\t\t\t\t<div class=\"col-inner\"  data-parallax-fade=\"true\" data-parallax=\"3\">\n\t\t\t\n\t\t\t\n\n<h2><span style=\"font-size: 120%;\">Visibilidad<\/span><\/h2>\n<p data-start=\"0\" data-end=\"263\"><span style=\"font-size: 120%;\">Somos una marca cercana y confiable, comprometida con brindar a nuestros clientes una atenci\u00f3n<br \/>oportuna y de calidad en cada etapa del proceso. Nuestra presencia constante nos permite generar<br \/>relaciones s\u00f3lidas basadas en la transparencia y la confianza. Contamos con m\u00faltiples canales de<br \/>comunicaci\u00f3n que facilitan un contacto \u00e1gil y efectivo, asegurando acompa\u00f1amiento permanente,<br \/>respuestas r\u00e1pidas y una experiencia fluida que se adapta a las necesidades de cada cliente.<\/span><\/p>\n<h2><span style=\"font-size: 120%;\">Cercan\u00eda<\/span><\/h2>\n<p><span style=\"font-size: 120%;\">Valoramos una comunicaci\u00f3n cercana, directa y significativa, entendiendo que cada proyecto nace<br \/>de una conexi\u00f3n genuina con nuestros clientes. Nos enfocamos en comprender a profundidad sus<br \/>necesidades, su entorno y sus aspiraciones, para as\u00ed desarrollar propuestas que superen sus <br \/>expectativas. Creemos en el poder de la interacci\u00f3n personal para construir relaciones s\u00f3lidas y <br \/>duraderas, basadas en la confianza, la empat\u00eda y el acompa\u00f1amiento en cada etapa del proceso.<\/span><\/p>\n\n\t\t<\/div>\n\t\t\t\t\n<style>\n#col-624643382 > .col-inner {\n  padding: 0px 0px 0px 0px;\n  margin: 0px 0px 0px 0px;\n}\n@media (min-width:550px) {\n  #col-624643382 > .col-inner {\n    padding: 0px 0px 0px 0px;\n    margin: 20px 0px 0px 160px;\n  }\n}\n<\/style>\n\t<\/div>\n\n\t\n\n\t<div id=\"col-569725065\" class=\"col medium-6 small-12 large-6\"  >\n\t\t\t\t<div class=\"col-inner text-center\"  >\n\t\t\t\n\t\t\t\n\n\t<div class=\"img has-hover x md-x lg-x y md-y lg-y\" id=\"image_84256575\">\n\t\t\t\t<div data-parallax-fade=\"true\" data-parallax=\"3\">\t\t\t\t<div class=\"img-inner dark\" style=\"margin:0px 0px 0px 0px;\">\n\t\t\t<img loading=\"lazy\" decoding=\"async\" width=\"1917\" height=\"1278\" src=\"https:\/\/bloqueb.com\/wp-content\/uploads\/2024\/01\/B-14-1.jpg\" class=\"attachment-original size-original\" alt=\"\" srcset=\"https:\/\/bloqueb.com\/wp-content\/uploads\/2024\/01\/B-14-1.jpg 1917w, https:\/\/bloqueb.com\/wp-content\/uploads\/2024\/01\/B-14-1-1020x680.jpg 1020w, https:\/\/bloqueb.com\/wp-content\/uploads\/2024\/01\/B-14-1-300x200.jpg 300w, https:\/\/bloqueb.com\/wp-content\/uploads\/2024\/01\/B-14-1-1024x683.jpg 1024w, https:\/\/bloqueb.com\/wp-content\/uploads\/2024\/01\/B-14-1-768x512.jpg 768w, https:\/\/bloqueb.com\/wp-content\/uploads\/2024\/01\/B-14-1-1536x1024.jpg 1536w\" sizes=\"auto, (max-width: 1917px) 100vw, 1917px\" \/>\t\t\t\t\t\t\n\t\t\t\t\t<\/div>\n\t\t\t\t<\/div>\t\t\t\t\n<style>\n#image_84256575 {\n  width: 70%;\n}\n<\/style>\n\t<\/div>\n\t\n\n\n\t\t<\/div>\n\t\t\t\t\n<style>\n#col-569725065 > .col-inner {\n  margin: -32px 0px 68px 0px;\n}\n@media (min-width:550px) {\n  #col-569725065 > .col-inner {\n    margin: 5px 0px 0px 0px;\n  }\n}\n<\/style>\n\t<\/div>\n\n\t\n\n\n<style>\n#row-579889919 > .col > .col-inner {\n  padding: 0px 0px 0px 0px;\n}\n@media (min-width:550px) {\n  #row-579889919 > .col > .col-inner {\n    padding: 13px 0px 25px 0px;\n  }\n}\n<\/style>\n<\/div>\n\n\t\t<\/div>\n\n\t\t\n<style>\n#section_785606644 {\n  padding-top: 117px;\n  padding-bottom: 117px;\n  margin-bottom: -132px;\n  min-height: 0px;\n}\n<\/style>\n\t<\/section>\n\t\n<span class=\"scroll-to\" data-label=\"Scroll to: #atracci\u00f3n\" data-bullet=\"true\" data-link=\"#atracci\u00f3n\" data-title=\"Atracci\u00f3n\" ><a name=\"atracci\u00f3n\"><\/a><\/span>\n\n\t<div id=\"text-1117402770\" class=\"text\">\n\t\t\n\n<h1>Fase de <span style=\"color: #36a1bf;\">Atracci\u00f3n<\/span><\/h1>\n\t\t\n<style>\n#text-1117402770 {\n  font-size: 1.3rem;\n  text-align: center;\n}\n@media (min-width:850px) {\n  #text-1117402770 {\n    font-size: 2rem;\n  }\n}\n<\/style>\n\t<\/div>\n\t\n<div class=\"row row-full-width\"  id=\"row-1197518342\">\n\n\n\t<div id=\"col-1992416127\" class=\"col medium-6 small-12 large-6\"  >\n\t\t\t\t<div class=\"col-inner text-center\"  >\n\t\t\t\n\t\t\t\n\n\t<div class=\"img has-hover x md-x lg-x y md-y lg-y\" id=\"image_66952594\">\n\t\t\t\t<div data-parallax-fade=\"true\" data-parallax=\"3\">\t\t\t\t<div class=\"img-inner dark\" style=\"margin:0px 0px 0px 0px;\">\n\t\t\t<img loading=\"lazy\" decoding=\"async\" width=\"1903\" height=\"1269\" src=\"https:\/\/bloqueb.com\/wp-content\/uploads\/2024\/01\/B-10-R-1.jpg\" class=\"attachment-original size-original\" alt=\"\" srcset=\"https:\/\/bloqueb.com\/wp-content\/uploads\/2024\/01\/B-10-R-1.jpg 1903w, https:\/\/bloqueb.com\/wp-content\/uploads\/2024\/01\/B-10-R-1-1020x680.jpg 1020w, https:\/\/bloqueb.com\/wp-content\/uploads\/2024\/01\/B-10-R-1-300x200.jpg 300w, https:\/\/bloqueb.com\/wp-content\/uploads\/2024\/01\/B-10-R-1-1024x683.jpg 1024w, https:\/\/bloqueb.com\/wp-content\/uploads\/2024\/01\/B-10-R-1-768x512.jpg 768w, https:\/\/bloqueb.com\/wp-content\/uploads\/2024\/01\/B-10-R-1-1536x1024.jpg 1536w\" sizes=\"auto, (max-width: 1903px) 100vw, 1903px\" \/>\t\t\t\t\t\t\n\t\t\t\t\t<\/div>\n\t\t\t\t<\/div>\t\t\t\t\n<style>\n#image_66952594 {\n  width: 70%;\n}\n<\/style>\n\t<\/div>\n\t\n\n\n\t\t<\/div>\n\t\t\t\t\n<style>\n#col-1992416127 > .col-inner {\n  margin: 0px 0px -104px 0px;\n}\n@media (min-width:550px) {\n  #col-1992416127 > .col-inner {\n    margin: 30px 0px 0px 0px;\n  }\n}\n<\/style>\n\t<\/div>\n\n\t\n\n\t<div id=\"col-427179376\" class=\"col medium-6 small-12 large-6\"  >\n\t\t\t\t<div class=\"col-inner\"  data-parallax-fade=\"true\" data-parallax=\"3\">\n\t\t\t\n\t\t\t\n\n<h2><span style=\"font-size: 120%;\">Atracci\u00f3n<\/span><\/h2>\n<p><span style=\"font-size: 120%;\">Profundizamos en nuestros clientes con el animo de obtener un conocimiento detallado de sus necesidades,<br \/>gustos y preferencias; esto nos permite ofrecer soluciones personalizadas. Nos sumergimos en el entendimiento<br \/>de cada cliente para conocer a fondo sus necesidades, gustos y preferencias. Este enfoque nos permite dise\u00f1ar<br \/>propuestas a la medida, alineadas con su estilo de vida, objetivos y visi\u00f3n del espacio. Gracias a este conocimiento<br \/>detallado, ofrecemos soluciones personalizadas que no solo responden a los requerimientos funcionales, sino que<br \/>tambi\u00e9n reflejan la esencia de cada cliente, generando experiencias \u00fanicas y altamente satisfactorias.<\/span><\/p>\n<h2><span style=\"font-size: 120%;\">Acompa\u00f1amiento<\/span><\/h2>\n<p><span style=\"font-size: 120%;\">Nos convertimos en los aliados estrat\u00e9gicos, durante todo el proceso. Ofrecemos un respaldo solido a nuestros<br \/>clientes apoy\u00e1ndolos en la toma de decisiones importantes para obtener resultados excepcionales.<br \/>Nos consolidamos como aliados estrat\u00e9gicos en cada etapa del proceso, brindando un acompa\u00f1amiento cercano<br \/>y continuo. Nuestro compromiso es ofrecer un respaldo s\u00f3lido que genere confianza y tranquilidad en cada decisi\u00f3n.<br \/>Guiamos a nuestros clientes con criterio y experiencia, facilitando la toma de decisiones clave para alcanzar resultados<br \/>excepcionales, coherentes con sus objetivos y con el m\u00e1s alto est\u00e1ndar de calidad.<\/span><\/p>\n<p data-start=\"222\" data-end=\"425\" data-is-last-node=\"\" data-is-only-node=\"\">\u00a0<\/p>\n\n\t\t<\/div>\n\t\t\t\t\n<style>\n#col-427179376 > .col-inner {\n  padding: 0px 0px 0px 0px;\n  margin: 0px 0px 0px 0px;\n}\n@media (min-width:550px) {\n  #col-427179376 > .col-inner {\n    padding: 0px 0px 0px 0px;\n    margin: 30px 150px 0px 0px;\n  }\n}\n<\/style>\n\t<\/div>\n\n\t\n\n\n<style>\n#row-1197518342 > .col > .col-inner {\n  padding: 0px 0px 73px 0px;\n}\n<\/style>\n<\/div>\n<span class=\"scroll-to\" data-label=\"Scroll to: #flexibilidad\" data-bullet=\"true\" data-link=\"#flexibilidad\" data-title=\"Flexibilidad\" ><a name=\"flexibilidad\"><\/a><\/span>\n\n\t<div id=\"text-2627940400\" class=\"text\">\n\t\t\n\n<h1>Fase de <span style=\"color: #36a1bf;\">Flexibilidad<\/span><\/h1>\n\t\t\n<style>\n#text-2627940400 {\n  font-size: 1.3rem;\n  text-align: center;\n}\n@media (min-width:850px) {\n  #text-2627940400 {\n    font-size: 2rem;\n  }\n}\n<\/style>\n\t<\/div>\n\t\n<div class=\"row row-full-width\"  id=\"row-1644582116\">\n\n\n\t<div id=\"col-445555799\" class=\"col medium-6 small-12 large-6\"  >\n\t\t\t\t<div class=\"col-inner\"  data-parallax-fade=\"true\" data-parallax=\"3\">\n\t\t\t\n\t\t\t\n\n<h2><span style=\"font-size: 120%;\">Eficiencia<\/span><\/h2>\n<p><span style=\"font-size: 120%;\">Presentamos propuestas econ\u00f3micas de calidad y rentables. Optimizamos los recursos y ofrecemos<br \/>la mejor relaci\u00f3n costo-beneficio. Desarrollamos propuestas econ\u00f3micas s\u00f3lidas, pensadas para<br \/>garantizar calidad, eficiencia y rentabilidad en cada proyecto. Analizamos cuidadosamente cada<br \/>recurso para optimizar su uso y maximizar el valor de la inversi\u00f3n. Nuestro enfoque se centra en<br \/>ofrecer soluciones estrat\u00e9gicas que equilibren dise\u00f1o, funcionalidad y presupuesto, asegurando<br \/>siempre la mejor relaci\u00f3n costo-beneficio sin comprometer los est\u00e1ndares de calidad.<\/span><\/p>\n<h2><span style=\"font-size: 120%;\">Entendimiento y Asesor\u00eda<\/span><\/h2>\n<p><span style=\"font-size: 120%;\">Basados en nuestra amplia experiencia planteamos las mejores soluciones posibles. Nos enfocamos<br \/>en el entendimiento mutuo y la asesor\u00eda experta para lograr los mejores resultados. Respaldados por<br \/>nuestra amplia experiencia, desarrollamos soluciones estrat\u00e9gicas que responden de manera precisa<br \/>a cada proyecto. Nuestro enfoque combina conocimiento t\u00e9cnico y visi\u00f3n creativa para ofrecer s\u00f3lidas<br \/>propuestas, eficientes y de alto valor. Priorizamos el entendimiento mutuo y una asesor\u00eda experta en cada<br \/>etapa, asegurando decisiones acertadas que se traducen en resultados sobresalientes, alineados con las<br \/>expectativas y objetivos de nuestros clientes.<br \/><\/span><\/p>\n<p data-start=\"256\" data-end=\"471\" data-is-last-node=\"\" data-is-only-node=\"\">\u00a0<\/p>\n\n\t\t<\/div>\n\t\t\t\t\n<style>\n#col-445555799 > .col-inner {\n  padding: 0px 0px 0px 0px;\n  margin: 0px 0px 0px 0px;\n}\n@media (min-width:550px) {\n  #col-445555799 > .col-inner {\n    padding: 0px 0px 0px 0px;\n    margin: 20px 0px 0px 160px;\n  }\n}\n<\/style>\n\t<\/div>\n\n\t\n\n\t<div id=\"col-1167730652\" class=\"col medium-6 small-12 large-6\"  >\n\t\t\t\t<div class=\"col-inner text-center\"  >\n\t\t\t\n\t\t\t\n\n\t<div class=\"img has-hover x md-x lg-x y md-y lg-y\" id=\"image_1476838018\">\n\t\t\t\t<div data-parallax-fade=\"true\" data-parallax=\"3\">\t\t\t\t<div class=\"img-inner image-cover dark\" style=\"padding-top:76%;\">\n\t\t\t<img loading=\"lazy\" decoding=\"async\" width=\"1707\" height=\"2560\" src=\"https:\/\/bloqueb.com\/wp-content\/uploads\/2024\/01\/A9A6818-scaled.jpg\" class=\"attachment-original size-original\" alt=\"\" srcset=\"https:\/\/bloqueb.com\/wp-content\/uploads\/2024\/01\/A9A6818-scaled.jpg 1707w, https:\/\/bloqueb.com\/wp-content\/uploads\/2024\/01\/A9A6818-scaled-1020x1530.jpg 1020w, https:\/\/bloqueb.com\/wp-content\/uploads\/2024\/01\/A9A6818-200x300.jpg 200w, https:\/\/bloqueb.com\/wp-content\/uploads\/2024\/01\/A9A6818-683x1024.jpg 683w, https:\/\/bloqueb.com\/wp-content\/uploads\/2024\/01\/A9A6818-768x1152.jpg 768w, https:\/\/bloqueb.com\/wp-content\/uploads\/2024\/01\/A9A6818-1024x1536.jpg 1024w, https:\/\/bloqueb.com\/wp-content\/uploads\/2024\/01\/A9A6818-1365x2048.jpg 1365w\" sizes=\"auto, (max-width: 1707px) 100vw, 1707px\" \/>\t\t\t\t\t\t\n\t\t\t\t\t<\/div>\n\t\t\t\t<\/div>\t\t\t\t\n<style>\n#image_1476838018 {\n  width: 80%;\n}\n<\/style>\n\t<\/div>\n\t\n\n\n\t\t<\/div>\n\t\t\t\t\n<style>\n#col-1167730652 > .col-inner {\n  margin: 5px 0px 0px 0px;\n}\n@media (min-width:550px) {\n  #col-1167730652 > .col-inner {\n    margin: 15px 0px 0px 0px;\n  }\n}\n<\/style>\n\t<\/div>\n\n\t\n\n\n<style>\n#row-1644582116 > .col > .col-inner {\n  padding: 0px 0px 0px 0px;\n}\n@media (min-width:550px) {\n  #row-1644582116 > .col > .col-inner {\n    padding: 13px 0px 25px 0px;\n  }\n}\n<\/style>\n<\/div>\n<span class=\"scroll-to\" data-label=\"Scroll to: #compromiso\" data-bullet=\"true\" data-link=\"#compromiso\" data-title=\"Compromiso\" ><a name=\"compromiso\"><\/a><\/span>\n\n\t<div id=\"text-8966894\" class=\"text\">\n\t\t\n\n<h1>Fase de <span style=\"color: #36a1bf;\">Compromiso<\/span><\/h1>\n\t\t\n<style>\n#text-8966894 {\n  font-size: 1.3rem;\n  text-align: center;\n}\n@media (min-width:850px) {\n  #text-8966894 {\n    font-size: 2.2rem;\n  }\n}\n<\/style>\n\t<\/div>\n\t\n<div class=\"row row-full-width\"  id=\"row-1948004915\">\n\n\n\t<div id=\"col-156568414\" class=\"col medium-6 small-12 large-6\"  >\n\t\t\t\t<div class=\"col-inner text-center\"  >\n\t\t\t\n\t\t\t\n\n\t<div class=\"img has-hover x md-x lg-x y md-y lg-y\" id=\"image_1344125456\">\n\t\t\t\t<div data-parallax-fade=\"true\" data-parallax=\"3\">\t\t\t\t<div class=\"img-inner image-cover dark\" style=\"padding-top:75%;\">\n\t\t\t<img loading=\"lazy\" decoding=\"async\" width=\"2560\" height=\"1707\" src=\"https:\/\/bloqueb.com\/wp-content\/uploads\/2024\/01\/A9A6795-scaled.jpg\" class=\"attachment-original size-original\" alt=\"\" srcset=\"https:\/\/bloqueb.com\/wp-content\/uploads\/2024\/01\/A9A6795-scaled.jpg 2560w, https:\/\/bloqueb.com\/wp-content\/uploads\/2024\/01\/A9A6795-scaled-1020x680.jpg 1020w, https:\/\/bloqueb.com\/wp-content\/uploads\/2024\/01\/A9A6795-300x200.jpg 300w, https:\/\/bloqueb.com\/wp-content\/uploads\/2024\/01\/A9A6795-1024x683.jpg 1024w, https:\/\/bloqueb.com\/wp-content\/uploads\/2024\/01\/A9A6795-768x512.jpg 768w, https:\/\/bloqueb.com\/wp-content\/uploads\/2024\/01\/A9A6795-1536x1024.jpg 1536w, https:\/\/bloqueb.com\/wp-content\/uploads\/2024\/01\/A9A6795-2048x1365.jpg 2048w\" sizes=\"auto, (max-width: 2560px) 100vw, 2560px\" \/>\t\t\t\t\t\t\n\t\t\t\t\t<\/div>\n\t\t\t\t<\/div>\t\t\t\t\n<style>\n#image_1344125456 {\n  width: 70%;\n}\n<\/style>\n\t<\/div>\n\t\n\n\n\t\t<\/div>\n\t\t\t\t\t<\/div>\n\n\t\n\n\t<div id=\"col-1359144239\" class=\"col medium-6 small-12 large-6\"  >\n\t\t\t\t<div class=\"col-inner text-left\"  data-parallax-fade=\"true\" data-parallax=\"3\">\n\t\t\t\n\t\t\t\n\n<h2><span style=\"font-size: 120%;\">Integralidad<\/span><\/h2>\n<p><span style=\"font-size: 120%;\">La entrega y el cierre son momentos definitivos de un trabajo sobresaliente, nos aseguramos de cumplir de manera<br \/>rigurosa con todos los detalles y requisitos pactados para una entrega memorable. La entrega y el cierre representan<br \/>el momento culminante de un trabajo excepcional. Nos aseguramos de cumplir rigurosamente con cada detalle y con<br \/>todos los requisitos acordados, garantizando resultados que reflejan la calidad y el compromiso de nuestro proceso.<br \/>Cuidamos cada aspecto final para ofrecer una entrega impecable, generando una experiencia memorable que supere<br \/>las expectativas y consolide la satisfacci\u00f3n total de nuestros clientes.<\/span><\/p>\n<h2><span style=\"font-size: 120%;\">Cumplimiento<\/span><\/h2>\n<p><span style=\"font-size: 120%;\">Nos comprometemos con los plazos acordados y llevamos a cabo la obra con profesionalismo y precisi\u00f3n. Nuestra<br \/>dedicaci\u00f3n se traduce en resultados tangibles. Nos comprometemos finalmente con el cumplimiento de los plazos<br \/>establecidos, ejecutando cada proyecto con altos est\u00e1ndares de profesionalismo, precisi\u00f3n y organizaci\u00f3n. Planificamos<br \/>cada etapa con detalle para garantizar procesos eficientes y resultados confiables. Nuestra dedicaci\u00f3n y disciplina se<br \/>reflejan en resultados tangibles, donde la calidad, la puntualidad y el cumplimiento se convierten en pilares fundamentales<br \/>de cada obra.<\/span><\/p>\n\n\t\t<\/div>\n\t\t\t\t\n<style>\n#col-1359144239 > .col-inner {\n  margin: -50px 0px 0px 0px;\n}\n@media (min-width:550px) {\n  #col-1359144239 > .col-inner {\n    margin: 10px 0px 0px 0px;\n  }\n}\n<\/style>\n\t<\/div>\n\n\t\n\n\n<style>\n#row-1948004915 > .col > .col-inner {\n  padding: 0px 0px 53px 0px;\n}\n<\/style>\n<\/div>\n\n","protected":false},"excerpt":{"rendered":"","protected":false},"author":2,"featured_media":0,"parent":0,"menu_order":0,"comment_status":"closed","ping_status":"closed","template":"page-transparent-header.php","meta":{"_acf_changed":false,"h5ap_radio_sources":[],"_joinchat":[],"footnotes":""},"class_list":["post-1040","page","type-page","status-publish","hentry"],"acf":[],"_links":{"self":[{"href":"https:\/\/bloqueb.com\/index.php\/wp-json\/wp\/v2\/pages\/1040","targetHints":{"allow":["GET"]}}],"collection":[{"href":"https:\/\/bloqueb.com\/index.php\/wp-json\/wp\/v2\/pages"}],"about":[{"href":"https:\/\/bloqueb.com\/index.php\/wp-json\/wp\/v2\/types\/page"}],"author":[{"embeddable":true,"href":"https:\/\/bloqueb.com\/index.php\/wp-json\/wp\/v2\/users\/2"}],"replies":[{"embeddable":true,"href":"https:\/\/bloqueb.com\/index.php\/wp-json\/wp\/v2\/comments?post=1040"}],"version-history":[{"count":130,"href":"https:\/\/bloqueb.com\/index.php\/wp-json\/wp\/v2\/pages\/1040\/revisions"}],"predecessor-version":[{"id":2163,"href":"https:\/\/bloqueb.com\/index.php\/wp-json\/wp\/v2\/pages\/1040\/revisions\/2163"}],"wp:attachment":[{"href":"https:\/\/bloqueb.com\/index.php\/wp-json\/wp\/v2\/media?parent=1040"}],"curies":[{"name":"wp","href":"https:\/\/api.w.org\/{rel}","templated":true}]}}