{"id":1042,"date":"2024-03-04T05:04:01","date_gmt":"2024-03-04T04:04:01","guid":{"rendered":"http:\/\/bloqueb.com\/?page_id=1042"},"modified":"2026-02-27T17:03:08","modified_gmt":"2026-02-27T22:03:08","slug":"lo-que-hacemos","status":"publish","type":"page","link":"https:\/\/bloqueb.com\/index.php\/lo-que-hacemos\/","title":{"rendered":"Lo que Hacemos"},"content":{"rendered":"\n<div class=\"slider-wrapper relative\" id=\"slider-465238189\" >\n    <div class=\"slider slider-nav-dots-simple slider-nav-simple slider-nav-normal slider-nav-light slider-style-normal slider-show-nav\"\n        data-flickity-options='{\n            \"cellAlign\": \"center\",\n            \"imagesLoaded\": true,\n            \"lazyLoad\": 1,\n            \"freeScroll\": false,\n            \"wrapAround\": true,\n            \"autoPlay\": 3000,\n            \"pauseAutoPlayOnHover\" : false,\n            \"prevNextButtons\": true,\n            \"contain\" : true,\n            \"adaptiveHeight\" : true,\n            \"dragThreshold\" : 10,\n            \"percentPosition\": true,\n            \"pageDots\": true,\n            \"rightToLeft\": false,\n            \"draggable\": true,\n            \"selectedAttraction\": 0.1,\n            \"parallax\" : 0,\n            \"friction\": 0.6        }'\n        >\n        \n\n\n\t<section class=\"section\" id=\"section_2139585815\">\n\t\t<div class=\"section-bg fill\" >\n\t\t\t<img loading=\"lazy\" decoding=\"async\" width=\"1897\" height=\"1273\" src=\"https:\/\/bloqueb.com\/wp-content\/uploads\/2024\/01\/03-13.jpg\" class=\"bg\" alt=\"\" srcset=\"https:\/\/bloqueb.com\/wp-content\/uploads\/2024\/01\/03-13.jpg 1897w, https:\/\/bloqueb.com\/wp-content\/uploads\/2024\/01\/03-13-1020x684.jpg 1020w, https:\/\/bloqueb.com\/wp-content\/uploads\/2024\/01\/03-13-300x201.jpg 300w, https:\/\/bloqueb.com\/wp-content\/uploads\/2024\/01\/03-13-1024x687.jpg 1024w, https:\/\/bloqueb.com\/wp-content\/uploads\/2024\/01\/03-13-768x515.jpg 768w, https:\/\/bloqueb.com\/wp-content\/uploads\/2024\/01\/03-13-1536x1031.jpg 1536w\" sizes=\"auto, (max-width: 1897px) 100vw, 1897px\" \/>\n\t\t\t\n\t\t\t<div class=\"section-bg-overlay absolute fill\"><\/div>\n\t\t\t\n\n\t\t<\/div>\n\n\t\t\n\n\t\t<div class=\"section-content relative\">\n\t\t\t\n\n<div class=\"row align-center\"  id=\"row-1487645904\">\n\n\n\t<div id=\"col-533478896\" class=\"col medium-6 small-12 large-6\"  >\n\t\t\t\t<div class=\"col-inner text-center dark\"  >\n\t\t\t\n\t\t\t\n\n\t<div id=\"text-448115385\" class=\"text\">\n\t\t\n\n<h3 class=\"uppercase\"><span style=\"font-size: 150%;\">lo que <span style=\"color: #479fbf;\">hacemos<\/span><\/span><\/h3>\n\t\t\n<style>\n#text-448115385 {\n  font-size: 1.75rem;\n}\n<\/style>\n\t<\/div>\n\t\n<a class=\"button white is-underline\"  >\n\t\t<span>Desliza hacia abajo<\/span>\n\t<\/a>\n\n\n\n\t\t<\/div>\n\t\t\t\t\n<style>\n#col-533478896 > .col-inner {\n  padding: 200px 0px 0px 0px;\n}\n@media (min-width:550px) {\n  #col-533478896 > .col-inner {\n    padding: 400px 0px 0px 0px;\n  }\n}\n@media (min-width:850px) {\n  #col-533478896 > .col-inner {\n    padding: 600px 0px 50px 0px;\n  }\n}\n<\/style>\n\t<\/div>\n\n\t\n\n<\/div>\n\n\t\t<\/div>\n\n\t\t\n<style>\n#section_2139585815 {\n  padding-top: 30px;\n  padding-bottom: 30px;\n}\n#section_2139585815 .section-bg-overlay {\n  background-color: rgba(0, 0, 0, 0.18);\n}\n<\/style>\n\t<\/section>\n\t\n\n     <\/div>\n\n     <div class=\"loading-spin dark large centered\"><\/div>\n\n\t<\/div>\n\n\n<div class=\"accordion\">\n\n\t<div id=\"accordion-459428311\" class=\"accordion-item\">\n\t\t<a id=\"accordion-459428311-label\" class=\"accordion-title plain\" href=\"#accordion-item-sector-corporativo\" aria-expanded=\"false\" aria-controls=\"accordion-459428311-content\" >\n\t\t\t<button class=\"toggle\" aria-label=\"Toggle\"><i class=\"icon-angle-down\"><\/i><\/button>\n\t\t\t<span>Sector Corporativo<\/span>\n\t\t<\/a>\n\t\t<div id=\"accordion-459428311-content\" class=\"accordion-inner\" aria-labelledby=\"accordion-459428311-label\" >\n\t\t\t\n\n\n\t<section class=\"section\" id=\"section_1414240387\">\n\t\t<div class=\"section-bg fill\" >\n\t\t\t\n\t\t\t\n\t\t\t\n\t\t\t\n\n\t\t<\/div>\n\n\t\t\n\n\t\t<div class=\"section-content relative\">\n\t\t\t\n\n<div class=\"row align-center\"  id=\"row-476988495\">\n\n\n\t<div id=\"col-1568740556\" class=\"col medium-10 small-12 large-8\"  >\n\t\t\t\t<div class=\"col-inner text-center\"  >\n\t\t\t\n\t\t\t\n\n\t<div id=\"gap-1872813088\" class=\"gap-element clearfix\" style=\"display:block; height:auto;\">\n\t\t\n<style>\n#gap-1872813088 {\n  padding-top: 30px;\n}\n@media (min-width:550px) {\n  #gap-1872813088 {\n    padding-top: 80px;\n  }\n}\n<\/style>\n\t<\/div>\n\t\n\n<h1><strong><span style=\"font-size: 150%;\">Sector <span style=\"color: #479fbf;\">Corporativo<\/span><\/span><\/strong><\/h1>\n<p>Son proyectos que buscan mejoras en el dise\u00f1o, distribuci\u00f3n y\/o aspectos f\u00edsicos de un entorno empresarial con el \u00e1nimo de potenciar la eficiencia, crear un ambiente m\u00e1s funcional y atractivo, para fomentar una mayor productividad y bienestar a las personas.<\/p>\n\n\t\t<\/div>\n\t\t\t\t\t<\/div>\n\n\t\n\n<\/div>\n\n\t\t<\/div>\n\n\t\t\n<style>\n#section_1414240387 {\n  padding-top: 30px;\n  padding-bottom: 30px;\n}\n<\/style>\n\t<\/section>\n\t\n\n\t<section class=\"section\" id=\"section_1930645226\">\n\t\t<div class=\"section-bg fill\" >\n\t\t\t\n\t\t\t\n\t\t\t\n\t\t\t\n\n\t\t<\/div>\n\n\t\t\n\n\t\t<div class=\"section-content relative\">\n\t\t\t\n\n<div class=\"row row-small align-center\"  id=\"row-1976021520\">\n\n\n\t<div id=\"col-1725496364\" class=\"col small-12 large-12\"  >\n\t\t\t\t<div class=\"col-inner\"  >\n\t\t\t\n\t\t\t\n\n\t<div class=\"box has-hover   has-hover box-overlay dark box-text-bottom\" >\n\n\t\t<div class=\"box-image\" >\n\t\t\t\t\t\t<div class=\"\" >\n\t\t\t\t<img loading=\"lazy\" decoding=\"async\" width=\"1917\" height=\"1278\" src=\"https:\/\/bloqueb.com\/wp-content\/uploads\/2024\/01\/04-14.jpg\" class=\"attachment- size-\" alt=\"\" srcset=\"https:\/\/bloqueb.com\/wp-content\/uploads\/2024\/01\/04-14.jpg 1917w, https:\/\/bloqueb.com\/wp-content\/uploads\/2024\/01\/04-14-1020x680.jpg 1020w, https:\/\/bloqueb.com\/wp-content\/uploads\/2024\/01\/04-14-300x200.jpg 300w, https:\/\/bloqueb.com\/wp-content\/uploads\/2024\/01\/04-14-1024x683.jpg 1024w, https:\/\/bloqueb.com\/wp-content\/uploads\/2024\/01\/04-14-768x512.jpg 768w, https:\/\/bloqueb.com\/wp-content\/uploads\/2024\/01\/04-14-1536x1024.jpg 1536w\" sizes=\"auto, (max-width: 1917px) 100vw, 1917px\" \/>\t\t\t\t<div class=\"overlay\" style=\"background-color:rgba(0, 0, 0, 0.12)\"><\/div>\t\t\t\t\t\t\t<\/div>\n\t\t\t\t\t<\/div>\n\n\t\t<div class=\"box-text text-left\" style=\"padding:0px 0px 30px 30px;\">\n\t\t\t<div class=\"box-text-inner\">\n\t\t\t\t\n\n<h4 class=\"uppercase\"><span style=\"font-size: 130%;\">sala de juntas<\/span><\/h4>\n<p>Oficinas Konrad Adeanuer Stiftung<\/p>\n\n\t\t\t<\/div>\n\t\t<\/div>\n\t<\/div>\n\t\n\n\t\t<\/div>\n\t\t\t\t\t<\/div>\n\n\t\n\n\t<div id=\"col-1163940666\" class=\"col medium-6 small-12 large-6\"  >\n\t\t\t\t<div class=\"col-inner\"  >\n\t\t\t\n\t\t\t\n\n\t<div class=\"box has-hover   has-hover box-overlay dark box-text-bottom\" >\n\n\t\t<div class=\"box-image\" >\n\t\t\t\t\t\t<div class=\"image-cover\" style=\"padding-top:67%;\">\n\t\t\t\t<img loading=\"lazy\" decoding=\"async\" width=\"1333\" height=\"2000\" src=\"https:\/\/bloqueb.com\/wp-content\/uploads\/2024\/01\/13-1.jpg\" class=\"attachment- size-\" alt=\"\" srcset=\"https:\/\/bloqueb.com\/wp-content\/uploads\/2024\/01\/13-1.jpg 1333w, https:\/\/bloqueb.com\/wp-content\/uploads\/2024\/01\/13-1-1020x1530.jpg 1020w, https:\/\/bloqueb.com\/wp-content\/uploads\/2024\/01\/13-1-200x300.jpg 200w, https:\/\/bloqueb.com\/wp-content\/uploads\/2024\/01\/13-1-682x1024.jpg 682w, https:\/\/bloqueb.com\/wp-content\/uploads\/2024\/01\/13-1-768x1152.jpg 768w, https:\/\/bloqueb.com\/wp-content\/uploads\/2024\/01\/13-1-1024x1536.jpg 1024w\" sizes=\"auto, (max-width: 1333px) 100vw, 1333px\" \/>\t\t\t\t<div class=\"overlay\" style=\"background-color:rgba(0, 0, 0, 0.17)\"><\/div>\t\t\t\t\t\t\t<\/div>\n\t\t\t\t\t<\/div>\n\n\t\t<div class=\"box-text text-left\" style=\"padding:0px 0px 30px 30px;\">\n\t\t\t<div class=\"box-text-inner\">\n\t\t\t\t\n\n<h4 class=\"uppercase\"><span style=\"font-size: 130%;\">Recepci\u00f3n<\/span><\/h4>\n<p>Oficinas Advent International\u00a0<\/p>\n\n\t\t\t<\/div>\n\t\t<\/div>\n\t<\/div>\n\t\n\n\t\t<\/div>\n\t\t\t\t\t<\/div>\n\n\t\n\n\t<div id=\"col-786353724\" class=\"col medium-6 small-12 large-6\"  >\n\t\t\t\t<div class=\"col-inner\"  >\n\t\t\t\n\t\t\t\n\n\t<div class=\"box has-hover   has-hover box-overlay dark box-text-bottom\" >\n\n\t\t<div class=\"box-image\" >\n\t\t\t\t\t\t<div class=\"image-cover\" style=\"padding-top:67%;\">\n\t\t\t\t<img loading=\"lazy\" decoding=\"async\" width=\"2560\" height=\"1707\" src=\"https:\/\/bloqueb.com\/wp-content\/uploads\/2026\/02\/B-09-2-scaled.jpg\" class=\"attachment- size-\" alt=\"\" srcset=\"https:\/\/bloqueb.com\/wp-content\/uploads\/2026\/02\/B-09-2-scaled.jpg 2560w, https:\/\/bloqueb.com\/wp-content\/uploads\/2026\/02\/B-09-2-300x200.jpg 300w, https:\/\/bloqueb.com\/wp-content\/uploads\/2026\/02\/B-09-2-1024x683.jpg 1024w, https:\/\/bloqueb.com\/wp-content\/uploads\/2026\/02\/B-09-2-768x512.jpg 768w, https:\/\/bloqueb.com\/wp-content\/uploads\/2026\/02\/B-09-2-1536x1024.jpg 1536w, https:\/\/bloqueb.com\/wp-content\/uploads\/2026\/02\/B-09-2-2048x1365.jpg 2048w, https:\/\/bloqueb.com\/wp-content\/uploads\/2026\/02\/B-09-2-1020x680.jpg 1020w\" sizes=\"auto, (max-width: 2560px) 100vw, 2560px\" \/>\t\t\t\t<div class=\"overlay\" style=\"background-color:rgba(0, 0, 0, 0.17)\"><\/div>\t\t\t\t\t\t\t<\/div>\n\t\t\t\t\t<\/div>\n\n\t\t<div class=\"box-text text-left\" style=\"padding:0px 0px 30px 30px;\">\n\t\t\t<div class=\"box-text-inner\">\n\t\t\t\t\n\n<h4 class=\"uppercase\"><span style=\"font-size: 130%;\">COMEDOR<\/span><\/h4>\n<p>Terraza Comedor HDI Seguros<\/p>\n\n\t\t\t<\/div>\n\t\t<\/div>\n\t<\/div>\n\t\n\n\t\t<\/div>\n\t\t\t\t\t<\/div>\n\n\t\n\n<\/div>\n<div class=\"row align-center\"  id=\"row-1987191207\">\n\n\n\t<div id=\"col-1227341310\" class=\"col small-12 large-12\"  >\n\t\t\t\t<div class=\"col-inner text-center\"  >\n\t\t\t\n\t\t\t\n\n<a href=\"https:\/\/bloqueb.com\/index.php\/categoria-producto\/oficinas\/\" class=\"button primary is-link\"  >\n\t\t<span>Ver m\u00e1s<\/span>\n\t<i class=\"icon-angle-right\" aria-hidden=\"true\" ><\/i><\/a>\n\n\n\n\t\t<\/div>\n\t\t\t\t\n<style>\n#col-1227341310 > .col-inner {\n  padding: 20px 0px 0px 0px;\n}\n<\/style>\n\t<\/div>\n\n\t\n\n<\/div>\n\n\t\t<\/div>\n\n\t\t\n<style>\n#section_1930645226 {\n  padding-top: 30px;\n  padding-bottom: 30px;\n}\n<\/style>\n\t<\/section>\n\t\n\n\t\t<\/div>\n\t<\/div>\n\t\n\t<div id=\"accordion-2255940649\" class=\"accordion-item\">\n\t\t<a id=\"accordion-2255940649-label\" class=\"accordion-title plain\" href=\"#accordion-item-sector-residencial\" aria-expanded=\"false\" aria-controls=\"accordion-2255940649-content\" >\n\t\t\t<button class=\"toggle\" aria-label=\"Toggle\"><i class=\"icon-angle-down\"><\/i><\/button>\n\t\t\t<span>Sector Residencial<\/span>\n\t\t<\/a>\n\t\t<div id=\"accordion-2255940649-content\" class=\"accordion-inner\" aria-labelledby=\"accordion-2255940649-label\" >\n\t\t\t\n\n\n\t<section class=\"section\" id=\"section_1995675663\">\n\t\t<div class=\"section-bg fill\" >\n\t\t\t\n\t\t\t\n\t\t\t\n\t\t\t\n\n\t\t<\/div>\n\n\t\t\n\n\t\t<div class=\"section-content relative\">\n\t\t\t\n\n<div class=\"row align-center\"  id=\"row-861182970\">\n\n\n\t<div id=\"col-1839311045\" class=\"col medium-10 small-12 large-8\"  >\n\t\t\t\t<div class=\"col-inner text-center\"  >\n\t\t\t\n\t\t\t\n\n\t<div id=\"gap-1640339783\" class=\"gap-element clearfix\" style=\"display:block; height:auto;\">\n\t\t\n<style>\n#gap-1640339783 {\n  padding-top: 30px;\n}\n@media (min-width:550px) {\n  #gap-1640339783 {\n    padding-top: 80px;\n  }\n}\n<\/style>\n\t<\/div>\n\t\n\n<h1><strong><span style=\"font-size: 150%;\">Sector <span style=\"color: #479fbf;\">Residencial<\/span><\/span><\/strong><\/h1>\n<p>Los proyectos residenciales son un plan detallado que busca dise\u00f1ar, construir o intervenir una vivienda, conjugando dise\u00f1o arquitect\u00f3nico, materiales a utilizar, especificaciones t\u00e9cnicas as\u00ed como c\u00e1lculos estructurales e ingenier\u00edas para responder a las necesidades del cliente.<\/p>\n\n\t\t<\/div>\n\t\t\t\t\t<\/div>\n\n\t\n\n<\/div>\n\n\t\t<\/div>\n\n\t\t\n<style>\n#section_1995675663 {\n  padding-top: 30px;\n  padding-bottom: 30px;\n}\n<\/style>\n\t<\/section>\n\t\n\n\t<section class=\"section\" id=\"section_836702974\">\n\t\t<div class=\"section-bg fill\" >\n\t\t\t\n\t\t\t\n\t\t\t\n\t\t\t\n\n\t\t<\/div>\n\n\t\t\n\n\t\t<div class=\"section-content relative\">\n\t\t\t\n\n<div class=\"row row-small align-center\"  id=\"row-1624176242\">\n\n\n\t<div id=\"col-1218442697\" class=\"col small-12 large-12\"  >\n\t\t\t\t<div class=\"col-inner\"  >\n\t\t\t\n\t\t\t\n\n\t<div class=\"box has-hover   has-hover box-overlay dark box-text-bottom\" >\n\n\t\t<div class=\"box-image\" >\n\t\t\t\t\t\t<div class=\"image-cover\" style=\"padding-top:58%;\">\n\t\t\t\t<img loading=\"lazy\" decoding=\"async\" width=\"1477\" height=\"984\" src=\"https:\/\/bloqueb.com\/wp-content\/uploads\/2024\/01\/B-26-2.jpg\" class=\"attachment- size-\" alt=\"\" srcset=\"https:\/\/bloqueb.com\/wp-content\/uploads\/2024\/01\/B-26-2.jpg 1477w, https:\/\/bloqueb.com\/wp-content\/uploads\/2024\/01\/B-26-2-1020x680.jpg 1020w, https:\/\/bloqueb.com\/wp-content\/uploads\/2024\/01\/B-26-2-300x200.jpg 300w, https:\/\/bloqueb.com\/wp-content\/uploads\/2024\/01\/B-26-2-1024x682.jpg 1024w, https:\/\/bloqueb.com\/wp-content\/uploads\/2024\/01\/B-26-2-768x512.jpg 768w\" sizes=\"auto, (max-width: 1477px) 100vw, 1477px\" \/>\t\t\t\t<div class=\"overlay\" style=\"background-color:rgba(0, 0, 0, 0.12)\"><\/div>\t\t\t\t\t\t\t<\/div>\n\t\t\t\t\t<\/div>\n\n\t\t<div class=\"box-text text-left\" style=\"padding:0px 0px 30px 30px;\">\n\t\t\t<div class=\"box-text-inner\">\n\t\t\t\t\n\n<h4 class=\"uppercase\"><span style=\"font-size: 130%;\">comedor &#8211; sala de estar<\/span><\/h4>\n<p>Casa Bosque Medina<\/p>\n\n\t\t\t<\/div>\n\t\t<\/div>\n\t<\/div>\n\t\n\n\t\t<\/div>\n\t\t\t\t\t<\/div>\n\n\t\n\n\t<div id=\"col-706222983\" class=\"col medium-6 small-12 large-6\"  >\n\t\t\t\t<div class=\"col-inner\"  >\n\t\t\t\n\t\t\t\n\n\t<div class=\"box has-hover   has-hover box-overlay dark box-text-bottom\" >\n\n\t\t<div class=\"box-image\" >\n\t\t\t\t\t\t<div class=\"image-cover\" style=\"padding-top:67%;\">\n\t\t\t\t<img loading=\"lazy\" decoding=\"async\" width=\"1280\" height=\"1920\" src=\"https:\/\/bloqueb.com\/wp-content\/uploads\/2026\/02\/B-15-4.jpg\" class=\"attachment- size-\" alt=\"\" srcset=\"https:\/\/bloqueb.com\/wp-content\/uploads\/2026\/02\/B-15-4.jpg 1280w, https:\/\/bloqueb.com\/wp-content\/uploads\/2026\/02\/B-15-4-200x300.jpg 200w, https:\/\/bloqueb.com\/wp-content\/uploads\/2026\/02\/B-15-4-683x1024.jpg 683w, https:\/\/bloqueb.com\/wp-content\/uploads\/2026\/02\/B-15-4-768x1152.jpg 768w, https:\/\/bloqueb.com\/wp-content\/uploads\/2026\/02\/B-15-4-1024x1536.jpg 1024w, https:\/\/bloqueb.com\/wp-content\/uploads\/2026\/02\/B-15-4-1020x1530.jpg 1020w\" sizes=\"auto, (max-width: 1280px) 100vw, 1280px\" \/>\t\t\t\t<div class=\"overlay\" style=\"background-color:rgba(0, 0, 0, 0.17)\"><\/div>\t\t\t\t\t\t\t<\/div>\n\t\t\t\t\t<\/div>\n\n\t\t<div class=\"box-text text-left\" style=\"padding:0px 0px 30px 30px;\">\n\t\t\t<div class=\"box-text-inner\">\n\t\t\t\t\n\n<h4 class=\"uppercase\"><span style=\"font-size: 130%;\">SALA DE TV<\/span><\/h4>\n<p>Casa Macadamia<\/p>\n\n\t\t\t<\/div>\n\t\t<\/div>\n\t<\/div>\n\t\n\n\t\t<\/div>\n\t\t\t\t\t<\/div>\n\n\t\n\n\t<div id=\"col-1030618061\" class=\"col medium-6 small-12 large-6\"  >\n\t\t\t\t<div class=\"col-inner\"  >\n\t\t\t\n\t\t\t\n\n\t<div class=\"box has-hover   has-hover box-overlay dark box-text-bottom\" >\n\n\t\t<div class=\"box-image\" >\n\t\t\t\t\t\t<div class=\"image-cover\" style=\"padding-top:67%;\">\n\t\t\t\t<img loading=\"lazy\" decoding=\"async\" width=\"1707\" height=\"2560\" src=\"https:\/\/bloqueb.com\/wp-content\/uploads\/2024\/01\/lf-130-10-1-scaled.jpg\" class=\"attachment- size-\" alt=\"\" srcset=\"https:\/\/bloqueb.com\/wp-content\/uploads\/2024\/01\/lf-130-10-1-scaled.jpg 1707w, https:\/\/bloqueb.com\/wp-content\/uploads\/2024\/01\/lf-130-10-1-scaled-1020x1530.jpg 1020w, https:\/\/bloqueb.com\/wp-content\/uploads\/2024\/01\/lf-130-10-1-200x300.jpg 200w, https:\/\/bloqueb.com\/wp-content\/uploads\/2024\/01\/lf-130-10-1-683x1024.jpg 683w, https:\/\/bloqueb.com\/wp-content\/uploads\/2024\/01\/lf-130-10-1-768x1152.jpg 768w, https:\/\/bloqueb.com\/wp-content\/uploads\/2024\/01\/lf-130-10-1-1024x1536.jpg 1024w, https:\/\/bloqueb.com\/wp-content\/uploads\/2024\/01\/lf-130-10-1-1365x2048.jpg 1365w\" sizes=\"auto, (max-width: 1707px) 100vw, 1707px\" \/>\t\t\t\t<div class=\"overlay\" style=\"background-color:rgba(0, 0, 0, 0.17)\"><\/div>\t\t\t\t\t\t\t<\/div>\n\t\t\t\t\t<\/div>\n\n\t\t<div class=\"box-text text-left\" style=\"padding:0px 0px 30px 30px;\">\n\t\t\t<div class=\"box-text-inner\">\n\t\t\t\t\n\n<h4 class=\"uppercase\"><span style=\"font-size: 130%;\">SALA DE ESTAR<\/span><\/h4>\n<p>Apartamento 74<\/p>\n\n\t\t\t<\/div>\n\t\t<\/div>\n\t<\/div>\n\t\n\n\t\t<\/div>\n\t\t\t\t\t<\/div>\n\n\t\n\n<\/div>\n<div class=\"row align-center\"  id=\"row-571205137\">\n\n\n\t<div id=\"col-1412674016\" class=\"col small-12 large-12\"  >\n\t\t\t\t<div class=\"col-inner text-center\"  >\n\t\t\t\n\t\t\t\n\n<a href=\"https:\/\/bloqueb.com\/index.php\/categoria-producto\/residencial\/\" class=\"button primary is-link\"  >\n\t\t<span>Ver m\u00e1s<\/span>\n\t<i class=\"icon-angle-right\" aria-hidden=\"true\" ><\/i><\/a>\n\n\n\n\t\t<\/div>\n\t\t\t\t\n<style>\n#col-1412674016 > .col-inner {\n  padding: 20px 0px 0px 0px;\n}\n<\/style>\n\t<\/div>\n\n\t\n\n<\/div>\n\n\t\t<\/div>\n\n\t\t\n<style>\n#section_836702974 {\n  padding-top: 30px;\n  padding-bottom: 30px;\n}\n<\/style>\n\t<\/section>\n\t\n\n\t\t<\/div>\n\t<\/div>\n\t\n\t<div id=\"accordion-1583675391\" class=\"accordion-item\">\n\t\t<a id=\"accordion-1583675391-label\" class=\"accordion-title plain\" href=\"#accordion-item-sector-comercial\" aria-expanded=\"false\" aria-controls=\"accordion-1583675391-content\" >\n\t\t\t<button class=\"toggle\" aria-label=\"Toggle\"><i class=\"icon-angle-down\"><\/i><\/button>\n\t\t\t<span>Sector Comercial<\/span>\n\t\t<\/a>\n\t\t<div id=\"accordion-1583675391-content\" class=\"accordion-inner\" aria-labelledby=\"accordion-1583675391-label\" >\n\t\t\t\n\n\n\t<section class=\"section\" id=\"section_1784293776\">\n\t\t<div class=\"section-bg fill\" >\n\t\t\t\n\t\t\t\n\t\t\t\n\t\t\t\n\n\t\t<\/div>\n\n\t\t\n\n\t\t<div class=\"section-content relative\">\n\t\t\t\n\n<div class=\"row align-center\"  id=\"row-565075542\">\n\n\n\t<div id=\"col-1498478118\" class=\"col medium-10 small-12 large-8\"  >\n\t\t\t\t<div class=\"col-inner text-center\"  >\n\t\t\t\n\t\t\t\n\n\t<div id=\"gap-557639236\" class=\"gap-element clearfix\" style=\"display:block; height:auto;\">\n\t\t\n<style>\n#gap-557639236 {\n  padding-top: 30px;\n}\n@media (min-width:550px) {\n  #gap-557639236 {\n    padding-top: 80px;\n  }\n}\n<\/style>\n\t<\/div>\n\t\n\n<h1><strong><span style=\"font-size: 150%;\">Sector <span style=\"color: #479fbf;\">Comercial<\/span><\/span><\/strong><\/h1>\n<p>Son proyectos que buscan la representaci\u00f3n espacial de una marca determinada, donde el espacio debe transmitir los valores, la esencia y la definici\u00f3n de una raz\u00f3n social.<\/p>\n<p>La Arquitectura y la marca deben trabajar como simbiosis para que el espacio hable y transmita un mensaje.<\/p>\n\n\t\t<\/div>\n\t\t\t\t\t<\/div>\n\n\t\n\n<\/div>\n\n\t\t<\/div>\n\n\t\t\n<style>\n#section_1784293776 {\n  padding-top: 30px;\n  padding-bottom: 30px;\n}\n<\/style>\n\t<\/section>\n\t\n\n\t<section class=\"section\" id=\"section_1712351553\">\n\t\t<div class=\"section-bg fill\" >\n\t\t\t\n\t\t\t\n\t\t\t\n\t\t\t\n\n\t\t<\/div>\n\n\t\t\n\n\t\t<div class=\"section-content relative\">\n\t\t\t\n\n<div class=\"row row-small align-center\"  id=\"row-1489935293\">\n\n\n\t<div id=\"col-2119762493\" class=\"col small-12 large-12\"  >\n\t\t\t\t<div class=\"col-inner\"  >\n\t\t\t\n\t\t\t\n\n\t<div class=\"box has-hover   has-hover box-overlay dark box-text-bottom\" >\n\n\t\t<div class=\"box-image\" >\n\t\t\t\t\t\t<div class=\"image-cover\" style=\"padding-top:58%;\">\n\t\t\t\t<img loading=\"lazy\" decoding=\"async\" width=\"1536\" height=\"1024\" src=\"https:\/\/bloqueb.com\/wp-content\/uploads\/2024\/01\/5Q8A2186-copia-1.jpg\" class=\"attachment- size-\" alt=\"\" srcset=\"https:\/\/bloqueb.com\/wp-content\/uploads\/2024\/01\/5Q8A2186-copia-1.jpg 1536w, https:\/\/bloqueb.com\/wp-content\/uploads\/2024\/01\/5Q8A2186-copia-1-1020x680.jpg 1020w, https:\/\/bloqueb.com\/wp-content\/uploads\/2024\/01\/5Q8A2186-copia-1-300x200.jpg 300w, https:\/\/bloqueb.com\/wp-content\/uploads\/2024\/01\/5Q8A2186-copia-1-1024x683.jpg 1024w, https:\/\/bloqueb.com\/wp-content\/uploads\/2024\/01\/5Q8A2186-copia-1-768x512.jpg 768w\" sizes=\"auto, (max-width: 1536px) 100vw, 1536px\" \/>\t\t\t\t<div class=\"overlay\" style=\"background-color:rgba(0, 0, 0, 0.12)\"><\/div>\t\t\t\t\t\t\t<\/div>\n\t\t\t\t\t<\/div>\n\n\t\t<div class=\"box-text text-left\" style=\"padding:0px 0px 30px 30px;\">\n\t\t\t<div class=\"box-text-inner\">\n\t\t\t\t\n\n<h4 class=\"uppercase\"><span style=\"font-size: 130%;\">comercio<\/span><\/h4>\n<p>Panader\u00eda Panettiere<\/p>\n\n\t\t\t<\/div>\n\t\t<\/div>\n\t<\/div>\n\t\n\n\t\t<\/div>\n\t\t\t\t\t<\/div>\n\n\t\n\n\t<div id=\"col-572870309\" class=\"col medium-6 small-12 large-6\"  >\n\t\t\t\t<div class=\"col-inner\"  >\n\t\t\t\n\t\t\t\n\n\t<div class=\"box has-hover   has-hover box-overlay dark box-text-bottom\" >\n\n\t\t<div class=\"box-image\" >\n\t\t\t\t\t\t<div class=\"image-cover\" style=\"padding-top:67%;\">\n\t\t\t\t<img loading=\"lazy\" decoding=\"async\" width=\"2000\" height=\"1333\" src=\"https:\/\/bloqueb.com\/wp-content\/uploads\/2024\/01\/07-13.jpg\" class=\"attachment- size-\" alt=\"\" srcset=\"https:\/\/bloqueb.com\/wp-content\/uploads\/2024\/01\/07-13.jpg 2000w, https:\/\/bloqueb.com\/wp-content\/uploads\/2024\/01\/07-13-1020x680.jpg 1020w, https:\/\/bloqueb.com\/wp-content\/uploads\/2024\/01\/07-13-300x200.jpg 300w, https:\/\/bloqueb.com\/wp-content\/uploads\/2024\/01\/07-13-1024x682.jpg 1024w, https:\/\/bloqueb.com\/wp-content\/uploads\/2024\/01\/07-13-768x512.jpg 768w, https:\/\/bloqueb.com\/wp-content\/uploads\/2024\/01\/07-13-1536x1024.jpg 1536w\" sizes=\"auto, (max-width: 2000px) 100vw, 2000px\" \/>\t\t\t\t<div class=\"overlay\" style=\"background-color:rgba(0, 0, 0, 0.17)\"><\/div>\t\t\t\t\t\t\t<\/div>\n\t\t\t\t\t<\/div>\n\n\t\t<div class=\"box-text text-left\" style=\"padding:0px 0px 30px 30px;\">\n\t\t\t<div class=\"box-text-inner\">\n\t\t\t\t\n\n<h4 class=\"uppercase\"><span style=\"font-size: 130%;\">Casino centro comercial<\/span><\/h4>\n<p>Casino New York &#8211; CC Mall Plaza\u00a0<\/p>\n\n\t\t\t<\/div>\n\t\t<\/div>\n\t<\/div>\n\t\n\n\t\t<\/div>\n\t\t\t\t\t<\/div>\n\n\t\n\n\t<div id=\"col-479220615\" class=\"col medium-6 small-12 large-6\"  >\n\t\t\t\t<div class=\"col-inner\"  >\n\t\t\t\n\t\t\t\n\n\t<div class=\"box has-hover   has-hover box-overlay dark box-text-bottom\" >\n\n\t\t<div class=\"box-image\" >\n\t\t\t\t\t\t<div class=\"image-cover\" style=\"padding-top:67%;\">\n\t\t\t\t<img loading=\"lazy\" decoding=\"async\" width=\"2000\" height=\"1333\" src=\"https:\/\/bloqueb.com\/wp-content\/uploads\/2024\/01\/09-12.jpg\" class=\"attachment- size-\" alt=\"\" srcset=\"https:\/\/bloqueb.com\/wp-content\/uploads\/2024\/01\/09-12.jpg 2000w, https:\/\/bloqueb.com\/wp-content\/uploads\/2024\/01\/09-12-1020x680.jpg 1020w, https:\/\/bloqueb.com\/wp-content\/uploads\/2024\/01\/09-12-300x200.jpg 300w, https:\/\/bloqueb.com\/wp-content\/uploads\/2024\/01\/09-12-1024x682.jpg 1024w, https:\/\/bloqueb.com\/wp-content\/uploads\/2024\/01\/09-12-768x512.jpg 768w, https:\/\/bloqueb.com\/wp-content\/uploads\/2024\/01\/09-12-1536x1024.jpg 1536w\" sizes=\"auto, (max-width: 2000px) 100vw, 2000px\" \/>\t\t\t\t<div class=\"overlay\" style=\"background-color:rgba(0, 0, 0, 0.17)\"><\/div>\t\t\t\t\t\t\t<\/div>\n\t\t\t\t\t<\/div>\n\n\t\t<div class=\"box-text text-left\" style=\"padding:0px 0px 30px 30px;\">\n\t\t\t<div class=\"box-text-inner\">\n\t\t\t\t\n\n<h4 class=\"uppercase\"><span style=\"font-size: 130%;\">Casino centro comercial<\/span><\/h4>\n<p>Casino New York &#8211; CC El Eden<\/p>\n\n\t\t\t<\/div>\n\t\t<\/div>\n\t<\/div>\n\t\n\n\t\t<\/div>\n\t\t\t\t\t<\/div>\n\n\t\n\n<\/div>\n<div class=\"row align-center\"  id=\"row-1532939901\">\n\n\n\t<div id=\"col-1210736327\" class=\"col small-12 large-12\"  >\n\t\t\t\t<div class=\"col-inner text-center\"  >\n\t\t\t\n\t\t\t\n\n<a href=\"https:\/\/bloqueb.com\/index.php\/categoria-producto\/locales-comerciales\/\" class=\"button primary is-link\"  >\n\t\t<span>Verm\u00e1s<\/span>\n\t<i class=\"icon-angle-right\" aria-hidden=\"true\" ><\/i><\/a>\n\n\n\n\t\t<\/div>\n\t\t\t\t\n<style>\n#col-1210736327 > .col-inner {\n  padding: 20px 0px 0px 0px;\n}\n<\/style>\n\t<\/div>\n\n\t\n\n<\/div>\n\n\t\t<\/div>\n\n\t\t\n<style>\n#section_1712351553 {\n  padding-top: 30px;\n  padding-bottom: 30px;\n}\n<\/style>\n\t<\/section>\n\t\n\n\t\t<\/div>\n\t<\/div>\n\t\n\n<\/div>\n\n","protected":false},"excerpt":{"rendered":"","protected":false},"author":2,"featured_media":0,"parent":0,"menu_order":0,"comment_status":"closed","ping_status":"closed","template":"page-transparent-header-light.php","meta":{"_acf_changed":false,"h5ap_radio_sources":[],"_joinchat":[],"footnotes":""},"class_list":["post-1042","page","type-page","status-publish","hentry"],"acf":[],"_links":{"self":[{"href":"https:\/\/bloqueb.com\/index.php\/wp-json\/wp\/v2\/pages\/1042","targetHints":{"allow":["GET"]}}],"collection":[{"href":"https:\/\/bloqueb.com\/index.php\/wp-json\/wp\/v2\/pages"}],"about":[{"href":"https:\/\/bloqueb.com\/index.php\/wp-json\/wp\/v2\/types\/page"}],"author":[{"embeddable":true,"href":"https:\/\/bloqueb.com\/index.php\/wp-json\/wp\/v2\/users\/2"}],"replies":[{"embeddable":true,"href":"https:\/\/bloqueb.com\/index.php\/wp-json\/wp\/v2\/comments?post=1042"}],"version-history":[{"count":18,"href":"https:\/\/bloqueb.com\/index.php\/wp-json\/wp\/v2\/pages\/1042\/revisions"}],"predecessor-version":[{"id":1854,"href":"https:\/\/bloqueb.com\/index.php\/wp-json\/wp\/v2\/pages\/1042\/revisions\/1854"}],"wp:attachment":[{"href":"https:\/\/bloqueb.com\/index.php\/wp-json\/wp\/v2\/media?parent=1042"}],"curies":[{"name":"wp","href":"https:\/\/api.w.org\/{rel}","templated":true}]}}