{"id":465,"date":"2024-01-22T03:56:04","date_gmt":"2024-01-22T02:56:04","guid":{"rendered":"http:\/\/bloqueb.com\/?page_id=465"},"modified":"2026-02-27T16:32:12","modified_gmt":"2026-02-27T21:32:12","slug":"quienes-somos","status":"publish","type":"page","link":"https:\/\/bloqueb.com\/index.php\/quienes-somos\/","title":{"rendered":"\u00bfQui\u00e9nes somos?"},"content":{"rendered":"\n\n\t<section class=\"section\" id=\"section_1750962609\">\n\t\t<div class=\"section-bg fill\" >\n\t\t\t\n\t\t\t\n\t\t\t\n\t\t\t\n\n\t\t<\/div>\n\n\t\t\n\n\t\t<div class=\"section-content relative\">\n\t\t\t\n\n<div class=\"row\" style=\"max-width:1200px\" id=\"row-1404354072\">\n\n\n\t<div id=\"col-64685155\" class=\"col small-12 large-12\"  >\n\t\t\t\t<div class=\"col-inner\"  >\n\t\t\t\n\t\t\t\n\n\t<div id=\"text-3518620684\" class=\"text\">\n\t\t\n\n<h1 style=\"text-align: center;\"><span style=\"color: #ffffff;\"><strong>\u00abUna d\u00e9cada transformando espacios y vidas\u00bb<\/strong><\/span><\/h1>\n\t\t\n<style>\n#text-3518620684 {\n  font-size: 0.9rem;\n  text-align: center;\n}\n@media (min-width:550px) {\n  #text-3518620684 {\n    font-size: 1.35rem;\n  }\n}\n@media (min-width:850px) {\n  #text-3518620684 {\n    font-size: 1.55rem;\n  }\n}\n<\/style>\n\t<\/div>\n\t\n\n\t\t<\/div>\n\t\t\t\t\t<\/div>\n\n\t\n\n<\/div>\n\n\t\t<\/div>\n\n\t\t\n<style>\n#section_1750962609 {\n  padding-top: 0px;\n  padding-bottom: 0px;\n  min-height: 46px;\n}\n@media (min-width:550px) {\n  #section_1750962609 {\n    min-height: 0px;\n  }\n}\n@media (min-width:850px) {\n  #section_1750962609 {\n    min-height: 0px;\n  }\n}\n<\/style>\n\t<\/section>\n\t\n<div class=\"row row-small\" style=\"max-width:1500px\" id=\"row-1334500563\">\n\n\n\t<div id=\"col-453301888\" class=\"col medium-6 small-12 large-6\"  >\n\t\t\t\t<div class=\"col-inner\"  >\n\t\t\t\n\t\t\t\n\n\t<div class=\"img has-hover x md-x lg-x y md-y lg-y\" id=\"image_1407063246\">\n\t\t<a class=\"image-lightbox lightbox-gallery\" title=\"\" href=\"https:\/\/bloqueb.com\/wp-content\/uploads\/2024\/01\/A9A6860-scaled.jpg\">\t\t<div data-parallax-fade=\"true\" data-parallax=\"3\">\t\t\t\t<div class=\"img-inner dark\" style=\"margin:0px 0px 0px 0px;\">\n\t\t\t<img loading=\"lazy\" decoding=\"async\" width=\"2560\" height=\"1707\" src=\"https:\/\/bloqueb.com\/wp-content\/uploads\/2024\/01\/A9A6860-scaled.jpg\" class=\"attachment-original size-original\" alt=\"\" srcset=\"https:\/\/bloqueb.com\/wp-content\/uploads\/2024\/01\/A9A6860-scaled.jpg 2560w, https:\/\/bloqueb.com\/wp-content\/uploads\/2024\/01\/A9A6860-scaled-1020x680.jpg 1020w, https:\/\/bloqueb.com\/wp-content\/uploads\/2024\/01\/A9A6860-300x200.jpg 300w, https:\/\/bloqueb.com\/wp-content\/uploads\/2024\/01\/A9A6860-1024x683.jpg 1024w, https:\/\/bloqueb.com\/wp-content\/uploads\/2024\/01\/A9A6860-768x512.jpg 768w, https:\/\/bloqueb.com\/wp-content\/uploads\/2024\/01\/A9A6860-1536x1024.jpg 1536w, https:\/\/bloqueb.com\/wp-content\/uploads\/2024\/01\/A9A6860-2048x1365.jpg 2048w\" sizes=\"auto, (max-width: 2560px) 100vw, 2560px\" \/>\t\t\t\t\t\t\n\t\t\t\t\t<\/div>\n\t\t\t\t<\/div>\t\t<\/a>\t\t\n<style>\n#image_1407063246 {\n  width: 100%;\n}\n<\/style>\n\t<\/div>\n\t\n\n\n\t\t<\/div>\n\t\t\t\t\n<style>\n#col-453301888 > .col-inner {\n  margin: 15px 0px -7px 0px;\n}\n@media (min-width:850px) {\n  #col-453301888 > .col-inner {\n    margin: 35px 0px 8px 0px;\n  }\n}\n<\/style>\n\t<\/div>\n\n\t\n\n\t<div id=\"col-1161643379\" class=\"col medium-6 small-12 large-6\"  >\n\t\t\t\t<div class=\"col-inner\"  >\n\t\t\t\n\t\t\t\n\n\t<div id=\"text-585185422\" class=\"text\">\n\t\t\n\n<h4>Bienvenido<\/h4>\n\t\t\n<style>\n#text-585185422 {\n  font-size: 2rem;\n  line-height: 0.75;\n  text-align: center;\n}\n<\/style>\n\t<\/div>\n\t\n\t<div id=\"text-4126313891\" class=\"text\">\n\t\t\n\n<h1><span style=\"color: #5fadc9;\">\u00bfQui\u00e9nes somos?<\/span><\/h1>\n\t\t\n<style>\n#text-4126313891 {\n  font-size: 1.5rem;\n  text-align: center;\n}\n<\/style>\n\t<\/div>\n\t\n\t<div id=\"text-2691064680\" class=\"text\">\n\t\t\n\n<p data-start=\"0\" data-end=\"53\"><strong data-start=\"0\" data-end=\"53\">Con Bloque B Arquitectos, el futuro se construye.<\/strong><\/p>\n<p data-start=\"55\" data-end=\"584\">Somos un estudio de arquitectura enfocado en el dise\u00f1o y desarrollo integral de proyectos residenciales, corporativos y comerciales. Desde nuestra experiencia y conocimiento, entendemos la arquitectura como una herramienta capaz de transformar ideas en experiencias, articulando creatividad, t\u00e9cnica y trabajo colaborativo con todas las \u00e1reas involucradas. Nuestra sensibilidad est\u00e9tica y rigurosa atenci\u00f3n al detalle nos permiten entregar proyectos funcionales, coherentes e innovadores que generan valor real para sus usuarios.<\/p>\n<p data-start=\"586\" data-end=\"916\" data-is-last-node=\"\" data-is-only-node=\"\">Nuestro enfoque empresarial se fundamenta en la excelencia, la precisi\u00f3n y la b\u00fasqueda incansable de la perfecci\u00f3n. Asumimos cada proyecto con la misma visi\u00f3n e ilusi\u00f3n de nuestros clientes, convirti\u00e9ndonos en un aliado estrat\u00e9gico para dise\u00f1ar soluciones excepcionales, basadas en la comprensi\u00f3n profunda de sus necesidades, objetivos y aspiraciones.<\/p>\n\t\t\n<style>\n#text-2691064680 {\n  font-size: 0.75rem;\n  text-align: left;\n}\n@media (min-width:550px) {\n  #text-2691064680 {\n    font-size: 0.75rem;\n  }\n}\n@media (min-width:850px) {\n  #text-2691064680 {\n    font-size: 0.95rem;\n  }\n}\n<\/style>\n\t<\/div>\n\t\n\t<div id=\"gap-977670599\" class=\"gap-element clearfix\" style=\"display:block; height:auto;\">\n\t\t\n<style>\n#gap-977670599 {\n  padding-top: 30px;\n}\n<\/style>\n\t<\/div>\n\t\n\n<a href=\"https:\/\/wa.me\/573136557132\" class=\"button primary\"  >\n\t\t<span>Cont\u00e1ctanos<\/span>\n\t<\/a>\n\n\n\n\t\t<\/div>\n\t\t\t\t\n<style>\n#col-1161643379 > .col-inner {\n  margin: 0px 0px 102px 0px;\n}\n<\/style>\n\t<\/div>\n\n\t\n\n<\/div>\n\n\t<section class=\"section dark\" id=\"section_1191494236\">\n\t\t<div class=\"section-bg fill\" >\n\t\t\t\n\t\t\t\n\t\t\t\n\t\t\t\n\n\t\t<\/div>\n\n\t\t\n\n\t\t<div class=\"section-content relative\">\n\t\t\t\n\n<div class=\"row align-bottom\" style=\"max-width:1200px\" id=\"row-976341793\">\n\n\n\t<div id=\"col-1810276778\" class=\"col medium-12 small-12 large-12\"  >\n\t\t\t\t<div class=\"col-inner\"  >\n\t\t\t\n\t\t\t\n\n\t<div id=\"text-251649307\" class=\"text\">\n\t\t\n\n<h2 style=\"text-align: center;\"><span style=\"color: #000000; font-size: 100%;\">D\u00e9janos conocer los detalles de tu proyecto y as\u00ed ser parte de la soluci\u00f3n que buscas.<\/span><\/h2>\n\t\t\n<style>\n#text-251649307 {\n  font-size: 1rem;\n  text-align: center;\n}\n@media (min-width:550px) {\n  #text-251649307 {\n    font-size: 1.1rem;\n  }\n}\n<\/style>\n\t<\/div>\n\t\n\n\t\t<\/div>\n\t\t\t\t\t<\/div>\n\n\t\n\n<\/div>\n\t<div id=\"gap-1193242851\" class=\"gap-element clearfix\" style=\"display:block; height:auto;\">\n\t\t\n<style>\n#gap-1193242851 {\n  padding-top: 50px;\n}\n<\/style>\n\t<\/div>\n\t\n\n\n\t\t<\/div>\n\n\t\t\n<style>\n#section_1191494236 {\n  padding-top: 46px;\n  padding-bottom: 46px;\n  background-color: rgba(135, 135, 135, 0.163);\n}\n@media (min-width:850px) {\n  #section_1191494236 {\n    padding-top: 80px;\n    padding-bottom: 80px;\n  }\n}\n<\/style>\n\t<\/section>\n\t\n\n\t<section class=\"section\" id=\"section_1962967609\">\n\t\t<div class=\"section-bg fill\" >\n\t\t\t\n\t\t\t\n\t\t\t\n\t\t\t\n\n\t\t<\/div>\n\n\t\t\n\n\t\t<div class=\"section-content relative\">\n\t\t\t\n\n<div class=\"row\" style=\"max-width:1400px\" id=\"row-2017288752\">\n\n\n\t<div id=\"col-1701870831\" class=\"col small-12 large-12\"  >\n\t\t\t\t<div class=\"col-inner\"  >\n\t\t\t\n\t\t\t\n\n\n  <div class=\"banner has-hover bg-zoom has-parallax\" id=\"banner-206514307\">\n          <div class=\"banner-inner fill\">\n        <div class=\"banner-bg fill\" data-parallax=\"-3\" data-parallax-container=\".banner\" data-parallax-background>\n\t\t\t<img loading=\"lazy\" decoding=\"async\" width=\"1020\" height=\"680\" src=\"https:\/\/bloqueb.com\/wp-content\/uploads\/2024\/01\/A9A9230-1024x683.jpg\" class=\"bg\" alt=\"\" srcset=\"https:\/\/bloqueb.com\/wp-content\/uploads\/2024\/01\/A9A9230-1024x683.jpg 1024w, https:\/\/bloqueb.com\/wp-content\/uploads\/2024\/01\/A9A9230-scaled-1020x680.jpg 1020w, https:\/\/bloqueb.com\/wp-content\/uploads\/2024\/01\/A9A9230-300x200.jpg 300w, https:\/\/bloqueb.com\/wp-content\/uploads\/2024\/01\/A9A9230-768x512.jpg 768w, https:\/\/bloqueb.com\/wp-content\/uploads\/2024\/01\/A9A9230-1536x1024.jpg 1536w, https:\/\/bloqueb.com\/wp-content\/uploads\/2024\/01\/A9A9230-2048x1365.jpg 2048w\" sizes=\"auto, (max-width: 1020px) 100vw, 1020px\" \/>                                    \n                    <\/div>\n\t\t\n        <div class=\"banner-layers container\">\n            <div class=\"fill banner-link\"><\/div>            \n\n   <div id=\"text-box-679770285\" class=\"text-box banner-layer x50 md-x50 lg-x50 y50 md-y50 lg-y50 res-text\">\n                                <div class=\"text-box-content text dark\">\n              \n              <div class=\"text-inner text-center\">\n                  \n\n\n              <\/div>\n           <\/div>\n                            \n<style>\n#text-box-679770285 {\n  width: 60%;\n}\n#text-box-679770285 .text-box-content {\n  font-size: 100%;\n}\n@media (min-width:550px) {\n  #text-box-679770285 {\n    width: 60%;\n  }\n}\n<\/style>\n    <\/div>\n \n\n        <\/div>\n      <\/div>\n\n            \n<style>\n#banner-206514307 {\n  padding-top: 200px;\n  background-color: rgb(255, 255, 255);\n}\n#banner-206514307 .bg {\n  object-position: 45% 46%;\n}\n@media (min-width:550px) {\n  #banner-206514307 {\n    padding-top: 350px;\n  }\n}\n@media (min-width:850px) {\n  #banner-206514307 {\n    padding-top: 454px;\n  }\n}\n<\/style>\n  <\/div>\n\n\n\n\t\t<\/div>\n\t\t\t\t\n<style>\n#col-1701870831 > .col-inner {\n  margin: -120px 0px 0px 0px;\n}\n<\/style>\n\t<\/div>\n\n\t\n\n<\/div>\n<div class=\"row row-small\" style=\"max-width:1500px\" id=\"row-511952380\">\n\n\n\t<div id=\"col-1981564797\" class=\"col medium-6 small-12 large-6\"  >\n\t\t\t\t<div class=\"col-inner\"  >\n\t\t\t\n\t\t\t\n\n\t<div class=\"img has-hover x md-x lg-x y md-y lg-y\" id=\"image_466354649\">\n\t\t<a class=\"image-lightbox lightbox-gallery\" title=\"\" href=\"https:\/\/bloqueb.com\/wp-content\/uploads\/2024\/01\/A9A3957-Editar-1024x683.jpg\">\t\t<div data-parallax-fade=\"true\" data-parallax=\"3\">\t\t\t\t<div class=\"img-inner dark\" >\n\t\t\t<img loading=\"lazy\" decoding=\"async\" width=\"2560\" height=\"1707\" src=\"https:\/\/bloqueb.com\/wp-content\/uploads\/2024\/01\/A9A3957-Editar-scaled.jpg\" class=\"attachment-original size-original\" alt=\"\" srcset=\"https:\/\/bloqueb.com\/wp-content\/uploads\/2024\/01\/A9A3957-Editar-scaled.jpg 2560w, https:\/\/bloqueb.com\/wp-content\/uploads\/2024\/01\/A9A3957-Editar-scaled-1020x680.jpg 1020w, https:\/\/bloqueb.com\/wp-content\/uploads\/2024\/01\/A9A3957-Editar-300x200.jpg 300w, https:\/\/bloqueb.com\/wp-content\/uploads\/2024\/01\/A9A3957-Editar-1024x683.jpg 1024w, https:\/\/bloqueb.com\/wp-content\/uploads\/2024\/01\/A9A3957-Editar-768x512.jpg 768w, https:\/\/bloqueb.com\/wp-content\/uploads\/2024\/01\/A9A3957-Editar-1536x1024.jpg 1536w, https:\/\/bloqueb.com\/wp-content\/uploads\/2024\/01\/A9A3957-Editar-2048x1365.jpg 2048w\" sizes=\"auto, (max-width: 2560px) 100vw, 2560px\" \/>\t\t\t\t\t\t\n\t\t\t\t\t<\/div>\n\t\t\t\t<\/div>\t\t<\/a>\t\t\n<style>\n#image_466354649 {\n  width: 100%;\n}\n<\/style>\n\t<\/div>\n\t\n\n\n\t\t<\/div>\n\t\t\t\t\n<style>\n#col-1981564797 > .col-inner {\n  margin: 15px 0px -7px 0px;\n}\n@media (min-width:850px) {\n  #col-1981564797 > .col-inner {\n    margin: 35px 0px 8px 0px;\n  }\n}\n<\/style>\n\t<\/div>\n\n\t\n\n\t<div id=\"col-1196943046\" class=\"col medium-6 small-12 large-6\"  >\n\t\t\t\t<div class=\"col-inner\"  >\n\t\t\t\n\t\t\t\n\n\t<div id=\"gap-711236983\" class=\"gap-element clearfix\" style=\"display:block; height:auto;\">\n\t\t\n<style>\n#gap-711236983 {\n  padding-top: 80px;\n}\n<\/style>\n\t<\/div>\n\t\n\n\t<div id=\"text-2555110629\" class=\"text\">\n\t\t\n\n<h1><span style=\"color: #5fadc9;\">Juan Pablo Bernal Villa<\/span><\/h1>\n\t\t\n<style>\n#text-2555110629 {\n  font-size: 1.5rem;\n  line-height: 1.85;\n  text-align: center;\n}\n@media (min-width:550px) {\n  #text-2555110629 {\n    font-size: 1.95rem;\n    text-align: left;\n  }\n}\n@media (min-width:850px) {\n  #text-2555110629 {\n    font-size: 1rem;\n  }\n}\n<\/style>\n\t<\/div>\n\t\n\t<div id=\"gap-1756881178\" class=\"gap-element clearfix\" style=\"display:block; height:auto;\">\n\t\t\n<style>\n#gap-1756881178 {\n  padding-top: 40px;\n}\n<\/style>\n\t<\/div>\n\t\n\n\t<div id=\"text-2481598956\" class=\"text\">\n\t\t\n\n<p style=\"text-align: left;\" data-start=\"51\" data-end=\"366\">Arquitecto fundador y director de Bloque B Arquitectos. Egresado de la <span class=\"hover:entity-accent entity-underline inline cursor-pointer align-baseline\"><span class=\"whitespace-normal\">Pontificia Universidad Javeriana <\/span><\/span>(1997\u20132003).\u00a0<\/p>\n<p style=\"text-align: left;\" data-start=\"51\" data-end=\"366\">Entre 2003 y 2008 se desempe\u00f1\u00f3 en residencia y direcci\u00f3n de obra para distintas oficinas de arquitectura y constructoras en Bogot\u00e1, participando en proyectos de vivienda multifamiliar, instalaciones industriales, oficinas y locales comerciales. Paralelamente desarroll\u00f3 proyectos de dise\u00f1o interior y comercial.Cuenta con experiencia internacional tras trabajar seis meses en <span class=\"hover:entity-accent entity-underline inline cursor-pointer align-baseline\"><span class=\"whitespace-normal\">Forum UNESCO<\/span><\/span> en Valencia, Espa\u00f1a, entidad dedicada a la conservaci\u00f3n del patrimonio arquitect\u00f3nico mundial.<\/p>\n<p style=\"text-align: left;\" data-start=\"967\" data-end=\"1294\" data-is-last-node=\"\" data-is-only-node=\"\">Ganador del concurso \u201cCiudad y Color\u201d (Medell\u00edn, 2006), convocado por Pintuco S.A. y la Sociedad Colombiana de Arquitectos regional Antioquia, y cuenta con m\u00e1s de 12 publicaciones en revistas especializadas.\u00a0<\/p>\n<p data-start=\"967\" data-end=\"1294\" data-is-last-node=\"\" data-is-only-node=\"\">Durante los \u00faltimos 10 a\u00f1os, la firma ha desarrollado m\u00e1s de 60 proyectos a nivel nacional en los sectores residencial, comercial y corporativo. Actualmente divide su tiempo entre Bogot\u00e1 y M\u00e9xico, impulsando la expansi\u00f3n nacional e internacional de su estudio.<\/p>\n<p data-start=\"55\" data-end=\"584\">\u00a0<\/p>\n\t\t\n<style>\n#text-2481598956 {\n  font-size: 0.75rem;\n}\n@media (min-width:550px) {\n  #text-2481598956 {\n    font-size: 0.75rem;\n  }\n}\n@media (min-width:850px) {\n  #text-2481598956 {\n    font-size: 0.89rem;\n  }\n}\n<\/style>\n\t<\/div>\n\t\n\n\t\t<\/div>\n\t\t\t\t\n<style>\n#col-1196943046 > .col-inner {\n  margin: 0px 0px 102px 0px;\n}\n<\/style>\n\t<\/div>\n\n\t\n\n<\/div>\n\n\t\t<\/div>\n\n\t\t\n<style>\n#section_1962967609 {\n  padding-top: 30px;\n  padding-bottom: 30px;\n}\n<\/style>\n\t<\/section>\n\t\n\n","protected":false},"excerpt":{"rendered":"","protected":false},"author":2,"featured_media":0,"parent":0,"menu_order":0,"comment_status":"closed","ping_status":"closed","template":"page-transparent-header.php","meta":{"_acf_changed":false,"h5ap_radio_sources":[],"_joinchat":[],"footnotes":""},"class_list":["post-465","page","type-page","status-publish","hentry"],"acf":[],"_links":{"self":[{"href":"https:\/\/bloqueb.com\/index.php\/wp-json\/wp\/v2\/pages\/465","targetHints":{"allow":["GET"]}}],"collection":[{"href":"https:\/\/bloqueb.com\/index.php\/wp-json\/wp\/v2\/pages"}],"about":[{"href":"https:\/\/bloqueb.com\/index.php\/wp-json\/wp\/v2\/types\/page"}],"author":[{"embeddable":true,"href":"https:\/\/bloqueb.com\/index.php\/wp-json\/wp\/v2\/users\/2"}],"replies":[{"embeddable":true,"href":"https:\/\/bloqueb.com\/index.php\/wp-json\/wp\/v2\/comments?post=465"}],"version-history":[{"count":40,"href":"https:\/\/bloqueb.com\/index.php\/wp-json\/wp\/v2\/pages\/465\/revisions"}],"predecessor-version":[{"id":1852,"href":"https:\/\/bloqueb.com\/index.php\/wp-json\/wp\/v2\/pages\/465\/revisions\/1852"}],"wp:attachment":[{"href":"https:\/\/bloqueb.com\/index.php\/wp-json\/wp\/v2\/media?parent=465"}],"curies":[{"name":"wp","href":"https:\/\/api.w.org\/{rel}","templated":true}]}}