{"id":1522,"date":"2025-08-08T17:07:06","date_gmt":"2025-08-08T22:07:06","guid":{"rendered":"https:\/\/bloqueb.com\/?post_type=product&#038;p=1522"},"modified":"2026-03-12T13:20:36","modified_gmt":"2026-03-12T18:20:36","slug":"apartamento-126b","status":"publish","type":"product","link":"https:\/\/bloqueb.com\/index.php\/producto\/apartamento-126b\/","title":{"rendered":"Apartamento 126B"},"content":{"rendered":"<p data-start=\"73\" data-end=\"666\">Este penthouse de dos niveles se reinvent\u00f3 para vivirlo al m\u00e1ximo. La cocina se abri\u00f3 hacia el comedor para integrar la vida social, con una elegante puerta corrediza de parrilla que permite cerrarla cuando se desee. La sala y el comedor se unieron en un solo espacio fluido, iluminado por nichos decorativos y acompa\u00f1ado de una moderna chimenea vent free. La zona de servicio ahora es m\u00e1s c\u00f3moda y luminosa gracias a su nueva distribuci\u00f3n, y cada ba\u00f1o fue renovado con detalles que marcan la diferencia, como el lavamanos de sobreponer y papeles de colgadura del ba\u00f1o social que elevan el estilo.<\/p>\n<p data-start=\"668\" data-end=\"1147\">En el segundo piso, la terraza principal gan\u00f3 un acceso m\u00e1s amplio y acogedor, mientras la habitaci\u00f3n principal reorganiz\u00f3 su ba\u00f1o y vestier para una experiencia de confort absoluto. Las tres terrazas se visten con p\u00e9rgolas a medida que invitan a disfrutarlas todo el a\u00f1o. Este proyecto es la prueba de que un buen dise\u00f1o transforma la vida diaria.<\/p>\n<p><strong>Ficha T\u00e9cnica:<\/strong><br \/>\nConjunto Serramonte<br \/>\n<strong>Ubicaci\u00f3n:<\/strong> Bogot\u00e1 \u2013 Colombia<br \/>\n<strong>\u00c1rea:<\/strong> 274.8 m2 y terrazas que suman 102.4 m2<br \/>\n<strong>A\u00f1o:<\/strong> 2023<br \/>\n<strong>Tiempo:<\/strong> 6 Meses<br \/>\n<strong>Descripci\u00f3n:<\/strong> Dise\u00f1o Arquitect\u00f3nico, Dise\u00f1o de Interiores, Presupuesto, Iluminaci\u00f3n y Construcci\u00f3n<\/p>\n","protected":false},"excerpt":{"rendered":"<p>Este penthouse de dos niveles se reinvent\u00f3 para vivirlo al m\u00e1ximo. La cocina se abri\u00f3 hacia el comedor para integrar la vida social, con una elegante puerta corrediza de parrilla que permite cerrarla cuando se desee. La sala y el comedor se unieron en un solo espacio fluido, iluminado por nichos decorativos y acompa\u00f1ado de [&#8230;]\n","protected":false},"featured_media":1523,"template":"","meta":{"_acf_changed":false,"h5ap_radio_sources":[],"_joinchat":[]},"product_brand":[],"product_cat":[17,29,34,22],"product_tag":[],"class_list":{"0":"post-1522","1":"product","2":"type-product","3":"status-publish","4":"has-post-thumbnail","6":"product_cat-apartamentos","7":"product_cat-colombia","8":"product_cat-colombia-inicio","9":"product_cat-residencial","11":"first","12":"instock","13":"shipping-taxable","14":"product-type-simple"},"acf":[],"_links":{"self":[{"href":"https:\/\/bloqueb.com\/index.php\/wp-json\/wp\/v2\/product\/1522","targetHints":{"allow":["GET"]}}],"collection":[{"href":"https:\/\/bloqueb.com\/index.php\/wp-json\/wp\/v2\/product"}],"about":[{"href":"https:\/\/bloqueb.com\/index.php\/wp-json\/wp\/v2\/types\/product"}],"wp:featuredmedia":[{"embeddable":true,"href":"https:\/\/bloqueb.com\/index.php\/wp-json\/wp\/v2\/media\/1523"}],"wp:attachment":[{"href":"https:\/\/bloqueb.com\/index.php\/wp-json\/wp\/v2\/media?parent=1522"}],"wp:term":[{"taxonomy":"product_brand","embeddable":true,"href":"https:\/\/bloqueb.com\/index.php\/wp-json\/wp\/v2\/product_brand?post=1522"},{"taxonomy":"product_cat","embeddable":true,"href":"https:\/\/bloqueb.com\/index.php\/wp-json\/wp\/v2\/product_cat?post=1522"},{"taxonomy":"product_tag","embeddable":true,"href":"https:\/\/bloqueb.com\/index.php\/wp-json\/wp\/v2\/product_tag?post=1522"}],"curies":[{"name":"wp","href":"https:\/\/api.w.org\/{rel}","templated":true}]}}