{"id":1547,"date":"2026-02-04T09:20:34","date_gmt":"2026-02-04T14:20:34","guid":{"rendered":"https:\/\/bloqueb.com\/?post_type=product&#038;p=1547"},"modified":"2026-03-12T13:26:49","modified_gmt":"2026-03-12T18:26:49","slug":"apartamento-70","status":"publish","type":"product","link":"https:\/\/bloqueb.com\/index.php\/producto\/apartamento-70\/","title":{"rendered":"Apartamento 70"},"content":{"rendered":"<p data-start=\"120\" data-end=\"516\">Este apartamento ubicado en el coraz\u00f3n de chapinero puede transformarse manteniendo su esencia, pero elevando cada espacio a una versi\u00f3n m\u00e1s moderna, luminosa y funcional. Esta remodelaci\u00f3n integra tendencias de la actualidad, iluminaci\u00f3n estrat\u00e9gica y carpinter\u00eda renovada para lograr ambientes m\u00e1s amplios, arm\u00f3nicos y est\u00e9ticamente sofisticados, sin alterar la distribuci\u00f3n original que hace tan c\u00f3modo este hogar.<\/p>\n<p data-start=\"518\" data-end=\"959\" data-is-last-node=\"\" data-is-only-node=\"\">Cada detalle fue dise\u00f1ado para mejorar la experiencia diaria: una cocina abierta con el prop\u00f3sito de ser un espacio de interacci\u00f3n social enlazada con el comedor y la sala. Ba\u00f1os completamente modernos, cambio de enchapes, dotaci\u00f3n e incrustaciones; se conserva la piedra del mes\u00f3n del lavamanos como solicitud del cliente por su valor personal, demostrando el cambio de los espejos y la iluminaci\u00f3n producen un espacio elegante y natural. Se renueva el piso general, la carpinter\u00eda de las habitaciones y las puertas de acceso. Una nueva vida para este hogar a partir de una intervenci\u00f3n inteligente, elegante y llena de intenci\u00f3n.<\/p>\n<p><strong>Ficha T\u00e9cnica:<br \/>\n<\/strong>Edificio Monaco<br \/>\n<strong>Ubicaci\u00f3n:<\/strong> Bogot\u00e1 \u2013 Colombia<br \/>\n<strong>\u00c1rea: <\/strong>90 m2<br \/>\n<strong>A\u00f1o: <\/strong>2018<br \/>\n<strong>Tiempo: <\/strong>3\u00a0Meses<br \/>\n<strong>Descripci\u00f3n:<\/strong> Dise\u00f1o Arquitect\u00f3nico, Dise\u00f1o de Interiores, Presupuesto y Construcci\u00f3n<\/p>\n","protected":false},"excerpt":{"rendered":"<p>Este apartamento ubicado en el coraz\u00f3n de chapinero puede transformarse manteniendo su esencia, pero elevando cada espacio a una versi\u00f3n m\u00e1s moderna, luminosa y funcional. Esta remodelaci\u00f3n integra tendencias de la actualidad, iluminaci\u00f3n estrat\u00e9gica y carpinter\u00eda renovada para lograr ambientes m\u00e1s amplios, arm\u00f3nicos y est\u00e9ticamente sofisticados, sin alterar la distribuci\u00f3n original que hace tan c\u00f3modo [&#8230;]\n","protected":false},"featured_media":1553,"template":"","meta":{"_acf_changed":false,"h5ap_radio_sources":[],"_joinchat":[]},"product_brand":[],"product_cat":[17,29,34,22],"product_tag":[],"class_list":{"0":"post-1547","1":"product","2":"type-product","3":"status-publish","4":"has-post-thumbnail","6":"product_cat-apartamentos","7":"product_cat-colombia","8":"product_cat-colombia-inicio","9":"product_cat-residencial","11":"first","12":"instock","13":"shipping-taxable","14":"product-type-simple"},"acf":[],"_links":{"self":[{"href":"https:\/\/bloqueb.com\/index.php\/wp-json\/wp\/v2\/product\/1547","targetHints":{"allow":["GET"]}}],"collection":[{"href":"https:\/\/bloqueb.com\/index.php\/wp-json\/wp\/v2\/product"}],"about":[{"href":"https:\/\/bloqueb.com\/index.php\/wp-json\/wp\/v2\/types\/product"}],"wp:featuredmedia":[{"embeddable":true,"href":"https:\/\/bloqueb.com\/index.php\/wp-json\/wp\/v2\/media\/1553"}],"wp:attachment":[{"href":"https:\/\/bloqueb.com\/index.php\/wp-json\/wp\/v2\/media?parent=1547"}],"wp:term":[{"taxonomy":"product_brand","embeddable":true,"href":"https:\/\/bloqueb.com\/index.php\/wp-json\/wp\/v2\/product_brand?post=1547"},{"taxonomy":"product_cat","embeddable":true,"href":"https:\/\/bloqueb.com\/index.php\/wp-json\/wp\/v2\/product_cat?post=1547"},{"taxonomy":"product_tag","embeddable":true,"href":"https:\/\/bloqueb.com\/index.php\/wp-json\/wp\/v2\/product_tag?post=1547"}],"curies":[{"name":"wp","href":"https:\/\/api.w.org\/{rel}","templated":true}]}}