{"id":1589,"date":"2026-02-04T16:06:30","date_gmt":"2026-02-04T21:06:30","guid":{"rendered":"https:\/\/bloqueb.com\/?post_type=product&#038;p=1589"},"modified":"2026-03-12T13:26:19","modified_gmt":"2026-03-12T18:26:19","slug":"apartamento-131","status":"publish","type":"product","link":"https:\/\/bloqueb.com\/index.php\/producto\/apartamento-131\/","title":{"rendered":"Apartamento 131"},"content":{"rendered":"<p data-start=\"102\" data-end=\"618\">Este amplio apartamento fue reinventado para responder a una forma de habitar m\u00e1s c\u00f3moda, pr\u00e1ctica y contempor\u00e1nea. La cocina se abri\u00f3 y se ampli\u00f3 al incorporar el antiguo cuarto de lavado, dando lugar a un espacio generoso con mayor capacidad de almacenamiento, alacena y torre de hornos, pensado para quienes disfrutan vivir y compartir desde la cocina. El antiguo cuarto de servicio fue transformado en un nuevo y funcional cuarto de ropas, optimizando la distribuci\u00f3n seg\u00fan las necesidades reales del cliente.<\/p>\n<p data-start=\"620\" data-end=\"1255\">La zona social se moderniz\u00f3 con mobiliario dise\u00f1ado a la medida y nichos de iluminaci\u00f3n en el cielo raso, que aportan una visual m\u00e1s c\u00f3moda y acogedora a la sala. Parte de este espacio se integr\u00f3 estrat\u00e9gicamente a la habitaci\u00f3n principal para crear un walk-in closet amplio y confortable, mientras que todos los ba\u00f1os fueron renovados con un lenguaje moderno y materiales actuales. La nueva carpinter\u00eda en puertas y closets completa la transformaci\u00f3n, logrando un hogar funcional, elegante y pensado a la medida.<\/p>\n<p><strong>Ficha T\u00e9cnica:<br \/>\n<\/strong>Edificio Torres del Country<br \/>\n<strong>Ubicaci\u00f3n:<\/strong> Bogot\u00e1 \u2013 Colombia<br \/>\n<strong>\u00c1rea: <\/strong>144\u00a0m2<br \/>\n<strong>A\u00f1o: <\/strong>2020<br \/>\n<strong>Tiempo:\u00a0<\/strong>6 meses<br \/>\n<strong>Descripci\u00f3n:<\/strong> Dise\u00f1o Arquitect\u00f3nico, Dise\u00f1o de Interiores, Nichos para iluminaci\u00f3n, Presupuesto y Construcci\u00f3n<\/p>\n","protected":false},"excerpt":{"rendered":"<p>Este amplio apartamento fue reinventado para responder a una forma de habitar m\u00e1s c\u00f3moda, pr\u00e1ctica y contempor\u00e1nea. La cocina se abri\u00f3 y se ampli\u00f3 al incorporar el antiguo cuarto de lavado, dando lugar a un espacio generoso con mayor capacidad de almacenamiento, alacena y torre de hornos, pensado para quienes disfrutan vivir y compartir desde [&#8230;]\n","protected":false},"featured_media":1590,"template":"","meta":{"_acf_changed":false,"h5ap_radio_sources":[],"_joinchat":[]},"product_brand":[],"product_cat":[17,29,34,22],"product_tag":[],"class_list":{"0":"post-1589","1":"product","2":"type-product","3":"status-publish","4":"has-post-thumbnail","6":"product_cat-apartamentos","7":"product_cat-colombia","8":"product_cat-colombia-inicio","9":"product_cat-residencial","11":"first","12":"instock","13":"shipping-taxable","14":"product-type-simple"},"acf":[],"_links":{"self":[{"href":"https:\/\/bloqueb.com\/index.php\/wp-json\/wp\/v2\/product\/1589","targetHints":{"allow":["GET"]}}],"collection":[{"href":"https:\/\/bloqueb.com\/index.php\/wp-json\/wp\/v2\/product"}],"about":[{"href":"https:\/\/bloqueb.com\/index.php\/wp-json\/wp\/v2\/types\/product"}],"wp:featuredmedia":[{"embeddable":true,"href":"https:\/\/bloqueb.com\/index.php\/wp-json\/wp\/v2\/media\/1590"}],"wp:attachment":[{"href":"https:\/\/bloqueb.com\/index.php\/wp-json\/wp\/v2\/media?parent=1589"}],"wp:term":[{"taxonomy":"product_brand","embeddable":true,"href":"https:\/\/bloqueb.com\/index.php\/wp-json\/wp\/v2\/product_brand?post=1589"},{"taxonomy":"product_cat","embeddable":true,"href":"https:\/\/bloqueb.com\/index.php\/wp-json\/wp\/v2\/product_cat?post=1589"},{"taxonomy":"product_tag","embeddable":true,"href":"https:\/\/bloqueb.com\/index.php\/wp-json\/wp\/v2\/product_tag?post=1589"}],"curies":[{"name":"wp","href":"https:\/\/api.w.org\/{rel}","templated":true}]}}