{"id":1617,"date":"2026-04-07T13:35:35","date_gmt":"2026-04-07T18:35:35","guid":{"rendered":"https:\/\/bloqueb.com\/?post_type=product&#038;p=1617"},"modified":"2026-04-07T13:35:35","modified_gmt":"2026-04-07T18:35:35","slug":"zonas-comunes-liberty-seguros","status":"publish","type":"product","link":"https:\/\/bloqueb.com\/index.php\/producto\/zonas-comunes-liberty-seguros\/","title":{"rendered":"Zonas Comunes Liberty Seguros"},"content":{"rendered":"<p data-start=\"50\" data-end=\"538\">Renovar las \u00e1reas comunes es elevar la experiencia diaria de quienes operan en el edificio. En este proyecto transformamos los ba\u00f1os del piso 12 mediante el uso de materiales contempor\u00e1neos, nuevos enchapes en colores y formatos que ampl\u00edan visualmente el espacio, acompa\u00f1ados de mesones en granito, espejos de gran formato, grifer\u00edas en cromo y divisiones en acero y vidrio que aportan limpieza, orden y modernidad. La iluminaci\u00f3n LED y los sistemas de ventilaci\u00f3n garantizan ambientes m\u00e1s confortables, higi\u00e9nicos y eficientes. Este proyecto demuestra que los espacios de servicio tambi\u00e9n pueden ser protagonistas.<\/p>\n<p data-start=\"540\" data-end=\"1013\">La cafeter\u00eda y los vestieres complementan la intervenci\u00f3n con un enfoque en funcionalidad y bienestar. El primero, un espacio para el descanso y la recarga de energ\u00eda, equipada con carpinter\u00eda c\u00e1lida, almacenamiento funcional y espacios para compartir. Los vestieres, con lockers y acabados renovados, ofrecen comodidad y organizaci\u00f3n para el personal. M\u00e1s que una actualizaci\u00f3n, es una mejora integral que impacta el bienestar y la productividad.<\/p>\n<p><strong>Ficha T\u00e9cnica:<br \/>\n<\/strong>Edificio HDI Seguros<br \/>\n<strong>Ubicaci\u00f3n:<\/strong> Bogot\u00e1 \u2013 Colombia<br \/>\n<strong>\u00c1rea: <\/strong>30 m2 Ba\u00f1os, 38m2 Vestier y Cafeter\u00eda<br \/>\n<strong>A\u00f1o: <\/strong>2022<br \/>\n<strong>Tiempo: <\/strong>5\u00a0meses<br \/>\n<strong>Descripci\u00f3n:<\/strong> Dise\u00f1o Arquitect\u00f3nico, Espacialidad, Innovaci\u00f3n, Presupuesto y Construcci\u00f3n<\/p>\n","protected":false},"excerpt":{"rendered":"<p>Renovar las \u00e1reas comunes es elevar la experiencia diaria de quienes operan en el edificio. En este proyecto transformamos los ba\u00f1os del piso 12 mediante el uso de materiales contempor\u00e1neos, nuevos enchapes en colores y formatos que ampl\u00edan visualmente el espacio, acompa\u00f1ados de mesones en granito, espejos de gran formato, grifer\u00edas en cromo y divisiones [&#8230;]\n","protected":false},"featured_media":2165,"template":"","meta":{"_acf_changed":false,"_joinchat":[]},"product_brand":[],"product_cat":[29,34,19],"product_tag":[],"class_list":{"0":"post-1617","1":"product","2":"type-product","3":"status-publish","4":"has-post-thumbnail","6":"product_cat-colombia","7":"product_cat-colombia-inicio","8":"product_cat-oficinas","10":"first","11":"instock","12":"shipping-taxable","13":"product-type-simple"},"acf":[],"_links":{"self":[{"href":"https:\/\/bloqueb.com\/index.php\/wp-json\/wp\/v2\/product\/1617","targetHints":{"allow":["GET"]}}],"collection":[{"href":"https:\/\/bloqueb.com\/index.php\/wp-json\/wp\/v2\/product"}],"about":[{"href":"https:\/\/bloqueb.com\/index.php\/wp-json\/wp\/v2\/types\/product"}],"wp:featuredmedia":[{"embeddable":true,"href":"https:\/\/bloqueb.com\/index.php\/wp-json\/wp\/v2\/media\/2165"}],"wp:attachment":[{"href":"https:\/\/bloqueb.com\/index.php\/wp-json\/wp\/v2\/media?parent=1617"}],"wp:term":[{"taxonomy":"product_brand","embeddable":true,"href":"https:\/\/bloqueb.com\/index.php\/wp-json\/wp\/v2\/product_brand?post=1617"},{"taxonomy":"product_cat","embeddable":true,"href":"https:\/\/bloqueb.com\/index.php\/wp-json\/wp\/v2\/product_cat?post=1617"},{"taxonomy":"product_tag","embeddable":true,"href":"https:\/\/bloqueb.com\/index.php\/wp-json\/wp\/v2\/product_tag?post=1617"}],"curies":[{"name":"wp","href":"https:\/\/api.w.org\/{rel}","templated":true}]}}