{"id":1686,"date":"2026-02-10T13:06:38","date_gmt":"2026-02-10T18:06:38","guid":{"rendered":"https:\/\/bloqueb.com\/?post_type=product&#038;p=1686"},"modified":"2026-03-12T13:19:53","modified_gmt":"2026-03-12T18:19:53","slug":"casa-santa-ana","status":"publish","type":"product","link":"https:\/\/bloqueb.com\/index.php\/producto\/casa-santa-ana\/","title":{"rendered":"Casa Santa Ana"},"content":{"rendered":"<p data-start=\"181\" data-end=\"641\">Cada hogar tiene el potencial de convertirse en el escenario ideal para disfrutar, descansar y crear recuerdos, en esta vivienda de dos niveles integramos sala, cocina y comedor para crear el coraz\u00f3n del hogar, reforzando su estructura y sumando detalles contempor\u00e1neos como carpinter\u00eda en tonos claros, quarztone blanco polar y una iluminaci\u00f3n LED que resalta cada elemento arquitect\u00f3nico. El resultado es una atm\u00f3sfera moderna, elegante y profundamente acogedora.<\/p>\n<p data-start=\"181\" data-end=\"641\">Pensamos tambi\u00e9n en los detalles que elevan la vida diaria: patio de ropas con luz natural, ba\u00f1o social que recibe a los invitados con acentos dorados, escaleras en madera y vidrio que iluminan el recorrido, y espacios dedicados al trabajo, al entretenimiento y al juego de los ni\u00f1os.<\/p>\n<p data-start=\"643\" data-end=\"1071\">La experiencia contin\u00faa hacia el exterior con un jard\u00edn para el juego de los ni\u00f1os y una terraza BBQ cubierta en vidrio con control solar y deck, perfecta para compartir todo el a\u00f1o. Nuevos closets, ba\u00f1os renovados, estudio funcional, sala de TV personalizada y zonas llenas de luz natural convierten la casa en un lugar que evoluciona con la familia.<\/p>\n<p><strong>Ficha T\u00e9cnica:<br \/>\n<\/strong>Santa Ana<br \/>\n<strong>Ubicaci\u00f3n:<\/strong> Bogot\u00e1 \u2013 Colombia<br \/>\n<strong>\u00c1rea: <\/strong>300 m2 y jard\u00edn que suman 62 m2<br \/>\n<strong>A\u00f1o: <\/strong>2024<br \/>\n<strong>Tiempo: <\/strong>6\u00a0meses<br \/>\n<strong>Descripci\u00f3n:<\/strong> Dise\u00f1o Arquitect\u00f3nico, Dise\u00f1o de Interiores, Presupuesto y Construcci\u00f3n<\/p>\n","protected":false},"excerpt":{"rendered":"<p>Cada hogar tiene el potencial de convertirse en el escenario ideal para disfrutar, descansar y crear recuerdos, en esta vivienda de dos niveles integramos sala, cocina y comedor para crear el coraz\u00f3n del hogar, reforzando su estructura y sumando detalles contempor\u00e1neos como carpinter\u00eda en tonos claros, quarztone blanco polar y una iluminaci\u00f3n LED que resalta [&#8230;]\n","protected":false},"featured_media":1812,"template":"","meta":{"_acf_changed":false,"h5ap_radio_sources":[],"_joinchat":[]},"product_brand":[],"product_cat":[18,29,34,22],"product_tag":[],"class_list":{"0":"post-1686","1":"product","2":"type-product","3":"status-publish","4":"has-post-thumbnail","6":"product_cat-casas","7":"product_cat-colombia","8":"product_cat-colombia-inicio","9":"product_cat-residencial","11":"first","12":"instock","13":"shipping-taxable","14":"product-type-simple"},"acf":[],"_links":{"self":[{"href":"https:\/\/bloqueb.com\/index.php\/wp-json\/wp\/v2\/product\/1686","targetHints":{"allow":["GET"]}}],"collection":[{"href":"https:\/\/bloqueb.com\/index.php\/wp-json\/wp\/v2\/product"}],"about":[{"href":"https:\/\/bloqueb.com\/index.php\/wp-json\/wp\/v2\/types\/product"}],"wp:featuredmedia":[{"embeddable":true,"href":"https:\/\/bloqueb.com\/index.php\/wp-json\/wp\/v2\/media\/1812"}],"wp:attachment":[{"href":"https:\/\/bloqueb.com\/index.php\/wp-json\/wp\/v2\/media?parent=1686"}],"wp:term":[{"taxonomy":"product_brand","embeddable":true,"href":"https:\/\/bloqueb.com\/index.php\/wp-json\/wp\/v2\/product_brand?post=1686"},{"taxonomy":"product_cat","embeddable":true,"href":"https:\/\/bloqueb.com\/index.php\/wp-json\/wp\/v2\/product_cat?post=1686"},{"taxonomy":"product_tag","embeddable":true,"href":"https:\/\/bloqueb.com\/index.php\/wp-json\/wp\/v2\/product_tag?post=1686"}],"curies":[{"name":"wp","href":"https:\/\/api.w.org\/{rel}","templated":true}]}}