{"id":1722,"date":"2026-02-10T17:47:13","date_gmt":"2026-02-10T22:47:13","guid":{"rendered":"https:\/\/bloqueb.com\/?post_type=product&#038;p=1722"},"modified":"2026-03-31T09:53:29","modified_gmt":"2026-03-31T14:53:29","slug":"casa-cayunda","status":"publish","type":"product","link":"https:\/\/bloqueb.com\/index.php\/producto\/casa-cayunda\/","title":{"rendered":"Casa Cayunda"},"content":{"rendered":"<p data-start=\"197\" data-end=\"691\">Despertar rodeado de verde, con la luz natural entrando por grandes ventanales y el aire recorriendo cada espacio, es el nuevo lujo del habitar. En esta casa campestre transformamos la experiencia diaria integrando terrazas, jard\u00edn y \u00e1reas interiores, acompa\u00f1adas de pisos SPC en tonos c\u00e1lidos, vigas en madera y muros blancos que ampl\u00edan visualmente el hogar. La chimenea a gas, la ventaner\u00eda termoac\u00fastica y la iluminaci\u00f3n dirigida crean ambientes confortables, modernos y llenos de car\u00e1cter.<\/p>\n<p data-start=\"693\" data-end=\"1151\">La cocina se convierte en protagonista con su carpinter\u00eda azul en tendencia, palillaje, vidrio e iluminaci\u00f3n indirecta que resalta el quarztone gris. Habitaciones pensadas para el descanso, vestier con claraboyas, ba\u00f1os renovados con luz natural y detalles contempor\u00e1neos, y un acceso que sorprende con jard\u00edn interior, hacen de esta vivienda un refugio \u00fanico. Una vivienda donde arquitectura y paisaje se funden para crear un estilo de vida m\u00e1s tranquilo, luminoso y sofisticado.<\/p>\n<p><strong>Ficha T\u00e9cnica:<br \/>\n<\/strong>Cayunda<br \/>\n<strong>Ubicaci\u00f3n:<\/strong> Cundinamarca \u2013 Colombia<br \/>\n<strong>\u00c1rea: <\/strong>280 m2 y jard\u00edn-terraza que suman 107 m2<br \/>\n<strong>A\u00f1o: <\/strong>2023<br \/>\n<strong>Tiempo: <\/strong>16\u00a0meses<br \/>\n<strong>Descripci\u00f3n:<\/strong> Dise\u00f1o Arquitect\u00f3nico, Dise\u00f1o de Interiores, Conceptualizaci\u00f3n Espacial, Presupuesto y Construcci\u00f3n<\/p>\n","protected":false},"excerpt":{"rendered":"<p>Despertar rodeado de verde, con la luz natural entrando por grandes ventanales y el aire recorriendo cada espacio, es el nuevo lujo del habitar. En esta casa campestre transformamos la experiencia diaria integrando terrazas, jard\u00edn y \u00e1reas interiores, acompa\u00f1adas de pisos SPC en tonos c\u00e1lidos, vigas en madera y muros blancos que ampl\u00edan visualmente el [&#8230;]\n","protected":false},"featured_media":1737,"template":"","meta":{"_acf_changed":false,"h5ap_radio_sources":[],"_joinchat":[]},"product_brand":[],"product_cat":[18,29,34,22],"product_tag":[],"class_list":{"0":"post-1722","1":"product","2":"type-product","3":"status-publish","4":"has-post-thumbnail","6":"product_cat-casas","7":"product_cat-colombia","8":"product_cat-colombia-inicio","9":"product_cat-residencial","11":"first","12":"instock","13":"featured","14":"shipping-taxable","15":"product-type-simple"},"acf":[],"_links":{"self":[{"href":"https:\/\/bloqueb.com\/index.php\/wp-json\/wp\/v2\/product\/1722","targetHints":{"allow":["GET"]}}],"collection":[{"href":"https:\/\/bloqueb.com\/index.php\/wp-json\/wp\/v2\/product"}],"about":[{"href":"https:\/\/bloqueb.com\/index.php\/wp-json\/wp\/v2\/types\/product"}],"wp:featuredmedia":[{"embeddable":true,"href":"https:\/\/bloqueb.com\/index.php\/wp-json\/wp\/v2\/media\/1737"}],"wp:attachment":[{"href":"https:\/\/bloqueb.com\/index.php\/wp-json\/wp\/v2\/media?parent=1722"}],"wp:term":[{"taxonomy":"product_brand","embeddable":true,"href":"https:\/\/bloqueb.com\/index.php\/wp-json\/wp\/v2\/product_brand?post=1722"},{"taxonomy":"product_cat","embeddable":true,"href":"https:\/\/bloqueb.com\/index.php\/wp-json\/wp\/v2\/product_cat?post=1722"},{"taxonomy":"product_tag","embeddable":true,"href":"https:\/\/bloqueb.com\/index.php\/wp-json\/wp\/v2\/product_tag?post=1722"}],"curies":[{"name":"wp","href":"https:\/\/api.w.org\/{rel}","templated":true}]}}