{"id":1754,"date":"2026-02-11T13:36:19","date_gmt":"2026-02-11T18:36:19","guid":{"rendered":"https:\/\/bloqueb.com\/?post_type=product&#038;p=1754"},"modified":"2026-03-12T13:27:20","modified_gmt":"2026-03-12T18:27:20","slug":"apto-82b","status":"publish","type":"product","link":"https:\/\/bloqueb.com\/index.php\/producto\/apto-82b\/","title":{"rendered":"Apartamento 82B"},"content":{"rendered":"<p data-start=\"199\" data-end=\"619\">Abrir los espacios es abrir nuevas formas de vivir. En este apartamento transformamos la zona social con una cocina protagonista: carpinter\u00eda blanca y en tonos c\u00e1lidos, quarztone tipo m\u00e1rmol, barra con iluminaci\u00f3n descolgada, superficies que reflejan elegancia atemporal y licorera integrada que invita a compartir. Los nichos iluminados, la escalera en madera con vidrio y la continuidad hacia la terraza balc\u00f3n crean una atm\u00f3sfera moderna, elegante y llena de luz.<\/p>\n<p data-start=\"621\" data-end=\"1064\">Los ambientes privados se dise\u00f1aron para el confort absoluto: vestier organizado y funcional, estudio con iluminaci\u00f3n precisa, habitaci\u00f3n principal con espaldar en listones y acceso a una terraza verde que aporta calma. Ba\u00f1os amplios, materiales contempor\u00e1neos y soluciones de almacenamiento convierten la rutina en bienestar.<\/p>\n<p><strong>Ficha T\u00e9cnica:<br \/>\n<\/strong>Edificio 82<strong><br \/>\n<\/strong><strong style=\"font-size: 14.4px;\">Ubicaci\u00f3n:<\/strong><span style=\"font-size: 14.4px;\"> Bogot\u00e1 \u2013 Colombia<br \/>\n<\/span><strong style=\"font-size: 14.4px;\">\u00c1rea:<\/strong><span style=\"font-size: 14.4px;\"> 106 m2 y terrazas cubiertas de 17m2<br \/>\n<\/span><strong style=\"font-size: 14.4px;\">A\u00f1o:<\/strong><span style=\"font-size: 14.4px;\"> 2023<br \/>\n<\/span><strong style=\"font-size: 14.4px;\">Tiempo:<\/strong><span style=\"font-size: 14.4px;\"> 4 Meses<br \/>\n<\/span><strong style=\"font-size: 14.4px;\">Descripci\u00f3n:<\/strong><span style=\"font-size: 14.4px;\"> Desarrollo Arquitect\u00f3nico, Arquitectura Interior, Presupuesto y Ejecuci\u00f3n de obra<\/span><\/p>\n","protected":false},"excerpt":{"rendered":"<p>Abrir los espacios es abrir nuevas formas de vivir. En este apartamento transformamos la zona social con una cocina protagonista: carpinter\u00eda blanca y en tonos c\u00e1lidos, quarztone tipo m\u00e1rmol, barra con iluminaci\u00f3n descolgada, superficies que reflejan elegancia atemporal y licorera integrada que invita a compartir. Los nichos iluminados, la escalera en madera con vidrio y [&#8230;]\n","protected":false},"featured_media":1755,"template":"","meta":{"_acf_changed":false,"h5ap_radio_sources":[],"_joinchat":[]},"product_brand":[],"product_cat":[17,29,34,22],"product_tag":[],"class_list":{"0":"post-1754","1":"product","2":"type-product","3":"status-publish","4":"has-post-thumbnail","6":"product_cat-apartamentos","7":"product_cat-colombia","8":"product_cat-colombia-inicio","9":"product_cat-residencial","11":"first","12":"instock","13":"shipping-taxable","14":"product-type-simple"},"acf":[],"_links":{"self":[{"href":"https:\/\/bloqueb.com\/index.php\/wp-json\/wp\/v2\/product\/1754","targetHints":{"allow":["GET"]}}],"collection":[{"href":"https:\/\/bloqueb.com\/index.php\/wp-json\/wp\/v2\/product"}],"about":[{"href":"https:\/\/bloqueb.com\/index.php\/wp-json\/wp\/v2\/types\/product"}],"wp:featuredmedia":[{"embeddable":true,"href":"https:\/\/bloqueb.com\/index.php\/wp-json\/wp\/v2\/media\/1755"}],"wp:attachment":[{"href":"https:\/\/bloqueb.com\/index.php\/wp-json\/wp\/v2\/media?parent=1754"}],"wp:term":[{"taxonomy":"product_brand","embeddable":true,"href":"https:\/\/bloqueb.com\/index.php\/wp-json\/wp\/v2\/product_brand?post=1754"},{"taxonomy":"product_cat","embeddable":true,"href":"https:\/\/bloqueb.com\/index.php\/wp-json\/wp\/v2\/product_cat?post=1754"},{"taxonomy":"product_tag","embeddable":true,"href":"https:\/\/bloqueb.com\/index.php\/wp-json\/wp\/v2\/product_tag?post=1754"}],"curies":[{"name":"wp","href":"https:\/\/api.w.org\/{rel}","templated":true}]}}