{"id":1776,"date":"2026-02-16T17:13:04","date_gmt":"2026-02-16T22:13:04","guid":{"rendered":"https:\/\/bloqueb.com\/?post_type=product&#038;p=1776"},"modified":"2026-03-12T13:22:37","modified_gmt":"2026-03-12T18:22:37","slug":"apartamento-82","status":"publish","type":"product","link":"https:\/\/bloqueb.com\/index.php\/producto\/apartamento-82\/","title":{"rendered":"Apartamento 82"},"content":{"rendered":"<p data-start=\"171\" data-end=\"604\">Transformamos este aparta estudio en un espacio fluido, elegante y completamente optimizado. En este proyecto trasladamos la cocina para crear un ambiente social abierto, articulado por una isla central que se extiende al comedor y dialoga con la sala a trav\u00e9s de una chimenea en microcemento conecta las \u00e1reas sociales con car\u00e1cter y modernidad. La iluminaci\u00f3n arquitect\u00f3nica en nichos y la continuidad del piso SPC generan amplitud, armon\u00eda y coherencia visual. Cuando el dise\u00f1o se piensa estrat\u00e9gicamente, cada metro cuadrado cobra valor.<\/p>\n<p data-start=\"606\" data-end=\"1104\">Cada detalle fue dise\u00f1ado a medida: escritorio y almacenamiento integrados, mueble de TV compartido entre sala y habitaci\u00f3n, acceso al balc\u00f3n terraza desde ambos espacios y una habitaci\u00f3n que invita al descanso con iluminaci\u00f3n descolgada y walking closet. Los ba\u00f1os elevan la experiencia con grifer\u00edas doradas, mosaicos con personalidad y acabados que combinan elegancia y calidez. La zona de ropas se independiza con una puerta en listones al ingreso, y el antiguo espacio se transforma en un ba\u00f1o social sofisticado con piedra natural, papel tapiz y acentos dorados que sorprenden a los invitados.<\/p>\n<p><strong>Ficha T\u00e9cnica:<br \/>\n<\/strong>Edificio 82<strong><br \/>\n<\/strong><strong style=\"font-size: 14.4px;\">Ubicaci\u00f3n:<\/strong><span style=\"font-size: 14.4px;\"> Bogot\u00e1 \u2013 Colombia<br \/>\n<\/span><strong style=\"font-size: 14.4px;\">\u00c1rea:<\/strong><span style=\"font-size: 14.4px;\"> 49 m2 y balc\u00f3n de 5 m2<br \/>\n<\/span><strong style=\"font-size: 14.4px;\">A\u00f1o:<\/strong><span style=\"font-size: 14.4px;\"> 2023<br \/>\n<\/span><strong style=\"font-size: 14.4px;\">Tiempo:<\/strong><span style=\"font-size: 14.4px;\"> 4 Meses<br \/>\n<\/span><strong style=\"font-size: 14.4px;\">Descripci\u00f3n:<\/strong><span style=\"font-size: 14.4px;\"> Planeaci\u00f3n arquitect\u00f3nica, Interiorismo, Propuesta econ\u00f3mica y Ejecuci\u00f3n de obra<\/span><\/p>\n","protected":false},"excerpt":{"rendered":"<p>Transformamos este aparta estudio en un espacio fluido, elegante y completamente optimizado. En este proyecto trasladamos la cocina para crear un ambiente social abierto, articulado por una isla central que se extiende al comedor y dialoga con la sala a trav\u00e9s de una chimenea en microcemento conecta las \u00e1reas sociales con car\u00e1cter y modernidad. La [&#8230;]\n","protected":false},"featured_media":1777,"template":"","meta":{"_acf_changed":false,"h5ap_radio_sources":[],"_joinchat":[]},"product_brand":[],"product_cat":[17,29,34,22],"product_tag":[],"class_list":{"0":"post-1776","1":"product","2":"type-product","3":"status-publish","4":"has-post-thumbnail","6":"product_cat-apartamentos","7":"product_cat-colombia","8":"product_cat-colombia-inicio","9":"product_cat-residencial","11":"first","12":"instock","13":"shipping-taxable","14":"product-type-simple"},"acf":[],"_links":{"self":[{"href":"https:\/\/bloqueb.com\/index.php\/wp-json\/wp\/v2\/product\/1776","targetHints":{"allow":["GET"]}}],"collection":[{"href":"https:\/\/bloqueb.com\/index.php\/wp-json\/wp\/v2\/product"}],"about":[{"href":"https:\/\/bloqueb.com\/index.php\/wp-json\/wp\/v2\/types\/product"}],"wp:featuredmedia":[{"embeddable":true,"href":"https:\/\/bloqueb.com\/index.php\/wp-json\/wp\/v2\/media\/1777"}],"wp:attachment":[{"href":"https:\/\/bloqueb.com\/index.php\/wp-json\/wp\/v2\/media?parent=1776"}],"wp:term":[{"taxonomy":"product_brand","embeddable":true,"href":"https:\/\/bloqueb.com\/index.php\/wp-json\/wp\/v2\/product_brand?post=1776"},{"taxonomy":"product_cat","embeddable":true,"href":"https:\/\/bloqueb.com\/index.php\/wp-json\/wp\/v2\/product_cat?post=1776"},{"taxonomy":"product_tag","embeddable":true,"href":"https:\/\/bloqueb.com\/index.php\/wp-json\/wp\/v2\/product_tag?post=1776"}],"curies":[{"name":"wp","href":"https:\/\/api.w.org\/{rel}","templated":true}]}}