{"id":1795,"date":"2026-02-19T12:58:41","date_gmt":"2026-02-19T17:58:41","guid":{"rendered":"https:\/\/bloqueb.com\/?post_type=product&#038;p=1795"},"modified":"2026-03-12T13:26:37","modified_gmt":"2026-03-12T18:26:37","slug":"apartamento-71b","status":"publish","type":"product","link":"https:\/\/bloqueb.com\/index.php\/producto\/apartamento-71b\/","title":{"rendered":"Apartamento 71B"},"content":{"rendered":"<p data-start=\"149\" data-end=\"641\">Este apartamento fue transformado para reflejar personalidad en cada detalle. El nuevo piso SPC unifica y aporta calidez a todos los espacios, mientras la cocina se convierte en protagonista con su cer\u00e1mica tipo mosaico, completamente equipada, combina materiales contempor\u00e1neos y detalles con identidad carpinter\u00eda en tono taupe y mes\u00f3n en quarztone blanco polar que equilibra elegancia y funcionalidad. La iluminaci\u00f3n en rieles, los nichos en el cielo raso y el muro en ladrillo vintage blanco con chimenea integrada crean un ambiente acogedor, moderno y lleno de car\u00e1cter. Cada decisi\u00f3n en esta remodelaci\u00f3n fue pensada para integrar dise\u00f1o, funcionalidad y estilo.<\/p>\n<p data-start=\"643\" data-end=\"1066\">Los espacios privados elevan la experiencia diaria: estudio funcional con carpinter\u00eda c\u00e1lida, habitaci\u00f3n con centro de entretenimiento a medida y ba\u00f1os dise\u00f1ados para el confort, combinando iluminaci\u00f3n indirecta, almacenamiento inteligente y acabados sofisticados en madera, negro y texturas protagonistas. Renovar es transformar la forma en que vives tu hogar.<\/p>\n<p><strong>Ficha T\u00e9cnica:<br \/>\n<\/strong><span style=\"font-size: 14.4px;\">Edificio Cipres de Monterrey<br \/>\n<\/span><strong style=\"font-size: 14.4px;\">Ubicaci\u00f3n:<\/strong><span style=\"font-size: 14.4px;\"> Bogot\u00e1 \u2013 Colombia<br \/>\n<\/span><strong style=\"font-size: 14.4px;\">\u00c1rea: <\/strong>16<span style=\"font-size: 14.4px;\">2 m2<br \/>\n<\/span><strong style=\"font-size: 14.4px;\">A\u00f1o: <\/strong><span style=\"font-size: 14.4px;\">2023<br \/>\n<\/span><strong style=\"font-size: 14.4px;\">Tiempo: <\/strong>5<span style=\"font-size: 14.4px;\"> meses<br \/>\n<\/span><strong style=\"font-size: 14.4px;\">Descripci\u00f3n:<\/strong><span style=\"font-size: 14.4px;\"> Planeaci\u00f3n Arquitect\u00f3nica, Dise\u00f1o de Interiores, Ambientaci\u00f3n de espacios, Calidez, Presupuesto y Construcci\u00f3n<\/span><\/p>\n","protected":false},"excerpt":{"rendered":"<p>Este apartamento fue transformado para reflejar personalidad en cada detalle. El nuevo piso SPC unifica y aporta calidez a todos los espacios, mientras la cocina se convierte en protagonista con su cer\u00e1mica tipo mosaico, completamente equipada, combina materiales contempor\u00e1neos y detalles con identidad carpinter\u00eda en tono taupe y mes\u00f3n en quarztone blanco polar que equilibra [&#8230;]\n","protected":false},"featured_media":1808,"template":"","meta":{"_acf_changed":false,"h5ap_radio_sources":[],"_joinchat":[]},"product_brand":[],"product_cat":[17,29,34,22],"product_tag":[],"class_list":{"0":"post-1795","1":"product","2":"type-product","3":"status-publish","4":"has-post-thumbnail","6":"product_cat-apartamentos","7":"product_cat-colombia","8":"product_cat-colombia-inicio","9":"product_cat-residencial","11":"first","12":"instock","13":"shipping-taxable","14":"product-type-simple"},"acf":[],"_links":{"self":[{"href":"https:\/\/bloqueb.com\/index.php\/wp-json\/wp\/v2\/product\/1795","targetHints":{"allow":["GET"]}}],"collection":[{"href":"https:\/\/bloqueb.com\/index.php\/wp-json\/wp\/v2\/product"}],"about":[{"href":"https:\/\/bloqueb.com\/index.php\/wp-json\/wp\/v2\/types\/product"}],"wp:featuredmedia":[{"embeddable":true,"href":"https:\/\/bloqueb.com\/index.php\/wp-json\/wp\/v2\/media\/1808"}],"wp:attachment":[{"href":"https:\/\/bloqueb.com\/index.php\/wp-json\/wp\/v2\/media?parent=1795"}],"wp:term":[{"taxonomy":"product_brand","embeddable":true,"href":"https:\/\/bloqueb.com\/index.php\/wp-json\/wp\/v2\/product_brand?post=1795"},{"taxonomy":"product_cat","embeddable":true,"href":"https:\/\/bloqueb.com\/index.php\/wp-json\/wp\/v2\/product_cat?post=1795"},{"taxonomy":"product_tag","embeddable":true,"href":"https:\/\/bloqueb.com\/index.php\/wp-json\/wp\/v2\/product_tag?post=1795"}],"curies":[{"name":"wp","href":"https:\/\/api.w.org\/{rel}","templated":true}]}}