{"id":1885,"date":"2026-03-04T09:17:45","date_gmt":"2026-03-04T14:17:45","guid":{"rendered":"https:\/\/bloqueb.com\/?post_type=product&#038;p=1885"},"modified":"2026-03-31T09:53:25","modified_gmt":"2026-03-31T14:53:25","slug":"canchas-olympique-love-futbol","status":"publish","type":"product","link":"https:\/\/bloqueb.com\/index.php\/producto\/canchas-olympique-love-futbol\/","title":{"rendered":"Cancha Olympique Love F\u00fatbol"},"content":{"rendered":"<p data-start=\"153\" data-end=\"546\">Transformar el espacio p\u00fablico es transformar vidas. En Villa Milpa Alta, M\u00e9xico, este proyecto nace con el prop\u00f3sito de devolverle a la comunidad un lugar digno para el encuentro, el deporte y el aprendizaje. La creaci\u00f3n de una nueva cancha cubierta con malla sombra, su cerramiento y un espacio multiprop\u00f3sito para fortalecer el tejido social y promueven el bienestar colectivo.<\/p>\n<p data-start=\"548\" data-end=\"1038\">El proyecto integra estrategias responsables: conservaci\u00f3n de la vegetaci\u00f3n existente e integraci\u00f3n de soluciones sostenibles como iluminaci\u00f3n con paneles solares, recuperaci\u00f3n de agua lluvia para riego y reutilizaci\u00f3n de guaduas como cortasoles. La incorporaci\u00f3n de un aula comunitaria ampl\u00eda el impacto del proyecto, convirti\u00e9ndolo en un espacio para crecer, compartir y construir futuro.<\/p>\n<p><strong>Ficha T\u00e9cnica:<br \/>\n<\/strong>Cancha Olympique<br \/>\n<strong>Ubicaci\u00f3n: <\/strong>Villa Milpa Alta\u00a0\u2013 M\u00e9xico<br \/>\n<strong>\u00c1rea:<\/strong> 735 m2<br \/>\n<strong>A\u00f1o:<\/strong> 2023<br \/>\n<strong>Tiempo:<\/strong> 2 Meses<br \/>\n<strong>Descripci\u00f3n:<\/strong> Dise\u00f1o Arquitect\u00f3nico, Urbanismo, Espacio P\u00fablico,\u00a0 Presupuesto y Construcci\u00f3n<\/p>\n","protected":false},"excerpt":{"rendered":"<p>Transformar el espacio p\u00fablico es transformar vidas. En Villa Milpa Alta, M\u00e9xico, este proyecto nace con el prop\u00f3sito de devolverle a la comunidad un lugar digno para el encuentro, el deporte y el aprendizaje. La creaci\u00f3n de una nueva cancha cubierta con malla sombra, su cerramiento y un espacio multiprop\u00f3sito para fortalecer el tejido social [&#8230;]\n","protected":false},"featured_media":1897,"template":"","meta":{"_acf_changed":false,"h5ap_radio_sources":[],"_joinchat":[]},"product_brand":[],"product_cat":[30,35,33],"product_tag":[],"class_list":{"0":"post-1885","1":"product","2":"type-product","3":"status-publish","4":"has-post-thumbnail","6":"product_cat-mexico","7":"product_cat-mexico-inicio","8":"product_cat-recreacional-mexico","10":"first","11":"instock","12":"featured","13":"shipping-taxable","14":"product-type-simple"},"acf":[],"_links":{"self":[{"href":"https:\/\/bloqueb.com\/index.php\/wp-json\/wp\/v2\/product\/1885","targetHints":{"allow":["GET"]}}],"collection":[{"href":"https:\/\/bloqueb.com\/index.php\/wp-json\/wp\/v2\/product"}],"about":[{"href":"https:\/\/bloqueb.com\/index.php\/wp-json\/wp\/v2\/types\/product"}],"wp:featuredmedia":[{"embeddable":true,"href":"https:\/\/bloqueb.com\/index.php\/wp-json\/wp\/v2\/media\/1897"}],"wp:attachment":[{"href":"https:\/\/bloqueb.com\/index.php\/wp-json\/wp\/v2\/media?parent=1885"}],"wp:term":[{"taxonomy":"product_brand","embeddable":true,"href":"https:\/\/bloqueb.com\/index.php\/wp-json\/wp\/v2\/product_brand?post=1885"},{"taxonomy":"product_cat","embeddable":true,"href":"https:\/\/bloqueb.com\/index.php\/wp-json\/wp\/v2\/product_cat?post=1885"},{"taxonomy":"product_tag","embeddable":true,"href":"https:\/\/bloqueb.com\/index.php\/wp-json\/wp\/v2\/product_tag?post=1885"}],"curies":[{"name":"wp","href":"https:\/\/api.w.org\/{rel}","templated":true}]}}