{"id":1947,"date":"2026-03-05T17:14:54","date_gmt":"2026-03-05T22:14:54","guid":{"rendered":"https:\/\/bloqueb.com\/?post_type=product&#038;p=1947"},"modified":"2026-03-27T13:47:58","modified_gmt":"2026-03-27T18:47:58","slug":"oficinas-vise","status":"publish","type":"product","link":"https:\/\/bloqueb.com\/index.php\/producto\/oficinas-vise\/","title":{"rendered":"Oficinas VISE"},"content":{"rendered":"<p data-start=\"153\" data-end=\"606\">Esta propuesta transforma las oficinas de una empresa de seguridad en un verdadero showroom tecnol\u00f3gico, donde cada espacio demuestra la innovaci\u00f3n que respalda su operaci\u00f3n. Salas de juntas, oficinas de mando y \u00e1reas de control de alarmas y video portero se integran en un entorno contempor\u00e1neo que combina dise\u00f1o, funcionalidad y tecnolog\u00eda, permitiendo que clientes y colaboradores experimenten de primera mano las soluciones que la empresa ofrece.<\/p>\n<p data-start=\"608\" data-end=\"1178\">El dise\u00f1o prioriza el bienestar y la productividad: incorpora espacios accesibles para personas con movilidad reducida, zonas de coworking con arquitectura biof\u00edlica, \u00e1reas de descanso y cafeter\u00eda para equilibrar productividad y bienestar. El uso estrat\u00e9gico de piso SPC en zonas de transici\u00f3n, alfombra en \u00e1reas de permanencia, soluciones termo-ac\u00fasticas, iluminaci\u00f3n descolgada y mobiliario ac\u00fastico crea ambientes c\u00f3modos, eficientes y preparados para el trabajo colaborativo.<\/p>\n<p><strong>Ficha T\u00e9cnica:<\/strong><br \/>\n<strong>Ubicaci\u00f3n: <\/strong>Ciudad de M\u00e9xico\u00a0\u2013 M\u00e9xico<br \/>\n<strong>\u00c1rea:<\/strong> 560 m2<br \/>\n<strong>A\u00f1o:<\/strong> 2024<br \/>\n<strong>Descripci\u00f3n:<\/strong> Dise\u00f1o Arquitect\u00f3nico, Dise\u00f1o de Interiores e Implementaci\u00f3n de tecnolog\u00eda<\/p>\n","protected":false},"excerpt":{"rendered":"<p>Esta propuesta transforma las oficinas de una empresa de seguridad en un verdadero showroom tecnol\u00f3gico, donde cada espacio demuestra la innovaci\u00f3n que respalda su operaci\u00f3n. Salas de juntas, oficinas de mando y \u00e1reas de control de alarmas y video portero se integran en un entorno contempor\u00e1neo que combina dise\u00f1o, funcionalidad y tecnolog\u00eda, permitiendo que clientes [&#8230;]\n","protected":false},"featured_media":1949,"template":"","meta":{"_acf_changed":false,"h5ap_radio_sources":[],"_joinchat":[]},"product_brand":[],"product_cat":[32,30,35],"product_tag":[],"class_list":{"0":"post-1947","1":"product","2":"type-product","3":"status-publish","4":"has-post-thumbnail","6":"product_cat-corporativo-mexico","7":"product_cat-mexico","8":"product_cat-mexico-inicio","10":"first","11":"instock","12":"shipping-taxable","13":"product-type-simple"},"acf":[],"_links":{"self":[{"href":"https:\/\/bloqueb.com\/index.php\/wp-json\/wp\/v2\/product\/1947","targetHints":{"allow":["GET"]}}],"collection":[{"href":"https:\/\/bloqueb.com\/index.php\/wp-json\/wp\/v2\/product"}],"about":[{"href":"https:\/\/bloqueb.com\/index.php\/wp-json\/wp\/v2\/types\/product"}],"wp:featuredmedia":[{"embeddable":true,"href":"https:\/\/bloqueb.com\/index.php\/wp-json\/wp\/v2\/media\/1949"}],"wp:attachment":[{"href":"https:\/\/bloqueb.com\/index.php\/wp-json\/wp\/v2\/media?parent=1947"}],"wp:term":[{"taxonomy":"product_brand","embeddable":true,"href":"https:\/\/bloqueb.com\/index.php\/wp-json\/wp\/v2\/product_brand?post=1947"},{"taxonomy":"product_cat","embeddable":true,"href":"https:\/\/bloqueb.com\/index.php\/wp-json\/wp\/v2\/product_cat?post=1947"},{"taxonomy":"product_tag","embeddable":true,"href":"https:\/\/bloqueb.com\/index.php\/wp-json\/wp\/v2\/product_tag?post=1947"}],"curies":[{"name":"wp","href":"https:\/\/api.w.org\/{rel}","templated":true}]}}