{"id":1976,"date":"2026-03-06T10:25:57","date_gmt":"2026-03-06T15:25:57","guid":{"rendered":"https:\/\/bloqueb.com\/?post_type=product&#038;p=1976"},"modified":"2026-03-27T13:47:22","modified_gmt":"2026-03-27T18:47:22","slug":"apartamento-97","status":"publish","type":"product","link":"https:\/\/bloqueb.com\/index.php\/producto\/apartamento-97\/","title":{"rendered":"Departamento CEG"},"content":{"rendered":"<p data-start=\"125\" data-end=\"702\">Una remodelaci\u00f3n total que transforma este apartamento en un hogar contempor\u00e1neo, c\u00e1lido y lleno de car\u00e1cter. La cocina abierta se integra naturalmente con el comedor a trav\u00e9s de una pen\u00ednsula funcional con almacenamiento, estufa y estaci\u00f3n de caf\u00e9, acompa\u00f1ada de una iluminaci\u00f3n lineal descolgada que enmarca el espacio de barra. La combinaci\u00f3n de carpinter\u00edas en madera clara, taupe y un acento azul crea un contraste elegante, mientras la alacena en vidrio con iluminaci\u00f3n LED aporta ligereza y sofisticaci\u00f3n.<\/p>\n<p data-start=\"704\" data-end=\"1349\" data-is-last-node=\"\" data-is-only-node=\"\">La experiencia del hogar contin\u00faa en cada detalle: una sala acogedora con nichos iluminados en el cielo raso, chimenea integrada y muros en ladrillo vintage blanco que conservan la esencia del espacio. Los ba\u00f1os se dise\u00f1an con acabados sobrios y elegantes, destacando el ba\u00f1o social con grifer\u00eda dorada, papel tapiz y luminarias que sorprenden a los invitados. En la habitaci\u00f3n principal, el mobiliario a medida, el rinc\u00f3n de lectura y los amplios espacios de almacenamiento crean un refugio de confort.<\/p>\n<p><strong>Ficha T\u00e9cnica:<\/strong><strong><br \/>\n<\/strong><strong style=\"font-size: 14.4px;\">Ubicaci\u00f3n:<\/strong><span style=\"font-size: 14.4px;\"> Ciudad de M\u00e9xico \u2013 M\u00e9xico<br \/>\n<\/span><strong style=\"font-size: 14.4px;\">\u00c1rea:<\/strong><span style=\"font-size: 14.4px;\"> 147 m2<br \/>\n<\/span><strong style=\"font-size: 14.4px;\">A\u00f1o:<\/strong><span style=\"font-size: 14.4px;\"> 2023<\/span><span style=\"font-size: 14.4px;\"><br \/>\n<\/span><strong style=\"font-size: 14.4px;\">Descripci\u00f3n:<\/strong><span style=\"font-size: 14.4px;\"> Dise\u00f1o arquitect\u00f3nico e Interiorismo\u00a0<\/span><\/p>\n","protected":false},"excerpt":{"rendered":"<p>Una remodelaci\u00f3n total que transforma este apartamento en un hogar contempor\u00e1neo, c\u00e1lido y lleno de car\u00e1cter. La cocina abierta se integra naturalmente con el comedor a trav\u00e9s de una pen\u00ednsula funcional con almacenamiento, estufa y estaci\u00f3n de caf\u00e9, acompa\u00f1ada de una iluminaci\u00f3n lineal descolgada que enmarca el espacio de barra. La combinaci\u00f3n de carpinter\u00edas en [&#8230;]\n","protected":false},"featured_media":1977,"template":"","meta":{"_acf_changed":false,"h5ap_radio_sources":[],"_joinchat":[]},"product_brand":[],"product_cat":[30,35,31],"product_tag":[],"class_list":{"0":"post-1976","1":"product","2":"type-product","3":"status-publish","4":"has-post-thumbnail","6":"product_cat-mexico","7":"product_cat-mexico-inicio","8":"product_cat-residencial-mexico","10":"first","11":"instock","12":"shipping-taxable","13":"product-type-simple"},"acf":[],"_links":{"self":[{"href":"https:\/\/bloqueb.com\/index.php\/wp-json\/wp\/v2\/product\/1976","targetHints":{"allow":["GET"]}}],"collection":[{"href":"https:\/\/bloqueb.com\/index.php\/wp-json\/wp\/v2\/product"}],"about":[{"href":"https:\/\/bloqueb.com\/index.php\/wp-json\/wp\/v2\/types\/product"}],"wp:featuredmedia":[{"embeddable":true,"href":"https:\/\/bloqueb.com\/index.php\/wp-json\/wp\/v2\/media\/1977"}],"wp:attachment":[{"href":"https:\/\/bloqueb.com\/index.php\/wp-json\/wp\/v2\/media?parent=1976"}],"wp:term":[{"taxonomy":"product_brand","embeddable":true,"href":"https:\/\/bloqueb.com\/index.php\/wp-json\/wp\/v2\/product_brand?post=1976"},{"taxonomy":"product_cat","embeddable":true,"href":"https:\/\/bloqueb.com\/index.php\/wp-json\/wp\/v2\/product_cat?post=1976"},{"taxonomy":"product_tag","embeddable":true,"href":"https:\/\/bloqueb.com\/index.php\/wp-json\/wp\/v2\/product_tag?post=1976"}],"curies":[{"name":"wp","href":"https:\/\/api.w.org\/{rel}","templated":true}]}}