{"id":2005,"date":"2026-03-06T13:58:11","date_gmt":"2026-03-06T18:58:11","guid":{"rendered":"https:\/\/bloqueb.com\/?post_type=product&#038;p=2005"},"modified":"2026-03-27T13:46:36","modified_gmt":"2026-03-27T18:46:36","slug":"oficinas-techpeople","status":"publish","type":"product","link":"https:\/\/bloqueb.com\/index.php\/producto\/oficinas-techpeople\/","title":{"rendered":"Oficinas TechPeople"},"content":{"rendered":"<article class=\"text-token-text-primary w-full focus:outline-none [--shadow-height:45px] has-data-writing-block:pointer-events-none has-data-writing-block:-mt-(--shadow-height) has-data-writing-block:pt-(--shadow-height) [&amp;:has([data-writing-block])&gt;*]:pointer-events-auto scroll-mt-(--header-height)\" dir=\"auto\" tabindex=\"-1\" data-turn-id=\"585486b7-d6a2-49cf-bdff-7cc40bd90043\" data-testid=\"conversation-turn-35\" data-scroll-anchor=\"false\" data-turn=\"user\"><\/article>\n<article class=\"text-token-text-primary w-full focus:outline-none [--shadow-height:45px] has-data-writing-block:pointer-events-none has-data-writing-block:-mt-(--shadow-height) has-data-writing-block:pt-(--shadow-height) [&amp;:has([data-writing-block])&gt;*]:pointer-events-auto scroll-mt-[calc(var(--header-height)+min(200px,max(70px,20svh)))]\" dir=\"auto\" tabindex=\"-1\" data-turn-id=\"request-698b726c-ec08-8330-92fa-3ab22c6bc151-4\" data-testid=\"conversation-turn-36\" data-scroll-anchor=\"true\" data-turn=\"assistant\">\n<div class=\"text-base my-auto mx-auto pb-10 [--thread-content-margin:var(--thread-content-margin-xs,calc(var(--spacing)*4))] @w-sm\/main:[--thread-content-margin:var(--thread-content-margin-sm,calc(var(--spacing)*6))] @w-lg\/main:[--thread-content-margin:var(--thread-content-margin-lg,calc(var(--spacing)*16))] px-(--thread-content-margin)\">\n<div class=\"[--thread-content-max-width:40rem] @w-lg\/main:[--thread-content-max-width:48rem] mx-auto max-w-(--thread-content-max-width) flex-1 group\/turn-messages focus-visible:outline-hidden relative flex w-full min-w-0 flex-col agent-turn\" tabindex=\"-1\">\n<div class=\"flex max-w-full flex-col gap-4 grow\">\n<div class=\"min-h-8 text-message relative flex w-full flex-col items-end gap-2 text-start break-words whitespace-normal [.text-message+&amp;]:mt-1\" dir=\"auto\" data-message-author-role=\"assistant\" data-message-id=\"98f3b880-65ac-42bc-82f7-19559f72f089\" data-message-model-slug=\"gpt-5-3\">\n<div class=\"flex w-full flex-col gap-1 empty:hidden\">\n<div class=\"markdown prose dark:prose-invert w-full wrap-break-word light markdown-new-styling\">\n<p data-start=\"0\" data-end=\"660\">Esta remodelaci\u00f3n transforma las oficinas en un entorno contempor\u00e1neo, eficiente y pensado para potenciar la productividad. El nuevo piso en SPC color madera clara aporta continuidad y calidez a todo el espacio, mientras la distribuci\u00f3n integra \u00e1reas estrat\u00e9gicas como la recepci\u00f3n con sala de espera, oficina del director ejecutivo, direcci\u00f3n administrativa, 31 puestos de trabajo y tres salas de reuniones privadas con cerramientos en vidrio y pel\u00edcula sandblasting que brindan privacidad sin perder luminosidad. Cada puesto de trabajo fue dise\u00f1ado con mobiliario en carpinter\u00eda clara y estructura met\u00e1lica, creando un ambiente moderno, funcional y ordenado.<\/p>\n<p data-start=\"662\" data-end=\"1295\" data-is-last-node=\"\" data-is-only-node=\"\">El proyecto tambi\u00e9n incorpora espacios pensados para el bienestar y la colaboraci\u00f3n: una zona de caf\u00e9 completamente equipada con iluminaci\u00f3n lineal y listones en cielo raso, cabinas privadas para llamadas y una zona de descanso escalonada con capacidad para reuniones informales, intercambio de ideas y momentos de pausa. Con almacenamiento estrat\u00e9gico y \u00e1reas vers\u00e1tiles que favorecen el trabajo en equipo, estas oficinas demuestran c\u00f3mo el dise\u00f1o puede transformar la forma de trabajar.<\/p>\n<\/div>\n<\/div>\n<\/div>\n<\/div>\n<\/div>\n<\/div>\n<\/article>\n<p><strong>Ficha T\u00e9cnica:<\/strong><br \/>\nEdificio Calle Presa Salinillas 370<br \/>\n<strong>Ubicaci\u00f3n: <\/strong>Ciudad de M\u00e9xico\u00a0\u2013 M\u00e9xico<br \/>\n<strong>\u00c1rea:<\/strong> 560 m2<br \/>\n<strong>A\u00f1o:<\/strong> 2024<br \/>\n<strong>Descripci\u00f3n:<\/strong> Dise\u00f1o Arquitect\u00f3nico, Dise\u00f1o de Interiores y Programa Arquitect\u00f3nico<\/p>\n","protected":false},"excerpt":{"rendered":"<p>Esta remodelaci\u00f3n transforma las oficinas en un entorno contempor\u00e1neo, eficiente y pensado para potenciar la productividad. El nuevo piso en SPC color madera clara aporta continuidad y calidez a todo el espacio, mientras la distribuci\u00f3n integra \u00e1reas estrat\u00e9gicas como la recepci\u00f3n con sala de espera, oficina del director ejecutivo, direcci\u00f3n administrativa, 31 puestos de trabajo [&#8230;]\n","protected":false},"featured_media":2018,"template":"","meta":{"_acf_changed":false,"h5ap_radio_sources":[],"_joinchat":[]},"product_brand":[],"product_cat":[32,30,35],"product_tag":[],"class_list":{"0":"post-2005","1":"product","2":"type-product","3":"status-publish","4":"has-post-thumbnail","6":"product_cat-corporativo-mexico","7":"product_cat-mexico","8":"product_cat-mexico-inicio","10":"first","11":"instock","12":"shipping-taxable","13":"product-type-simple"},"acf":[],"_links":{"self":[{"href":"https:\/\/bloqueb.com\/index.php\/wp-json\/wp\/v2\/product\/2005","targetHints":{"allow":["GET"]}}],"collection":[{"href":"https:\/\/bloqueb.com\/index.php\/wp-json\/wp\/v2\/product"}],"about":[{"href":"https:\/\/bloqueb.com\/index.php\/wp-json\/wp\/v2\/types\/product"}],"wp:featuredmedia":[{"embeddable":true,"href":"https:\/\/bloqueb.com\/index.php\/wp-json\/wp\/v2\/media\/2018"}],"wp:attachment":[{"href":"https:\/\/bloqueb.com\/index.php\/wp-json\/wp\/v2\/media?parent=2005"}],"wp:term":[{"taxonomy":"product_brand","embeddable":true,"href":"https:\/\/bloqueb.com\/index.php\/wp-json\/wp\/v2\/product_brand?post=2005"},{"taxonomy":"product_cat","embeddable":true,"href":"https:\/\/bloqueb.com\/index.php\/wp-json\/wp\/v2\/product_cat?post=2005"},{"taxonomy":"product_tag","embeddable":true,"href":"https:\/\/bloqueb.com\/index.php\/wp-json\/wp\/v2\/product_tag?post=2005"}],"curies":[{"name":"wp","href":"https:\/\/api.w.org\/{rel}","templated":true}]}}