{"id":204,"date":"2024-01-22T05:28:16","date_gmt":"2024-01-22T04:28:16","guid":{"rendered":"http:\/\/bloqueb.com\/?post_type=product&#038;p=204"},"modified":"2026-03-12T13:27:44","modified_gmt":"2026-03-12T18:27:44","slug":"oficinas-advent-international","status":"publish","type":"product","link":"https:\/\/bloqueb.com\/index.php\/producto\/oficinas-advent-international\/","title":{"rendered":"Oficinas Advent International"},"content":{"rendered":"<p data-start=\"164\" data-end=\"520\">Estas oficinas fueron transformadas para reflejar profesionalismo y modernidad en cada detalle. La renovaci\u00f3n inici\u00f3 con una recepci\u00f3n completamente actualizada, que da la bienvenida con una imagen fresca y corporativa. Se reemplazaron los pisos de pasillos y sala principal, aportando un acabado elegante y resistente que realza la est\u00e9tica del espacio.<\/p>\n<p data-start=\"522\" data-end=\"958\">La sala de juntas principal fue modernizada y equipada con paneles ac\u00fasticos, garantizando comodidad y funcionalidad para reuniones m\u00e1s productivas. Finalmente, una pintura total renov\u00f3 la apariencia de todas las oficinas, logrando un entorno limpio, ordenado y motivador para quienes lo habitan. Un proyecto que demuestra c\u00f3mo una remodelaci\u00f3n bien planificada puede elevar la identidad y el confort de cualquier espacio corporativo.<\/p>\n<p><strong>Ficha T\u00e9cnica:<\/strong><br \/>\nOficinas Advent International &#8211; Torre La Cabrera<br \/>\n<strong>Ubicaci\u00f3n: <\/strong>Bogot\u00e1 \u2013 Colombia<br \/>\n<strong>\u00c1rea:<\/strong> 600 m2<br \/>\n<strong>A\u00f1o:<\/strong> 2020<br \/>\n<strong>Tiempo:<\/strong> 3 Meses<br \/>\n<strong>Descripci\u00f3n:<\/strong> Dise\u00f1o Arquitect\u00f3nico, Dise\u00f1o de Interiores, Presupuesto y Construcci\u00f3n<\/p>\n<p>&nbsp;<\/p>\n<p><strong>Antes y despu\u00e9s<\/strong><\/p>\n<div class=\"row\"  id=\"row-1840355645\">\n\n\t<div id=\"col-554281105\" class=\"col medium-2 small-12 large-2\"  >\n\t\t\t\t<div class=\"col-inner\"  >\n\t\t\t\n\t\t\t\n\t\t<\/div>\n\t\t\t\t\t<\/div>\n\n\t\n\n\t<div id=\"col-1591341455\" class=\"col medium-8 small-12 large-8\"  >\n\t\t\t\t<div class=\"col-inner\"  >\n\t\t\t\n\t\t\t\n<div id=\"twenty20-1\" class=\"twenty20\" style=\"width: 100% !important; clear: both;\"><div class=\"twentytwenty-container twenty20-1 \"><img decoding=\"async\" src=\"https:\/\/bloqueb.com\/wp-content\/uploads\/2024\/01\/02-11.jpg\" alt=\"Before image\" \/><img decoding=\"async\" src=\"https:\/\/bloqueb.com\/wp-content\/uploads\/2024\/01\/02-B-scaled.jpg\" alt=\"After image\" \/><\/div><\/div>\n\t\t<\/div>\n\t\t\t\t\t<\/div>\n\n\t\n\n\t<div id=\"col-2142044947\" class=\"col medium-2 small-12 large-2\"  >\n\t\t\t\t<div class=\"col-inner\"  >\n\t\t\t\n\t\t\t\n\t\t<\/div>\n\t\t\t\t\t<\/div>\n\n\t\n<\/div>\n","protected":false},"excerpt":{"rendered":"<p>Estas oficinas fueron transformadas para reflejar profesionalismo y modernidad en cada detalle. La renovaci\u00f3n inici\u00f3 con una recepci\u00f3n completamente actualizada, que da la bienvenida con una imagen fresca y corporativa. Se reemplazaron los pisos de pasillos y sala principal, aportando un acabado elegante y resistente que realza la est\u00e9tica del espacio. La sala de juntas [&#8230;]\n","protected":false},"featured_media":1454,"template":"","meta":{"_acf_changed":false,"h5ap_radio_sources":[],"_joinchat":[]},"product_brand":[],"product_cat":[29,34,19],"product_tag":[],"class_list":{"0":"post-204","1":"product","2":"type-product","3":"status-publish","4":"has-post-thumbnail","6":"product_cat-colombia","7":"product_cat-colombia-inicio","8":"product_cat-oficinas","10":"first","11":"instock","12":"shipping-taxable","13":"product-type-simple"},"acf":[],"_links":{"self":[{"href":"https:\/\/bloqueb.com\/index.php\/wp-json\/wp\/v2\/product\/204","targetHints":{"allow":["GET"]}}],"collection":[{"href":"https:\/\/bloqueb.com\/index.php\/wp-json\/wp\/v2\/product"}],"about":[{"href":"https:\/\/bloqueb.com\/index.php\/wp-json\/wp\/v2\/types\/product"}],"wp:featuredmedia":[{"embeddable":true,"href":"https:\/\/bloqueb.com\/index.php\/wp-json\/wp\/v2\/media\/1454"}],"wp:attachment":[{"href":"https:\/\/bloqueb.com\/index.php\/wp-json\/wp\/v2\/media?parent=204"}],"wp:term":[{"taxonomy":"product_brand","embeddable":true,"href":"https:\/\/bloqueb.com\/index.php\/wp-json\/wp\/v2\/product_brand?post=204"},{"taxonomy":"product_cat","embeddable":true,"href":"https:\/\/bloqueb.com\/index.php\/wp-json\/wp\/v2\/product_cat?post=204"},{"taxonomy":"product_tag","embeddable":true,"href":"https:\/\/bloqueb.com\/index.php\/wp-json\/wp\/v2\/product_tag?post=204"}],"curies":[{"name":"wp","href":"https:\/\/api.w.org\/{rel}","templated":true}]}}