{"id":2083,"date":"2026-03-26T10:34:12","date_gmt":"2026-03-26T15:34:12","guid":{"rendered":"https:\/\/bloqueb.com\/?post_type=product&#038;p=2083"},"modified":"2026-03-27T15:30:33","modified_gmt":"2026-03-27T20:30:33","slug":"oficinas-vise-2","status":"publish","type":"product","link":"https:\/\/bloqueb.com\/index.php\/producto\/oficinas-vise-2\/","title":{"rendered":"Oficinas VISE"},"content":{"rendered":"<p data-start=\"1245\" data-end=\"1621\">En este proyecto, la arquitectura se convierte en una herramienta para comunicar confianza, tecnolog\u00eda y eficiencia. Las oficinas fueron redise\u00f1adas para integrar \u00e1reas estrat\u00e9gicas como la recepci\u00f3n, sala de monitoreo y de crisis, creando un entorno profesional donde cada espacio refleja el nivel de especializaci\u00f3n de la empresa. Cada espacio fue pensado para integrar tecnolog\u00eda, seguridad y dise\u00f1o, permitiendo que clientes y colaboradores perciban el alcance real de la empresa. Los elementos de control de acceso, junto con materiales c\u00e1lidos y una iluminaci\u00f3n bien estudiada, generan un equilibrio entre lo t\u00e9cnico y lo humano.<\/p>\n<p data-start=\"1623\" data-end=\"2163\" data-is-last-node=\"\" data-is-only-node=\"\">El proyecto prioriza el bienestar y la accesibilidad, incorporando espacios para personas con movilidad reducida y una propuesta integral de mejoramiento ac\u00fastico. El uso de piso SPC unifica las \u00e1reas de transici\u00f3n y permanencia, creando continuidad y durabilidad. La propuesta incorpora soluciones inteligentes como almacenamiento optimizado, lockers, tratamiento ac\u00fastico y espacios accesibles que mejoran la funcionalidad diaria.<\/p>\n<p><strong>Ficha T\u00e9cnica:<\/strong><br \/>\n<strong>Ubicaci\u00f3n: <\/strong>Bogot\u00e1 \u2013 Colombia<br \/>\n<strong>\u00c1rea:<\/strong> 210 m2<br \/>\n<strong>A\u00f1o:<\/strong> 2021<br \/>\n<strong>Descripci\u00f3n:<\/strong> Dise\u00f1o Arquitect\u00f3nico, Dise\u00f1o de Interiores e Implementaci\u00f3n de tecnolog\u00eda<\/p>\n","protected":false},"excerpt":{"rendered":"<p>En este proyecto, la arquitectura se convierte en una herramienta para comunicar confianza, tecnolog\u00eda y eficiencia. Las oficinas fueron redise\u00f1adas para integrar \u00e1reas estrat\u00e9gicas como la recepci\u00f3n, sala de monitoreo y de crisis, creando un entorno profesional donde cada espacio refleja el nivel de especializaci\u00f3n de la empresa. Cada espacio fue pensado para integrar tecnolog\u00eda, [&#8230;]\n","protected":false},"featured_media":2085,"template":"","meta":{"_acf_changed":false,"_joinchat":[]},"product_brand":[],"product_cat":[29,34,19],"product_tag":[],"class_list":{"0":"post-2083","1":"product","2":"type-product","3":"status-publish","4":"has-post-thumbnail","6":"product_cat-colombia","7":"product_cat-colombia-inicio","8":"product_cat-oficinas","10":"first","11":"instock","12":"shipping-taxable","13":"product-type-simple"},"acf":[],"_links":{"self":[{"href":"https:\/\/bloqueb.com\/index.php\/wp-json\/wp\/v2\/product\/2083","targetHints":{"allow":["GET"]}}],"collection":[{"href":"https:\/\/bloqueb.com\/index.php\/wp-json\/wp\/v2\/product"}],"about":[{"href":"https:\/\/bloqueb.com\/index.php\/wp-json\/wp\/v2\/types\/product"}],"wp:featuredmedia":[{"embeddable":true,"href":"https:\/\/bloqueb.com\/index.php\/wp-json\/wp\/v2\/media\/2085"}],"wp:attachment":[{"href":"https:\/\/bloqueb.com\/index.php\/wp-json\/wp\/v2\/media?parent=2083"}],"wp:term":[{"taxonomy":"product_brand","embeddable":true,"href":"https:\/\/bloqueb.com\/index.php\/wp-json\/wp\/v2\/product_brand?post=2083"},{"taxonomy":"product_cat","embeddable":true,"href":"https:\/\/bloqueb.com\/index.php\/wp-json\/wp\/v2\/product_cat?post=2083"},{"taxonomy":"product_tag","embeddable":true,"href":"https:\/\/bloqueb.com\/index.php\/wp-json\/wp\/v2\/product_tag?post=2083"}],"curies":[{"name":"wp","href":"https:\/\/api.w.org\/{rel}","templated":true}]}}