{"id":624,"date":"2024-01-22T06:10:40","date_gmt":"2024-01-22T05:10:40","guid":{"rendered":"http:\/\/bloqueb.com\/?post_type=product&#038;p=624"},"modified":"2026-03-12T13:26:25","modified_gmt":"2026-03-12T18:26:25","slug":"apartamento-62","status":"publish","type":"product","link":"https:\/\/bloqueb.com\/index.php\/producto\/apartamento-62\/","title":{"rendered":"Apartamento 62"},"content":{"rendered":"<p data-start=\"193\" data-end=\"620\">Este apartamento demuestra que el tama\u00f1o no limita el dise\u00f1o. A trav\u00e9s de una renovaci\u00f3n integral, se cambi\u00f3 por completo el piso, se moderniz\u00f3 la cocina y se dise\u00f1aron muebles estilizados a la medida, optimizando cada cent\u00edmetro con funcionalidad y est\u00e9tica. La iluminaci\u00f3n fue redistribuida estrat\u00e9gicamente para aportar amplitud y calidez, creando espacios vers\u00e1tiles que se sienten m\u00e1s grandes, m\u00e1s claros y m\u00e1s acogedores.<\/p>\n<p data-start=\"622\" data-end=\"1069\">La intervenci\u00f3n tambi\u00e9n incluy\u00f3 la renovaci\u00f3n de todas las instalaciones hidr\u00e1ulicas y el\u00e9ctricas, garantizando un hogar seguro y eficiente. Se actualizaron los ba\u00f1os y la carpinter\u00eda de todo el apartamento, con nuevos mesones, closets, puertas, grifer\u00edas y accesorios que reflejan un estilo contempor\u00e1neo y funcional.<\/p>\n<p><strong>Ficha T\u00e9cnica:<\/strong><br \/>\nEdificio Movalpi<br \/>\n<strong>Ubicaci\u00f3n:<\/strong> Bogot\u00e1 \u2013 Colombia<br \/>\n<strong>\u00c1rea:<\/strong> 40 m2<br \/>\n<strong>A\u00f1o:<\/strong> 2016<br \/>\n<strong>Tiempo:<\/strong> 4 Meses<br \/>\n<strong>Descripci\u00f3n:<\/strong> Dise\u00f1o Arquitect\u00f3nico, Dise\u00f1o de Interiores, Presupuesto y Construcci\u00f3n<\/p>\n<p>&nbsp;<\/p>\n<p><strong>Antes y despu\u00e9s<\/strong><\/p>\n<div class=\"row\"  id=\"row-1566751765\">\n\n\t<div id=\"col-1655651870\" class=\"col medium-2 small-12 large-2\"  >\n\t\t\t\t<div class=\"col-inner\"  >\n\t\t\t\n\t\t\t\n\t\t<\/div>\n\t\t\t\t\t<\/div>\n\n\t\n\n\t<div id=\"col-1404460199\" class=\"col medium-8 small-12 large-8\"  >\n\t\t\t\t<div class=\"col-inner\"  >\n\t\t\t\n\t\t\t\n<div id=\"twenty20-1\" class=\"twenty20\" style=\"width: 100% !important; clear: both;\"><div class=\"twentytwenty-container twenty20-1 \"><img decoding=\"async\" src=\"https:\/\/bloqueb.com\/wp-content\/uploads\/2024\/01\/APTO-62-6B-scaled.jpg\" alt=\"Before image\" \/><img decoding=\"async\" src=\"https:\/\/bloqueb.com\/wp-content\/uploads\/2024\/04\/APTO-62-6B1-scaled.jpg\" alt=\"After image\" \/><\/div><\/div>\n\t\t<\/div>\n\t\t\t\t\t<\/div>\n\n\t\n\n\t<div id=\"col-1631036407\" class=\"col medium-2 small-12 large-2\"  >\n\t\t\t\t<div class=\"col-inner\"  >\n\t\t\t\n\t\t\t\n\t\t<\/div>\n\t\t\t\t\t<\/div>\n\n\t\n<\/div>\n<p>&nbsp;<\/p>\n","protected":false},"excerpt":{"rendered":"<p>Este apartamento demuestra que el tama\u00f1o no limita el dise\u00f1o. A trav\u00e9s de una renovaci\u00f3n integral, se cambi\u00f3 por completo el piso, se moderniz\u00f3 la cocina y se dise\u00f1aron muebles estilizados a la medida, optimizando cada cent\u00edmetro con funcionalidad y est\u00e9tica. La iluminaci\u00f3n fue redistribuida estrat\u00e9gicamente para aportar amplitud y calidez, creando espacios vers\u00e1tiles que [&#8230;]\n","protected":false},"featured_media":627,"template":"","meta":{"_acf_changed":false,"h5ap_radio_sources":[],"_joinchat":[]},"product_brand":[],"product_cat":[17,29,34,22],"product_tag":[],"class_list":{"0":"post-624","1":"product","2":"type-product","3":"status-publish","4":"has-post-thumbnail","6":"product_cat-apartamentos","7":"product_cat-colombia","8":"product_cat-colombia-inicio","9":"product_cat-residencial","11":"first","12":"instock","13":"shipping-taxable","14":"product-type-simple"},"acf":[],"_links":{"self":[{"href":"https:\/\/bloqueb.com\/index.php\/wp-json\/wp\/v2\/product\/624","targetHints":{"allow":["GET"]}}],"collection":[{"href":"https:\/\/bloqueb.com\/index.php\/wp-json\/wp\/v2\/product"}],"about":[{"href":"https:\/\/bloqueb.com\/index.php\/wp-json\/wp\/v2\/types\/product"}],"wp:featuredmedia":[{"embeddable":true,"href":"https:\/\/bloqueb.com\/index.php\/wp-json\/wp\/v2\/media\/627"}],"wp:attachment":[{"href":"https:\/\/bloqueb.com\/index.php\/wp-json\/wp\/v2\/media?parent=624"}],"wp:term":[{"taxonomy":"product_brand","embeddable":true,"href":"https:\/\/bloqueb.com\/index.php\/wp-json\/wp\/v2\/product_brand?post=624"},{"taxonomy":"product_cat","embeddable":true,"href":"https:\/\/bloqueb.com\/index.php\/wp-json\/wp\/v2\/product_cat?post=624"},{"taxonomy":"product_tag","embeddable":true,"href":"https:\/\/bloqueb.com\/index.php\/wp-json\/wp\/v2\/product_tag?post=624"}],"curies":[{"name":"wp","href":"https:\/\/api.w.org\/{rel}","templated":true}]}}