{"id":643,"date":"2024-01-22T07:00:36","date_gmt":"2024-01-22T06:00:36","guid":{"rendered":"http:\/\/bloqueb.com\/?post_type=product&#038;p=643"},"modified":"2026-03-12T13:20:47","modified_gmt":"2026-03-12T18:20:47","slug":"apartamento-88b","status":"publish","type":"product","link":"https:\/\/bloqueb.com\/index.php\/producto\/apartamento-88b\/","title":{"rendered":"Apartamento 88B"},"content":{"rendered":"<p data-start=\"140\" data-end=\"653\">Este apartamento fue renovado con respeto por su historia y una visi\u00f3n clara de modernidad. Se conserv\u00f3 el c\u00e1lido piso de madera original, al que se sumaron nuevas alfombras en las habitaciones y enchapes contempor\u00e1neos en ba\u00f1os y cocina. La zona social se transform\u00f3 en un espacio abierto y luminoso al integrar cocina, comedor, estudio y sala. La chimenea encontr\u00f3 un nuevo protagonismo en la gran sala, y una puerta corrediza permite cerrar la cocina cuando se busca mayor privacidad sin perder armon\u00eda visual.<\/p>\n<p data-start=\"655\" data-end=\"1158\">Para equilibrar lo social con lo \u00edntimo, se incorpor\u00f3 una puerta francesa batiente en tono dorado que separa delicadamente el hall de alcobas del \u00e1rea social, a\u00f1adiendo un detalle sofisticado. Una de las habitaciones fue transformada para dar lugar a un estudio m\u00e1s sutil y funcional, mientras que el ba\u00f1o principal y el walk-in closet se ampliaron para responder a las necesidades de la familia con comodidad y elegancia. Cada decisi\u00f3n refleja un hogar pensado para disfrutarse en cada momento del d\u00eda.<\/p>\n<p><strong>Ficha T\u00e9cnica:<\/strong><br \/>\nEdificio Daniela<br \/>\n<strong>Ubicaci\u00f3n:<\/strong> Bogot\u00e1 \u2013 Colombia<br \/>\n<strong>\u00c1rea:<\/strong> 207 m2<br \/>\n<strong>A\u00f1o:<\/strong> 2019<br \/>\n<strong>Tiempo:<\/strong> 5 Meses<br \/>\n<strong>Descripci\u00f3n:<\/strong> Dise\u00f1o Arquitect\u00f3nico, Dise\u00f1o de Interiores, Nichos para iluminaci\u00f3n, Presupuesto y Construcci\u00f3n<\/p>\n<p>&nbsp;<\/p>\n<p><strong>Antes y despu\u00e9s<\/strong><\/p>\n<div class=\"row\"  id=\"row-1415457281\">\n\n\t<div id=\"col-1127573596\" class=\"col medium-2 small-12 large-2\"  >\n\t\t\t\t<div class=\"col-inner\"  >\n\t\t\t\n\t\t\t\n\t\t<\/div>\n\t\t\t\t\t<\/div>\n\n\t\n\n\t<div id=\"col-1280892082\" class=\"col medium-8 small-12 large-8\"  >\n\t\t\t\t<div class=\"col-inner\"  >\n\t\t\t\n\t\t\t\n<div id=\"twenty20-1\" class=\"twenty20\" style=\"width: 100% !important; clear: both;\"><div class=\"twentytwenty-container twenty20-1 \"><img decoding=\"async\" src=\"https:\/\/bloqueb.com\/wp-content\/uploads\/2024\/04\/04-1.jpg\" alt=\"Before image\" \/><img decoding=\"async\" src=\"https:\/\/bloqueb.com\/wp-content\/uploads\/2024\/01\/04-10.jpg\" alt=\"After image\" \/><\/div><\/div>\n\t\t<\/div>\n\t\t\t\t\t<\/div>\n\n\t\n\n\t<div id=\"col-553522014\" class=\"col medium-2 small-12 large-2\"  >\n\t\t\t\t<div class=\"col-inner\"  >\n\t\t\t\n\t\t\t\n\t\t<\/div>\n\t\t\t\t\t<\/div>\n\n\t\n<\/div>\n<p>&nbsp;<\/p>\n","protected":false},"excerpt":{"rendered":"<p>Este apartamento fue renovado con respeto por su historia y una visi\u00f3n clara de modernidad. Se conserv\u00f3 el c\u00e1lido piso de madera original, al que se sumaron nuevas alfombras en las habitaciones y enchapes contempor\u00e1neos en ba\u00f1os y cocina. La zona social se transform\u00f3 en un espacio abierto y luminoso al integrar cocina, comedor, estudio [&#8230;]\n","protected":false},"featured_media":653,"template":"","meta":{"_acf_changed":false,"h5ap_radio_sources":[],"_joinchat":[]},"product_brand":[],"product_cat":[17,29,34,22],"product_tag":[],"class_list":{"0":"post-643","1":"product","2":"type-product","3":"status-publish","4":"has-post-thumbnail","6":"product_cat-apartamentos","7":"product_cat-colombia","8":"product_cat-colombia-inicio","9":"product_cat-residencial","11":"first","12":"instock","13":"shipping-taxable","14":"product-type-simple"},"acf":[],"_links":{"self":[{"href":"https:\/\/bloqueb.com\/index.php\/wp-json\/wp\/v2\/product\/643","targetHints":{"allow":["GET"]}}],"collection":[{"href":"https:\/\/bloqueb.com\/index.php\/wp-json\/wp\/v2\/product"}],"about":[{"href":"https:\/\/bloqueb.com\/index.php\/wp-json\/wp\/v2\/types\/product"}],"wp:featuredmedia":[{"embeddable":true,"href":"https:\/\/bloqueb.com\/index.php\/wp-json\/wp\/v2\/media\/653"}],"wp:attachment":[{"href":"https:\/\/bloqueb.com\/index.php\/wp-json\/wp\/v2\/media?parent=643"}],"wp:term":[{"taxonomy":"product_brand","embeddable":true,"href":"https:\/\/bloqueb.com\/index.php\/wp-json\/wp\/v2\/product_brand?post=643"},{"taxonomy":"product_cat","embeddable":true,"href":"https:\/\/bloqueb.com\/index.php\/wp-json\/wp\/v2\/product_cat?post=643"},{"taxonomy":"product_tag","embeddable":true,"href":"https:\/\/bloqueb.com\/index.php\/wp-json\/wp\/v2\/product_tag?post=643"}],"curies":[{"name":"wp","href":"https:\/\/api.w.org\/{rel}","templated":true}]}}