{"id":661,"date":"2024-01-22T07:45:29","date_gmt":"2024-01-22T06:45:29","guid":{"rendered":"http:\/\/bloqueb.com\/?post_type=product&#038;p=661"},"modified":"2026-03-12T13:20:41","modified_gmt":"2026-03-12T18:20:41","slug":"apartamento-93","status":"publish","type":"product","link":"https:\/\/bloqueb.com\/index.php\/producto\/apartamento-93\/","title":{"rendered":"Apartamento 93"},"content":{"rendered":"<p data-start=\"185\" data-end=\"764\">Este proyecto es el reflejo de c\u00f3mo una remodelaci\u00f3n bien pensada puede transformar por completo la manera de vivir un espacio. Se renovaron todos los acabados \u2014pisos laminados, enchapes, carpinter\u00eda, grifer\u00edas, mesones y electrodom\u00e9sticos\u2014 junto con las instalaciones hidr\u00e1ulicas y el\u00e9ctricas, logrando una base moderna y funcional. La cocina y el comedor se integraron en un gran espacio comunal pensado para la vida social del cliente, con la flexibilidad de una elegante puerta corrediza en listones de madera que permite separar visualmente los ambientes cuando se requiere.<\/p>\n<p data-start=\"766\" data-end=\"1375\">Cada rinc\u00f3n del apartamento fue optimizado con intenci\u00f3n, como se demuestra con la puerta de carpinter\u00eda corrediza que divide sutilmente las zonas sociales de las privadas, reforzada por un cambio de materiales: madera en las \u00e1reas comunes y alfombra en las habitaciones, brindando confort y calidez. Adicional se modificaron ba\u00f1os como renovaci\u00f3n de ba\u00f1o social y ampliaci\u00f3n del ba\u00f1o principal para incluir lavamanos dobles, un detalle que responde directamente al estilo de vida del cliente. Porque remodelar no es solo renovar: es dise\u00f1ar a medida la vida que sue\u00f1as.<\/p>\n<p><strong>Ficha T\u00e9cnica:<\/strong><br \/>\nEdificio Albuquerque<br \/>\n<strong>Ubicaci\u00f3n:<\/strong> Bogot\u00e1 \u2013 Colombia<br \/>\n<strong>\u00c1rea:<\/strong>\u00a0 154 m2<br \/>\n<strong>A\u00f1o:<\/strong> 2019<br \/>\n<strong>Tiempo:<\/strong> 6 Meses<br \/>\n<strong>Descripci\u00f3n:<\/strong> Dise\u00f1o Arquitect\u00f3nico, Dise\u00f1o de Interiores, Nichos para iluminaci\u00f3n, Presupuesto y Construcci\u00f3n<\/p>\n<p>&nbsp;<\/p>\n<p><strong>Antes y despu\u00e9s<\/strong><\/p>\n<div class=\"row\"  id=\"row-89312174\">\n\n\t<div id=\"col-1086284349\" class=\"col medium-2 small-12 large-2\"  >\n\t\t\t\t<div class=\"col-inner\"  >\n\t\t\t\n\t\t\t\n\t\t<\/div>\n\t\t\t\t\t<\/div>\n\n\t\n\n\t<div id=\"col-506854822\" class=\"col medium-8 small-12 large-8\"  >\n\t\t\t\t<div class=\"col-inner\"  >\n\t\t\t\n\t\t\t\n<div id=\"twenty20-1\" class=\"twenty20\" style=\"width: 100% !important; clear: both;\"><div class=\"twentytwenty-container twenty20-1 \"><img decoding=\"async\" src=\"https:\/\/bloqueb.com\/wp-content\/uploads\/2024\/01\/B-02B-scaled.jpg\" alt=\"Before image\" \/><img decoding=\"async\" src=\"https:\/\/bloqueb.com\/wp-content\/uploads\/2024\/01\/B-02-7.jpg\" alt=\"After image\" \/><\/div><\/div>\n\t\t<\/div>\n\t\t\t\t\t<\/div>\n\n\t\n\n\t<div id=\"col-1329054174\" class=\"col medium-2 small-12 large-2\"  >\n\t\t\t\t<div class=\"col-inner\"  >\n\t\t\t\n\t\t\t\n\t\t<\/div>\n\t\t\t\t\t<\/div>\n\n\t\n<\/div>\n<p>&nbsp;<\/p>\n","protected":false},"excerpt":{"rendered":"<p>Este proyecto es el reflejo de c\u00f3mo una remodelaci\u00f3n bien pensada puede transformar por completo la manera de vivir un espacio. Se renovaron todos los acabados \u2014pisos laminados, enchapes, carpinter\u00eda, grifer\u00edas, mesones y electrodom\u00e9sticos\u2014 junto con las instalaciones hidr\u00e1ulicas y el\u00e9ctricas, logrando una base moderna y funcional. La cocina y el comedor se integraron en [&#8230;]\n","protected":false},"featured_media":1449,"template":"","meta":{"_acf_changed":false,"h5ap_radio_sources":[],"_joinchat":[]},"product_brand":[],"product_cat":[17,29,34,22],"product_tag":[],"class_list":{"0":"post-661","1":"product","2":"type-product","3":"status-publish","4":"has-post-thumbnail","6":"product_cat-apartamentos","7":"product_cat-colombia","8":"product_cat-colombia-inicio","9":"product_cat-residencial","11":"first","12":"instock","13":"shipping-taxable","14":"product-type-simple"},"acf":[],"_links":{"self":[{"href":"https:\/\/bloqueb.com\/index.php\/wp-json\/wp\/v2\/product\/661","targetHints":{"allow":["GET"]}}],"collection":[{"href":"https:\/\/bloqueb.com\/index.php\/wp-json\/wp\/v2\/product"}],"about":[{"href":"https:\/\/bloqueb.com\/index.php\/wp-json\/wp\/v2\/types\/product"}],"wp:featuredmedia":[{"embeddable":true,"href":"https:\/\/bloqueb.com\/index.php\/wp-json\/wp\/v2\/media\/1449"}],"wp:attachment":[{"href":"https:\/\/bloqueb.com\/index.php\/wp-json\/wp\/v2\/media?parent=661"}],"wp:term":[{"taxonomy":"product_brand","embeddable":true,"href":"https:\/\/bloqueb.com\/index.php\/wp-json\/wp\/v2\/product_brand?post=661"},{"taxonomy":"product_cat","embeddable":true,"href":"https:\/\/bloqueb.com\/index.php\/wp-json\/wp\/v2\/product_cat?post=661"},{"taxonomy":"product_tag","embeddable":true,"href":"https:\/\/bloqueb.com\/index.php\/wp-json\/wp\/v2\/product_tag?post=661"}],"curies":[{"name":"wp","href":"https:\/\/api.w.org\/{rel}","templated":true}]}}