{"id":677,"date":"2024-01-22T07:51:20","date_gmt":"2024-01-22T06:51:20","guid":{"rendered":"http:\/\/bloqueb.com\/?post_type=product&#038;p=677"},"modified":"2026-03-12T13:23:03","modified_gmt":"2026-03-12T18:23:03","slug":"apartamento-102","status":"publish","type":"product","link":"https:\/\/bloqueb.com\/index.php\/producto\/apartamento-102\/","title":{"rendered":"Apartamento 102"},"content":{"rendered":"<p data-start=\"204\" data-end=\"769\">Este d\u00faplex fue transformado con una visi\u00f3n clara: crear espacios funcionales, modernos y llenos de car\u00e1cter. Se reemplaz\u00f3 todo el enchape por un piso vin\u00edlico c\u00e1lido y resistente, y la antigua escalera de concreto dio paso a una pieza escult\u00f3rica: una escalera met\u00e1lica flotada con pasos en madera, que aporta ligereza y dise\u00f1o. La cocina se abri\u00f3 a la zona social, ampliando la conexi\u00f3n entre ambientes, mientras que un muro en ladrillo con textura y luz indirecta se convierte en el coraz\u00f3n visual del espacio, envolviendo la vivienda en una atm\u00f3sfera acogedora.<\/p>\n<p data-start=\"771\" data-end=\"1252\">La remodelaci\u00f3n tambi\u00e9n corrigi\u00f3 la geometr\u00eda original del apartamento, eliminando muros en diagonal para dar lugar a espacios perpendiculares, m\u00e1s arm\u00f3nicos y aprovechables. El ba\u00f1o social se ampli\u00f3, y en el segundo nivel se modernizaron el estudio y la habitaci\u00f3n principal, incorporando materiales contempor\u00e1neos y una distribuci\u00f3n pensada para la comodidad diaria. Una renovaci\u00f3n que demuestra c\u00f3mo el dise\u00f1o inteligente puede transformar por completo la experiencia del hogar.<\/p>\n<p><strong>Ficha T\u00e9cnica:<br \/>\n<\/strong>Edificio Embajador<strong><br \/>\n<\/strong><strong>Ubicaci\u00f3n:<\/strong> Bogot\u00e1 \u2013 Colombia<br \/>\n<strong>\u00c1rea:<\/strong> 147 m2<br \/>\n<strong>A\u00f1o:<\/strong> 2015<br \/>\n<strong>Tiempo:<\/strong> 5 Meses<br \/>\n<strong>Descripci\u00f3n:<\/strong> Dise\u00f1o Arquitect\u00f3nico, Dise\u00f1o de Interiores, Nichos para iluminaci\u00f3n, Presupuesto y Construcci\u00f3n<\/p>\n<p>&nbsp;<\/p>\n<p><strong>Antes y despu\u00e9s<\/strong><\/p>\n<div class=\"row\"  id=\"row-1741583283\">\n\n\t<div id=\"col-1206123504\" class=\"col medium-2 small-12 large-2\"  >\n\t\t\t\t<div class=\"col-inner\"  >\n\t\t\t\n\t\t\t\n\t\t<\/div>\n\t\t\t\t\t<\/div>\n\n\t\n\n\t<div id=\"col-1547996690\" class=\"col medium-8 small-12 large-8\"  >\n\t\t\t\t<div class=\"col-inner\"  >\n\t\t\t\n\t\t\t\n<div id=\"twenty20-1\" class=\"twenty20\" style=\"width: 100% !important; clear: both;\"><div class=\"twentytwenty-container twenty20-1 \"><img decoding=\"async\" src=\"https:\/\/bloqueb.com\/wp-content\/uploads\/2024\/01\/11-B-scaled.jpg\" alt=\"Before image\" \/><img decoding=\"async\" src=\"https:\/\/bloqueb.com\/wp-content\/uploads\/2024\/01\/11-5.jpg\" alt=\"After image\" \/><\/div><\/div>\n\t\t<\/div>\n\t\t\t\t\t<\/div>\n\n\t\n\n\t<div id=\"col-174506983\" class=\"col medium-2 small-12 large-2\"  >\n\t\t\t\t<div class=\"col-inner\"  >\n\t\t\t\n\t\t\t\n\t\t<\/div>\n\t\t\t\t\t<\/div>\n\n\t\n<\/div>\n<p>&nbsp;<\/p>\n","protected":false},"excerpt":{"rendered":"<p>Este d\u00faplex fue transformado con una visi\u00f3n clara: crear espacios funcionales, modernos y llenos de car\u00e1cter. Se reemplaz\u00f3 todo el enchape por un piso vin\u00edlico c\u00e1lido y resistente, y la antigua escalera de concreto dio paso a una pieza escult\u00f3rica: una escalera met\u00e1lica flotada con pasos en madera, que aporta ligereza y dise\u00f1o. La cocina [&#8230;]\n","protected":false},"featured_media":683,"template":"","meta":{"_acf_changed":false,"h5ap_radio_sources":[],"_joinchat":[]},"product_brand":[],"product_cat":[17,29,34,22],"product_tag":[],"class_list":{"0":"post-677","1":"product","2":"type-product","3":"status-publish","4":"has-post-thumbnail","6":"product_cat-apartamentos","7":"product_cat-colombia","8":"product_cat-colombia-inicio","9":"product_cat-residencial","11":"first","12":"instock","13":"shipping-taxable","14":"product-type-simple"},"acf":[],"_links":{"self":[{"href":"https:\/\/bloqueb.com\/index.php\/wp-json\/wp\/v2\/product\/677","targetHints":{"allow":["GET"]}}],"collection":[{"href":"https:\/\/bloqueb.com\/index.php\/wp-json\/wp\/v2\/product"}],"about":[{"href":"https:\/\/bloqueb.com\/index.php\/wp-json\/wp\/v2\/types\/product"}],"wp:featuredmedia":[{"embeddable":true,"href":"https:\/\/bloqueb.com\/index.php\/wp-json\/wp\/v2\/media\/683"}],"wp:attachment":[{"href":"https:\/\/bloqueb.com\/index.php\/wp-json\/wp\/v2\/media?parent=677"}],"wp:term":[{"taxonomy":"product_brand","embeddable":true,"href":"https:\/\/bloqueb.com\/index.php\/wp-json\/wp\/v2\/product_brand?post=677"},{"taxonomy":"product_cat","embeddable":true,"href":"https:\/\/bloqueb.com\/index.php\/wp-json\/wp\/v2\/product_cat?post=677"},{"taxonomy":"product_tag","embeddable":true,"href":"https:\/\/bloqueb.com\/index.php\/wp-json\/wp\/v2\/product_tag?post=677"}],"curies":[{"name":"wp","href":"https:\/\/api.w.org\/{rel}","templated":true}]}}