{"id":693,"date":"2024-01-22T07:57:06","date_gmt":"2024-01-22T06:57:06","guid":{"rendered":"http:\/\/bloqueb.com\/?post_type=product&#038;p=693"},"modified":"2026-03-12T13:23:39","modified_gmt":"2026-03-12T18:23:39","slug":"apartamento-109","status":"publish","type":"product","link":"https:\/\/bloqueb.com\/index.php\/producto\/apartamento-109\/","title":{"rendered":"Apartamento 109"},"content":{"rendered":"<p data-start=\"153\" data-end=\"761\">Transformar un apartamento va m\u00e1s all\u00e1 de renovar acabados: es reinventar la manera de habitarlo. En este proyecto, abrimos la cocina y el comedor para integrarlos con la sala en un solo espacio amplio y lleno de luz, donde un sutil enchape hidr\u00e1ulico marca la transici\u00f3n entre ambientes sin perder armon\u00eda. Los nichos de luz en el cielo raso y las columnas estructurales dejadas a la vista a\u00f1aden car\u00e1cter y calidez, creando un entorno moderno y acogedor. En el acceso, se instal\u00f3 un enchape en carpinter\u00eda que funciona como un hito visual y, al mismo tiempo, oculta discretamente el ingreso al ba\u00f1o social.<\/p>\n<p data-start=\"763\" data-end=\"1186\">Cada decisi\u00f3n en esta remodelaci\u00f3n fue pensada para mejorar la funcionalidad del hogar. Se reemplaz\u00f3 por completo el piso, se ampli\u00f3 la zona de ropas, y el ba\u00f1o de servicio fue transformado en un ba\u00f1o auxiliar para las alcobas. Toda la carpinter\u00eda y los acabados se renovaron, y el ba\u00f1o principal se ampli\u00f3 para brindar mayor confort, al igual que el vestier, que aprovech\u00f3 el espacio del antiguo ba\u00f1o de alcobas eliminado.<\/p>\n<p><strong>Ficha T\u00e9cnica:<\/strong><br \/>\nParque Molinos<br \/>\n<strong>Ubicaci\u00f3n:<\/strong> Bogot\u00e1 \u2013 Colombia<br \/>\n<strong>\u00c1rea:<\/strong> 148 m2<br \/>\n<strong>A\u00f1o:<\/strong> 2016<br \/>\n<strong>Tiempo:<\/strong> 5 Meses<br \/>\n<strong>Descripci\u00f3n:<\/strong> Dise\u00f1o Arquitect\u00f3nico, Dise\u00f1o de Interiores, Nichos para iluminaci\u00f3n, Presupuesto y Construcci\u00f3n<\/p>\n<p>&nbsp;<\/p>\n<p><strong>Antes y despu\u00e9s<\/strong><\/p>\n<div class=\"row\"  id=\"row-2091140825\">\n\n\t<div id=\"col-668088841\" class=\"col medium-2 small-12 large-2\"  >\n\t\t\t\t<div class=\"col-inner\"  >\n\t\t\t\n\t\t\t\n\t\t<\/div>\n\t\t\t\t\t<\/div>\n\n\t\n\n\t<div id=\"col-100551825\" class=\"col medium-8 small-12 large-8\"  >\n\t\t\t\t<div class=\"col-inner\"  >\n\t\t\t\n\t\t\t\n<div id=\"twenty20-1\" class=\"twenty20\" style=\"width: 100% !important; clear: both;\"><div class=\"twentytwenty-container twenty20-1 \"><img decoding=\"async\" src=\"https:\/\/bloqueb.com\/wp-content\/uploads\/2024\/01\/02-B-1-scaled.jpg\" alt=\"Before image\" \/><img decoding=\"async\" src=\"https:\/\/bloqueb.com\/wp-content\/uploads\/2024\/01\/02-8.jpg\" alt=\"After image\" \/><\/div><\/div>\n\t\t<\/div>\n\t\t\t\t\t<\/div>\n\n\t\n\n\t<div id=\"col-1510813880\" class=\"col medium-2 small-12 large-2\"  >\n\t\t\t\t<div class=\"col-inner\"  >\n\t\t\t\n\t\t\t\n\t\t<\/div>\n\t\t\t\t\t<\/div>\n\n\t\n<\/div>\n<p>&nbsp;<\/p>\n","protected":false},"excerpt":{"rendered":"<p>Transformar un apartamento va m\u00e1s all\u00e1 de renovar acabados: es reinventar la manera de habitarlo. En este proyecto, abrimos la cocina y el comedor para integrarlos con la sala en un solo espacio amplio y lleno de luz, donde un sutil enchape hidr\u00e1ulico marca la transici\u00f3n entre ambientes sin perder armon\u00eda. Los nichos de luz [&#8230;]\n","protected":false},"featured_media":695,"template":"","meta":{"_acf_changed":false,"h5ap_radio_sources":[],"_joinchat":[]},"product_brand":[],"product_cat":[17,29,34,22],"product_tag":[],"class_list":{"0":"post-693","1":"product","2":"type-product","3":"status-publish","4":"has-post-thumbnail","6":"product_cat-apartamentos","7":"product_cat-colombia","8":"product_cat-colombia-inicio","9":"product_cat-residencial","11":"first","12":"instock","13":"shipping-taxable","14":"product-type-simple"},"acf":[],"_links":{"self":[{"href":"https:\/\/bloqueb.com\/index.php\/wp-json\/wp\/v2\/product\/693","targetHints":{"allow":["GET"]}}],"collection":[{"href":"https:\/\/bloqueb.com\/index.php\/wp-json\/wp\/v2\/product"}],"about":[{"href":"https:\/\/bloqueb.com\/index.php\/wp-json\/wp\/v2\/types\/product"}],"wp:featuredmedia":[{"embeddable":true,"href":"https:\/\/bloqueb.com\/index.php\/wp-json\/wp\/v2\/media\/695"}],"wp:attachment":[{"href":"https:\/\/bloqueb.com\/index.php\/wp-json\/wp\/v2\/media?parent=693"}],"wp:term":[{"taxonomy":"product_brand","embeddable":true,"href":"https:\/\/bloqueb.com\/index.php\/wp-json\/wp\/v2\/product_brand?post=693"},{"taxonomy":"product_cat","embeddable":true,"href":"https:\/\/bloqueb.com\/index.php\/wp-json\/wp\/v2\/product_cat?post=693"},{"taxonomy":"product_tag","embeddable":true,"href":"https:\/\/bloqueb.com\/index.php\/wp-json\/wp\/v2\/product_tag?post=693"}],"curies":[{"name":"wp","href":"https:\/\/api.w.org\/{rel}","templated":true}]}}