{"id":726,"date":"2024-01-22T08:07:48","date_gmt":"2024-01-22T07:07:48","guid":{"rendered":"http:\/\/bloqueb.com\/?post_type=product&#038;p=726"},"modified":"2026-03-12T13:23:09","modified_gmt":"2026-03-12T18:23:09","slug":"apartamento-125a","status":"publish","type":"product","link":"https:\/\/bloqueb.com\/index.php\/producto\/apartamento-125a\/","title":{"rendered":"Apartamento 125A"},"content":{"rendered":"<p data-start=\"105\" data-end=\"674\">Este d\u00faplex fue transformado para ofrecer un estilo de vida m\u00e1s abierto, moderno y funcional. En el primer nivel, se integr\u00f3 completamente la cocina con la zona social, eliminando muros divisorios y dando lugar a un espacio amplio y luminoso, ideal para compartir en familia. Las redes hidr\u00e1ulicas y el\u00e9ctricas fueron renovadas por completo, y se instalaron pisos laminados y enchapes contempor\u00e1neos que unifican y modernizan todo el ambiente. La antigua zona de servicio fue reconfigurada para incluir una alacena generosa, ganando practicidad sin sacrificar dise\u00f1o.<\/p>\n<p data-start=\"676\" data-end=\"1145\">En el segundo piso, las habitaciones fueron reorganizadas para lograr una distribuci\u00f3n m\u00e1s clara y eficiente. Una de las alcobas se convirti\u00f3 en un estudio pensado para los ni\u00f1os, mientras que la habitaci\u00f3n principal ahora cuenta con un ba\u00f1o renovado, una ducha espaciosa doble y un walk-in closet digno de un hotel boutique. La gran terraza descubierta fue aprovechada para crear un peque\u00f1o gimnasio privado, ofreciendo un rinc\u00f3n ideal para el bienestar sin salir de casa.<\/p>\n<p><strong>Ficha T\u00e9cnica:<\/strong><br \/>\nEdificio Parque 125<br \/>\n<strong>Ubicaci\u00f3n:<\/strong> Bogot\u00e1 \u2013 Colombia<br \/>\n<strong>\u00c1rea:<\/strong> 237 m2 y terraza descubierta de 165 m2<br \/>\n<strong>A\u00f1o:<\/strong> 2018<br \/>\n<strong>Tiempo:<\/strong> 5 Meses<br \/>\n<strong>Descripci\u00f3n:<\/strong> Dise\u00f1o Arquitect\u00f3nico, Dise\u00f1o de Interiores, Iluminaci\u00f3n natural, Presupuesto y Construcci\u00f3n<\/p>\n<p>&nbsp;<\/p>\n<p><strong>Antes y despu\u00e9s<\/strong><\/p>\n<div class=\"row\"  id=\"row-931376711\">\n\n\t<div id=\"col-1155446747\" class=\"col medium-2 small-12 large-2\"  >\n\t\t\t\t<div class=\"col-inner\"  >\n\t\t\t\n\t\t\t\n\t\t<\/div>\n\t\t\t\t\t<\/div>\n\n\t\n\n\t<div id=\"col-2143079027\" class=\"col medium-8 small-12 large-8\"  >\n\t\t\t\t<div class=\"col-inner\"  >\n\t\t\t\n\t\t\t\n<div id=\"twenty20-1\" class=\"twenty20\" style=\"width: 100% !important; clear: both;\"><div class=\"twentytwenty-container twenty20-1 \"><img decoding=\"async\" src=\"https:\/\/bloqueb.com\/wp-content\/uploads\/2024\/03\/B-05-B-1-scaled.jpg\" alt=\"Before image\" \/><img decoding=\"async\" src=\"https:\/\/bloqueb.com\/wp-content\/uploads\/2024\/03\/B-05-B-scaled.jpg\" alt=\"After image\" \/><\/div><\/div>\n\t\t<\/div>\n\t\t\t\t\t<\/div>\n\n\t\n\n\t<div id=\"col-1308339468\" class=\"col medium-2 small-12 large-2\"  >\n\t\t\t\t<div class=\"col-inner\"  >\n\t\t\t\n\t\t\t\n\t\t<\/div>\n\t\t\t\t\t<\/div>\n\n\t\n<\/div>\n<p>&nbsp;<\/p>\n","protected":false},"excerpt":{"rendered":"<p>Este d\u00faplex fue transformado para ofrecer un estilo de vida m\u00e1s abierto, moderno y funcional. En el primer nivel, se integr\u00f3 completamente la cocina con la zona social, eliminando muros divisorios y dando lugar a un espacio amplio y luminoso, ideal para compartir en familia. Las redes hidr\u00e1ulicas y el\u00e9ctricas fueron renovadas por completo, y [&#8230;]\n","protected":false},"featured_media":738,"template":"","meta":{"_acf_changed":false,"h5ap_radio_sources":[],"_joinchat":[]},"product_brand":[],"product_cat":[17,29,34,22],"product_tag":[],"class_list":{"0":"post-726","1":"product","2":"type-product","3":"status-publish","4":"has-post-thumbnail","6":"product_cat-apartamentos","7":"product_cat-colombia","8":"product_cat-colombia-inicio","9":"product_cat-residencial","11":"first","12":"instock","13":"shipping-taxable","14":"product-type-simple"},"acf":[],"_links":{"self":[{"href":"https:\/\/bloqueb.com\/index.php\/wp-json\/wp\/v2\/product\/726","targetHints":{"allow":["GET"]}}],"collection":[{"href":"https:\/\/bloqueb.com\/index.php\/wp-json\/wp\/v2\/product"}],"about":[{"href":"https:\/\/bloqueb.com\/index.php\/wp-json\/wp\/v2\/types\/product"}],"wp:featuredmedia":[{"embeddable":true,"href":"https:\/\/bloqueb.com\/index.php\/wp-json\/wp\/v2\/media\/738"}],"wp:attachment":[{"href":"https:\/\/bloqueb.com\/index.php\/wp-json\/wp\/v2\/media?parent=726"}],"wp:term":[{"taxonomy":"product_brand","embeddable":true,"href":"https:\/\/bloqueb.com\/index.php\/wp-json\/wp\/v2\/product_brand?post=726"},{"taxonomy":"product_cat","embeddable":true,"href":"https:\/\/bloqueb.com\/index.php\/wp-json\/wp\/v2\/product_cat?post=726"},{"taxonomy":"product_tag","embeddable":true,"href":"https:\/\/bloqueb.com\/index.php\/wp-json\/wp\/v2\/product_tag?post=726"}],"curies":[{"name":"wp","href":"https:\/\/api.w.org\/{rel}","templated":true}]}}