{"id":742,"date":"2024-01-22T08:12:10","date_gmt":"2024-01-22T07:12:10","guid":{"rendered":"http:\/\/bloqueb.com\/?post_type=product&#038;p=742"},"modified":"2026-03-12T13:23:30","modified_gmt":"2026-03-12T18:23:30","slug":"apartamento-90","status":"publish","type":"product","link":"https:\/\/bloqueb.com\/index.php\/producto\/apartamento-90\/","title":{"rendered":"Apartamento 90"},"content":{"rendered":"<p>Esta emocionante remodelaci\u00f3n transform\u00f3 un apartamento de tres pisos en un espacio especialmente dise\u00f1ado para una familia de cuatro integrantes, donde los padres son j\u00f3venes y din\u00e1micos. Cada piso ha sido magistralmente concebido para satisfacer las necesidades y aspiraciones de sus habitantes.<\/p>\n<p>El primer piso se destina a la zona privada de la familia, donde se encuentran los dormitorios y \u00e1reas de descanso. Se ha creado un ambiente acogedor y funcional, donde cada integrante de la familia cuenta con su espacio personal. Los dormitorios se dise\u00f1an pensando en la comodidad y privacidad, mientras que un hall de televisi\u00f3n ofrece un espacio de reuni\u00f3n y entretenimiento para momentos familiares.<\/p>\n<p>El segundo piso es el coraz\u00f3n social del hogar, donde se despliega una zona abierta y espaciosa. El \u00faltimo piso de este magnifico apartamento cuenta con una terraza privada que ofrece un oasis de tranquilidad y esparcimiento para la familia.\u00a0Un lugar para disfrutar de momentos al aire libre, contemplar las vistas y compartir inolvidables.<\/p>\n<p><strong>Ficha T\u00e9cnica:<\/strong><br \/>\nEdificio Virrey<br \/>\n<strong>Ubicaci\u00f3n:<\/strong> Bogot\u00e1 \u2013 Colombia<br \/>\n<strong>\u00c1rea:<\/strong> 180.8 m2 y terraza descubierta de 46.6 m2<br \/>\n<strong>A\u00f1o:<\/strong> 2015<br \/>\n<strong>Tiempo:<\/strong> 6 Meses<br \/>\n<strong>Descripci\u00f3n:<\/strong> Dise\u00f1o Arquitect\u00f3nico, Dise\u00f1o de Interiores, Presupuesto y Construcci\u00f3n<\/p>\n<p>&nbsp;<\/p>\n<p><strong>Antes y despu\u00e9s<\/strong><\/p>\n<div class=\"row\"  id=\"row-630492377\">\n\n\t<div id=\"col-1982391444\" class=\"col medium-2 small-12 large-2\"  >\n\t\t\t\t<div class=\"col-inner\"  >\n\t\t\t\n\t\t\t\n\t\t<\/div>\n\t\t\t\t\t<\/div>\n\n\t\n\n\t<div id=\"col-2133402640\" class=\"col medium-8 small-12 large-8\"  >\n\t\t\t\t<div class=\"col-inner\"  >\n\t\t\t\n\t\t\t\n<div id=\"twenty20-1\" class=\"twenty20\" style=\"width: 100% !important; clear: both;\"><div class=\"twentytwenty-container twenty20-1 \"><img decoding=\"async\" src=\"https:\/\/bloqueb.com\/wp-content\/uploads\/2024\/01\/06-B-1-scaled.jpg\" alt=\"Before image\" \/><img decoding=\"async\" src=\"https:\/\/bloqueb.com\/wp-content\/uploads\/2024\/01\/06-13.jpg\" alt=\"After image\" \/><\/div><\/div>\n\t\t<\/div>\n\t\t\t\t\t<\/div>\n\n\t\n\n\t<div id=\"col-1263708693\" class=\"col medium-2 small-12 large-2\"  >\n\t\t\t\t<div class=\"col-inner\"  >\n\t\t\t\n\t\t\t\n\t\t<\/div>\n\t\t\t\t\t<\/div>\n\n\t\n<\/div>\n<p>&nbsp;<\/p>\n","protected":false},"excerpt":{"rendered":"<p>Esta emocionante remodelaci\u00f3n transform\u00f3 un apartamento de tres pisos en un espacio especialmente dise\u00f1ado para una familia de cuatro integrantes, donde los padres son j\u00f3venes y din\u00e1micos. Cada piso ha sido magistralmente concebido para satisfacer las necesidades y aspiraciones de sus habitantes. El primer piso se destina a la zona privada de la familia, donde [&#8230;]\n","protected":false},"featured_media":1740,"template":"","meta":{"_acf_changed":false,"h5ap_radio_sources":[],"_joinchat":[]},"product_brand":[],"product_cat":[17,29,34,22],"product_tag":[],"class_list":{"0":"post-742","1":"product","2":"type-product","3":"status-publish","4":"has-post-thumbnail","6":"product_cat-apartamentos","7":"product_cat-colombia","8":"product_cat-colombia-inicio","9":"product_cat-residencial","11":"first","12":"instock","13":"shipping-taxable","14":"product-type-simple"},"acf":[],"_links":{"self":[{"href":"https:\/\/bloqueb.com\/index.php\/wp-json\/wp\/v2\/product\/742","targetHints":{"allow":["GET"]}}],"collection":[{"href":"https:\/\/bloqueb.com\/index.php\/wp-json\/wp\/v2\/product"}],"about":[{"href":"https:\/\/bloqueb.com\/index.php\/wp-json\/wp\/v2\/types\/product"}],"wp:featuredmedia":[{"embeddable":true,"href":"https:\/\/bloqueb.com\/index.php\/wp-json\/wp\/v2\/media\/1740"}],"wp:attachment":[{"href":"https:\/\/bloqueb.com\/index.php\/wp-json\/wp\/v2\/media?parent=742"}],"wp:term":[{"taxonomy":"product_brand","embeddable":true,"href":"https:\/\/bloqueb.com\/index.php\/wp-json\/wp\/v2\/product_brand?post=742"},{"taxonomy":"product_cat","embeddable":true,"href":"https:\/\/bloqueb.com\/index.php\/wp-json\/wp\/v2\/product_cat?post=742"},{"taxonomy":"product_tag","embeddable":true,"href":"https:\/\/bloqueb.com\/index.php\/wp-json\/wp\/v2\/product_tag?post=742"}],"curies":[{"name":"wp","href":"https:\/\/api.w.org\/{rel}","templated":true}]}}