{"id":792,"date":"2024-01-22T08:24:01","date_gmt":"2024-01-22T07:24:01","guid":{"rendered":"http:\/\/bloqueb.com\/?post_type=product&#038;p=792"},"modified":"2026-03-12T13:28:05","modified_gmt":"2026-03-12T18:28:05","slug":"panaderia-panettiere","status":"publish","type":"product","link":"https:\/\/bloqueb.com\/index.php\/producto\/panaderia-panettiere\/","title":{"rendered":"Panader\u00eda Panettiere"},"content":{"rendered":"<p>El local para esta importante marca est\u00e1 dise\u00f1ado como un espacio acogedor y compacto por las caracter\u00edsticas de poca altura del local. La entrada revela un ambiente \u00edntimo con algunas paredes revestidas de madera, creando una sensaci\u00f3n r\u00fastica y acogedora. Los techos bajos cuentan con un detalle de textura especial y una iluminaci\u00f3n general que se descuelga acompa\u00f1ada de un detalle de color corporativo (rojo) que recorre el espacio de lado a lado.<\/p>\n<p>Al fondo una zona de trabajo con un look industrial usando acero inoxidable que simula una planta de producci\u00f3n, un elemento central de atenci\u00f3n al cliente con una exhibici\u00f3n que permite ver los productos y hacia el exterior una zona de mesas para el deleite del cliente.<\/p>\n<p>Color, textura, piso, cielo raso, mobiliario, todo en combinaci\u00f3n para que la atmosfera del local vaya de la mano de la calidez de un buen pan caliente.<\/p>\n<p><strong>Ficha T\u00e9cnica:<\/strong><br \/>\nPanettiere Calle 90<br \/>\n<strong>Ubicaci\u00f3n:<\/strong> Bogot\u00e1 &#8211; Colombia<br \/>\n<strong>\u00c1rea:<\/strong> 100 m2<br \/>\n<strong>A\u00f1o:<\/strong> 2013<br \/>\n<strong>Tiempo:<\/strong> 4 Meses<br \/>\n<strong>Descripci\u00f3n:<\/strong> Dise\u00f1o Arquitect\u00f3nico, Dise\u00f1o de Interiores, Presupuesto y Construcci\u00f3n<\/p>\n","protected":false},"excerpt":{"rendered":"<p>El local para esta importante marca est\u00e1 dise\u00f1ado como un espacio acogedor y compacto por las caracter\u00edsticas de poca altura del local. La entrada revela un ambiente \u00edntimo con algunas paredes revestidas de madera, creando una sensaci\u00f3n r\u00fastica y acogedora. Los techos bajos cuentan con un detalle de textura especial y una iluminaci\u00f3n general que [&#8230;]\n","protected":false},"featured_media":796,"template":"","meta":{"_acf_changed":false,"h5ap_radio_sources":[],"_joinchat":[]},"product_brand":[],"product_cat":[29,34,20],"product_tag":[],"class_list":{"0":"post-792","1":"product","2":"type-product","3":"status-publish","4":"has-post-thumbnail","6":"product_cat-colombia","7":"product_cat-colombia-inicio","8":"product_cat-locales-comerciales","10":"first","11":"instock","12":"shipping-taxable","13":"product-type-simple"},"acf":[],"_links":{"self":[{"href":"https:\/\/bloqueb.com\/index.php\/wp-json\/wp\/v2\/product\/792","targetHints":{"allow":["GET"]}}],"collection":[{"href":"https:\/\/bloqueb.com\/index.php\/wp-json\/wp\/v2\/product"}],"about":[{"href":"https:\/\/bloqueb.com\/index.php\/wp-json\/wp\/v2\/types\/product"}],"wp:featuredmedia":[{"embeddable":true,"href":"https:\/\/bloqueb.com\/index.php\/wp-json\/wp\/v2\/media\/796"}],"wp:attachment":[{"href":"https:\/\/bloqueb.com\/index.php\/wp-json\/wp\/v2\/media?parent=792"}],"wp:term":[{"taxonomy":"product_brand","embeddable":true,"href":"https:\/\/bloqueb.com\/index.php\/wp-json\/wp\/v2\/product_brand?post=792"},{"taxonomy":"product_cat","embeddable":true,"href":"https:\/\/bloqueb.com\/index.php\/wp-json\/wp\/v2\/product_cat?post=792"},{"taxonomy":"product_tag","embeddable":true,"href":"https:\/\/bloqueb.com\/index.php\/wp-json\/wp\/v2\/product_tag?post=792"}],"curies":[{"name":"wp","href":"https:\/\/api.w.org\/{rel}","templated":true}]}}