{"id":812,"date":"2024-01-22T08:29:23","date_gmt":"2024-01-22T07:29:23","guid":{"rendered":"http:\/\/bloqueb.com\/?post_type=product&#038;p=812"},"modified":"2026-03-12T13:20:06","modified_gmt":"2026-03-12T18:20:06","slug":"casa-macadamia","status":"publish","type":"product","link":"https:\/\/bloqueb.com\/index.php\/producto\/casa-macadamia\/","title":{"rendered":"Casa Macadamia"},"content":{"rendered":"<p data-start=\"208\" data-end=\"809\">Esta casa de dos pisos, llena de luz natural, fue renovada para potenciar su encanto original y adaptarla a un estilo de vida contempor\u00e1neo. La zona social se revitaliz\u00f3 con detalles como nichos en el cielo raso y muros en acabado de ladrillo, aportando textura y calidez. El piso fue reemplazado por un revestimiento SPC resistente y moderno, con enchapes en ba\u00f1os y zonas de servicio, mientras que los pasos de la escalera original fueron pulidos para conservar su car\u00e1cter. La cocina, ahora m\u00e1s amplia y funcional, se complementa con un mobiliario pensado para aprovechar cada rinc\u00f3n con elegancia.<\/p>\n<p data-start=\"811\" data-end=\"1385\">Una de las decisiones clave fue la creaci\u00f3n de una placa en el segundo piso, reduciendo la doble altura sin afectar la est\u00e9tica del espacio. Este cambio permiti\u00f3 incorporar una nueva sala de televisi\u00f3n, ampliando las posibilidades de uso de la vivienda. La carpinter\u00eda fue renovada por completo en tonos acogedores, la iluminaci\u00f3n se reubic\u00f3 seg\u00fan las funciones de cada \u00e1rea, y la cubierta de madera se pint\u00f3 de blanco, dejando las viguetas al natural. El resultado es una casa moderna y c\u00e1lida, que honra su esencia original mientras se adapta a una nueva forma de habitar.<\/p>\n<p><strong>Ficha T\u00e9cnica:<\/strong><br \/>\nConjunto Macadamia<br \/>\n<strong>Ubicaci\u00f3n:<\/strong> Cundinamarca \u2013 Colombia<br \/>\n<strong>\u00c1rea:<\/strong> 207 m2<br \/>\n<strong>A\u00f1o:<\/strong> 2021<br \/>\n<strong>Tiempo:<\/strong> 6 Meses<br \/>\n<strong>Descripci\u00f3n:<\/strong> Dise\u00f1o Arquitect\u00f3nico, Dise\u00f1o de Interiores, Nichos para iluminaci\u00f3n, Presupuesto y Construcci\u00f3n<\/p>\n","protected":false},"excerpt":{"rendered":"<p>Esta casa de dos pisos, llena de luz natural, fue renovada para potenciar su encanto original y adaptarla a un estilo de vida contempor\u00e1neo. La zona social se revitaliz\u00f3 con detalles como nichos en el cielo raso y muros en acabado de ladrillo, aportando textura y calidez. El piso fue reemplazado por un revestimiento SPC [&#8230;]\n","protected":false},"featured_media":1833,"template":"","meta":{"_acf_changed":false,"h5ap_radio_sources":[],"_joinchat":[]},"product_brand":[],"product_cat":[18,29,34,22],"product_tag":[],"class_list":{"0":"post-812","1":"product","2":"type-product","3":"status-publish","4":"has-post-thumbnail","6":"product_cat-casas","7":"product_cat-colombia","8":"product_cat-colombia-inicio","9":"product_cat-residencial","11":"first","12":"instock","13":"shipping-taxable","14":"product-type-simple"},"acf":[],"_links":{"self":[{"href":"https:\/\/bloqueb.com\/index.php\/wp-json\/wp\/v2\/product\/812","targetHints":{"allow":["GET"]}}],"collection":[{"href":"https:\/\/bloqueb.com\/index.php\/wp-json\/wp\/v2\/product"}],"about":[{"href":"https:\/\/bloqueb.com\/index.php\/wp-json\/wp\/v2\/types\/product"}],"wp:featuredmedia":[{"embeddable":true,"href":"https:\/\/bloqueb.com\/index.php\/wp-json\/wp\/v2\/media\/1833"}],"wp:attachment":[{"href":"https:\/\/bloqueb.com\/index.php\/wp-json\/wp\/v2\/media?parent=812"}],"wp:term":[{"taxonomy":"product_brand","embeddable":true,"href":"https:\/\/bloqueb.com\/index.php\/wp-json\/wp\/v2\/product_brand?post=812"},{"taxonomy":"product_cat","embeddable":true,"href":"https:\/\/bloqueb.com\/index.php\/wp-json\/wp\/v2\/product_cat?post=812"},{"taxonomy":"product_tag","embeddable":true,"href":"https:\/\/bloqueb.com\/index.php\/wp-json\/wp\/v2\/product_tag?post=812"}],"curies":[{"name":"wp","href":"https:\/\/api.w.org\/{rel}","templated":true}]}}