{"id":823,"date":"2024-01-22T08:31:06","date_gmt":"2024-01-22T07:31:06","guid":{"rendered":"http:\/\/bloqueb.com\/?post_type=product&#038;p=823"},"modified":"2026-03-12T13:20:29","modified_gmt":"2026-03-12T18:20:29","slug":"casa-san-francisco","status":"publish","type":"product","link":"https:\/\/bloqueb.com\/index.php\/producto\/casa-san-francisco\/","title":{"rendered":"Casa San Francisco"},"content":{"rendered":"<p data-start=\"206\" data-end=\"660\">Esta casa de cinco pisos, distribuida en medios niveles, fue renovada para combinar modernidad y funcionalidad en cada rinc\u00f3n. Se actualizaron todos los acabados: pisos, carpinter\u00eda, pasamanos y porcelanas, logrando un dise\u00f1o fresco y elegante que se adapta a la vida contempor\u00e1nea. La cocina se abri\u00f3 hacia el comedor, creando un ambiente social amplio y conectado, mientras que la zona de ropas fue redistribuida para mejorar su funcionalidad diaria.<\/p>\n<p data-start=\"662\" data-end=\"1173\">Cada nivel ofrece un ambiente \u00fanico dise\u00f1ado para disfrutar. En el s\u00f3tano, se habilit\u00f3 un espacio para la pr\u00e1ctica de golf; en el primer nivel intermedio, la sala principal incorpora un nuevo mueble tipo cava que aporta car\u00e1cter y funcionalidad. Los niveles superiores albergan las habitaciones y espacios familiares: un cuarto de juegos, un estudio, una habitaci\u00f3n de hu\u00e9spedes, la habitaci\u00f3n de la ni\u00f1a y, en el siguiente nivel, la habitaci\u00f3n principal con un moderno y amplio walk-in closet que eleva la experiencia privada de la casa.<\/p>\n<p data-start=\"1175\" data-end=\"1536\">En la cima, un acogedor altillo se convirti\u00f3 en el cuarto de televisi\u00f3n ideal para compartir en familia. Toda la iluminaci\u00f3n fue renovada y dise\u00f1ada para resaltar el nuevo estilo moderno, acentuando texturas y vol\u00famenes. Esta remodelaci\u00f3n demuestra c\u00f3mo, con dise\u00f1o inteligente, es posible transformar una casa en un hogar funcional, elegante y lleno de vida.<\/p>\n<p><strong>Ficha T\u00e9cnica:<\/strong><br \/>\nConjunto San Francisco<br \/>\n<strong>Ubicaci\u00f3n: <\/strong>Bogot\u00e1 \u2013 Colombia<br \/>\n<strong>\u00c1rea:<\/strong> 232.3 m2 y terraza descubierta de 19.5 m2<br \/>\n<strong>A\u00f1o:<\/strong> 2018<br \/>\n<strong>Tiempo:<\/strong> 5 Meses<br \/>\n<strong>Descripci\u00f3n:<\/strong> Dise\u00f1o Arquitect\u00f3nico, Dise\u00f1o de Interiores, Presupuesto y Construcci\u00f3n<\/p>\n","protected":false},"excerpt":{"rendered":"<p>Esta casa de cinco pisos, distribuida en medios niveles, fue renovada para combinar modernidad y funcionalidad en cada rinc\u00f3n. Se actualizaron todos los acabados: pisos, carpinter\u00eda, pasamanos y porcelanas, logrando un dise\u00f1o fresco y elegante que se adapta a la vida contempor\u00e1nea. La cocina se abri\u00f3 hacia el comedor, creando un ambiente social amplio y [&#8230;]\n","protected":false},"featured_media":829,"template":"","meta":{"_acf_changed":false,"h5ap_radio_sources":[],"_joinchat":[]},"product_brand":[],"product_cat":[18,29,34,22],"product_tag":[],"class_list":{"0":"post-823","1":"product","2":"type-product","3":"status-publish","4":"has-post-thumbnail","6":"product_cat-casas","7":"product_cat-colombia","8":"product_cat-colombia-inicio","9":"product_cat-residencial","11":"first","12":"instock","13":"shipping-taxable","14":"product-type-simple"},"acf":[],"_links":{"self":[{"href":"https:\/\/bloqueb.com\/index.php\/wp-json\/wp\/v2\/product\/823","targetHints":{"allow":["GET"]}}],"collection":[{"href":"https:\/\/bloqueb.com\/index.php\/wp-json\/wp\/v2\/product"}],"about":[{"href":"https:\/\/bloqueb.com\/index.php\/wp-json\/wp\/v2\/types\/product"}],"wp:featuredmedia":[{"embeddable":true,"href":"https:\/\/bloqueb.com\/index.php\/wp-json\/wp\/v2\/media\/829"}],"wp:attachment":[{"href":"https:\/\/bloqueb.com\/index.php\/wp-json\/wp\/v2\/media?parent=823"}],"wp:term":[{"taxonomy":"product_brand","embeddable":true,"href":"https:\/\/bloqueb.com\/index.php\/wp-json\/wp\/v2\/product_brand?post=823"},{"taxonomy":"product_cat","embeddable":true,"href":"https:\/\/bloqueb.com\/index.php\/wp-json\/wp\/v2\/product_cat?post=823"},{"taxonomy":"product_tag","embeddable":true,"href":"https:\/\/bloqueb.com\/index.php\/wp-json\/wp\/v2\/product_tag?post=823"}],"curies":[{"name":"wp","href":"https:\/\/api.w.org\/{rel}","templated":true}]}}