{"id":867,"date":"2024-01-22T08:40:13","date_gmt":"2024-01-22T07:40:13","guid":{"rendered":"http:\/\/bloqueb.com\/?post_type=product&#038;p=867"},"modified":"2026-03-12T13:27:14","modified_gmt":"2026-03-12T18:27:14","slug":"apartamento-74b","status":"publish","type":"product","link":"https:\/\/bloqueb.com\/index.php\/producto\/apartamento-74b\/","title":{"rendered":"Apartamento 74B"},"content":{"rendered":"<p>Este apartamento fue completamente renovado para optimizar su distribuci\u00f3n y modernizar sus espacios. Se demolieron muros de mamposter\u00eda para abrir la zona social, integrar una biblioteca, y ampliar la cocina, la zona de servicio y el ba\u00f1o principal.<\/p>\n<p>Se reemplazaron todos los acabados, incluyendo enchapes y alfombra, por un piso laminado nuevo en todo el apartamento. Adem\u00e1s, se actualizaron las instalaciones hidr\u00e1ulicas y el\u00e9ctricas, y se renovaron la cocina y los ba\u00f1os con nuevos muebles, mesones, grifer\u00edas, divisiones y porcelanas sanitarias. Tambi\u00e9n se cambi\u00f3 la carpinter\u00eda de madera en closets y puertas, y se incorpor\u00f3 nueva iluminaci\u00f3n con spots y bombillos LED<\/p>\n<p><strong>Ficha T\u00e9cnica:<\/strong><br \/>\nEdificio Parque 74<br \/>\n<strong>Ubicaci\u00f3n:<\/strong> Bogot\u00e1 \u2013 Colombia<br \/>\n<strong>\u00c1rea:<\/strong> 400 m2<br \/>\n<strong>A\u00f1o:<\/strong> 2009<br \/>\n<strong>Tiempo:<\/strong> 6 Meses<br \/>\n<strong>Descripci\u00f3n:<\/strong> Dise\u00f1o Arquitect\u00f3nico, Dise\u00f1o de Interiores, Presupuesto y Construcci\u00f3n<\/p>\n<p>&nbsp;<\/p>\n<div class=\"_df_thumb \" id=\"df_1260\"  _slug=\"casa-viva-117\" data-title=\"casa-viva-117\" wpoptions=\"true\" thumb=\"http:\/\/bloqueb.com\/wp-content\/uploads\/2024\/03\/CASA-VIVA-No.-117-001.jpg\" thumbtype=\"\" >Casa Viva 117<\/div><script class=\"df-shortcode-script\" nowprocket type=\"application\/javascript\">window.option_df_1260 = {\"outline\":[],\"autoEnableOutline\":\"false\",\"autoEnableThumbnail\":\"false\",\"overwritePDFOutline\":\"false\",\"direction\":\"1\",\"pageSize\":\"0\",\"source\":[\"http:\\\/\\\/bloqueb.com\\\/wp-content\\\/uploads\\\/2024\\\/03\\\/CASA-VIVA-No.-117-001.jpg\",\"http:\\\/\\\/bloqueb.com\\\/wp-content\\\/uploads\\\/2024\\\/03\\\/CASA-VIVA-No.-117-002.jpg\",\"http:\\\/\\\/bloqueb.com\\\/wp-content\\\/uploads\\\/2024\\\/03\\\/CASA-VIVA-No.-117-003.jpg\",\"http:\\\/\\\/bloqueb.com\\\/wp-content\\\/uploads\\\/2024\\\/03\\\/CASA-VIVA-No.-117-004.jpg\",\"http:\\\/\\\/bloqueb.com\\\/wp-content\\\/uploads\\\/2024\\\/03\\\/CASA-VIVA-No.-117-005.jpg\",\"http:\\\/\\\/bloqueb.com\\\/wp-content\\\/uploads\\\/2024\\\/03\\\/CASA-VIVA-No.-117-006.jpg\",\"http:\\\/\\\/bloqueb.com\\\/wp-content\\\/uploads\\\/2024\\\/03\\\/CASA-VIVA-No.-117-007.jpg\",\"http:\\\/\\\/bloqueb.com\\\/wp-content\\\/uploads\\\/2024\\\/03\\\/CASA-VIVA-No.-117-008.jpg\",\"http:\\\/\\\/bloqueb.com\\\/wp-content\\\/uploads\\\/2024\\\/03\\\/CASA-VIVA-No.-117-009.jpg\"],\"wpOptions\":\"true\",\"links\":[[],[],[],[],[],[],[],[],[],[]]}; if(window.DFLIP && window.DFLIP.parseBooks){window.DFLIP.parseBooks();}<\/script>\n","protected":false},"excerpt":{"rendered":"<p>Este apartamento fue completamente renovado para optimizar su distribuci\u00f3n y modernizar sus espacios. Se demolieron muros de mamposter\u00eda para abrir la zona social, integrar una biblioteca, y ampliar la cocina, la zona de servicio y el ba\u00f1o principal. Se reemplazaron todos los acabados, incluyendo enchapes y alfombra, por un piso laminado nuevo en todo el [&#8230;]\n","protected":false},"featured_media":871,"template":"","meta":{"_acf_changed":false,"h5ap_radio_sources":[],"_joinchat":[]},"product_brand":[],"product_cat":[17,29,34,22],"product_tag":[],"class_list":{"0":"post-867","1":"product","2":"type-product","3":"status-publish","4":"has-post-thumbnail","6":"product_cat-apartamentos","7":"product_cat-colombia","8":"product_cat-colombia-inicio","9":"product_cat-residencial","11":"first","12":"instock","13":"shipping-taxable","14":"product-type-simple"},"acf":[],"_links":{"self":[{"href":"https:\/\/bloqueb.com\/index.php\/wp-json\/wp\/v2\/product\/867","targetHints":{"allow":["GET"]}}],"collection":[{"href":"https:\/\/bloqueb.com\/index.php\/wp-json\/wp\/v2\/product"}],"about":[{"href":"https:\/\/bloqueb.com\/index.php\/wp-json\/wp\/v2\/types\/product"}],"wp:featuredmedia":[{"embeddable":true,"href":"https:\/\/bloqueb.com\/index.php\/wp-json\/wp\/v2\/media\/871"}],"wp:attachment":[{"href":"https:\/\/bloqueb.com\/index.php\/wp-json\/wp\/v2\/media?parent=867"}],"wp:term":[{"taxonomy":"product_brand","embeddable":true,"href":"https:\/\/bloqueb.com\/index.php\/wp-json\/wp\/v2\/product_brand?post=867"},{"taxonomy":"product_cat","embeddable":true,"href":"https:\/\/bloqueb.com\/index.php\/wp-json\/wp\/v2\/product_cat?post=867"},{"taxonomy":"product_tag","embeddable":true,"href":"https:\/\/bloqueb.com\/index.php\/wp-json\/wp\/v2\/product_tag?post=867"}],"curies":[{"name":"wp","href":"https:\/\/api.w.org\/{rel}","templated":true}]}}