{"id":878,"date":"2024-01-22T08:41:34","date_gmt":"2024-01-22T07:41:34","guid":{"rendered":"http:\/\/bloqueb.com\/?post_type=product&#038;p=878"},"modified":"2026-03-12T13:24:14","modified_gmt":"2026-03-12T18:24:14","slug":"apartamento-78","status":"publish","type":"product","link":"https:\/\/bloqueb.com\/index.php\/producto\/apartamento-78\/","title":{"rendered":"Apartamento 78"},"content":{"rendered":"<p data-start=\"117\" data-end=\"735\">Este apartamento fue renovado integralmente para lograr una distribuci\u00f3n m\u00e1s abierta y funcional, integrando la cocina a la zona social y transformando una alcoba en un estudio.<\/p>\n<p data-start=\"117\" data-end=\"735\">Se modernizaron los acabados en cocina y ba\u00f1os, incluyendo enchapes, mesones, carpinter\u00eda, grifer\u00edas y sanitarios, as\u00ed como la carpinter\u00eda de puertas y closets. Adem\u00e1s, se renovaron las instalaciones hidr\u00e1ulicas y el\u00e9ctricas, se mejor\u00f3 la iluminaci\u00f3n con nuevos spots y bombillos LED y se agregaron adem\u00e1s a nichos en la zona social que lo convierte en un espacio m\u00e1s acogedor. La intervenci\u00f3n se complementa con un piso claro y guardaescobas y muros blancos, dando como resultado un espacio moderno, c\u00f3modo y listo para habitar.<\/p>\n<p data-start=\"117\" data-end=\"735\"><strong>Ficha T\u00e9cnica:<\/strong><br \/>\nEdificio Los Rosales<br \/>\n<strong>Ubicaci\u00f3n:<\/strong> Bogot\u00e1 \u2013 Colombia<br \/>\n<strong>\u00c1rea:<\/strong> 73 m2<br \/>\n<strong>A\u00f1o:<\/strong> 2021<br \/>\n<strong>Tiempo:<\/strong> 5 Meses<br \/>\n<strong>Descripci\u00f3n:<\/strong> Dise\u00f1o Arquitect\u00f3nico, Dise\u00f1o de Interiores, Presupuesto y Construcci\u00f3n<\/p>\n","protected":false},"excerpt":{"rendered":"<p>Este apartamento fue renovado integralmente para lograr una distribuci\u00f3n m\u00e1s abierta y funcional, integrando la cocina a la zona social y transformando una alcoba en un estudio. Se modernizaron los acabados en cocina y ba\u00f1os, incluyendo enchapes, mesones, carpinter\u00eda, grifer\u00edas y sanitarios, as\u00ed como la carpinter\u00eda de puertas y closets. Adem\u00e1s, se renovaron las instalaciones [&#8230;]\n","protected":false},"featured_media":884,"template":"","meta":{"_acf_changed":false,"h5ap_radio_sources":[],"_joinchat":[]},"product_brand":[],"product_cat":[17,29,34,22],"product_tag":[],"class_list":{"0":"post-878","1":"product","2":"type-product","3":"status-publish","4":"has-post-thumbnail","6":"product_cat-apartamentos","7":"product_cat-colombia","8":"product_cat-colombia-inicio","9":"product_cat-residencial","11":"first","12":"instock","13":"shipping-taxable","14":"product-type-simple"},"acf":[],"_links":{"self":[{"href":"https:\/\/bloqueb.com\/index.php\/wp-json\/wp\/v2\/product\/878","targetHints":{"allow":["GET"]}}],"collection":[{"href":"https:\/\/bloqueb.com\/index.php\/wp-json\/wp\/v2\/product"}],"about":[{"href":"https:\/\/bloqueb.com\/index.php\/wp-json\/wp\/v2\/types\/product"}],"wp:featuredmedia":[{"embeddable":true,"href":"https:\/\/bloqueb.com\/index.php\/wp-json\/wp\/v2\/media\/884"}],"wp:attachment":[{"href":"https:\/\/bloqueb.com\/index.php\/wp-json\/wp\/v2\/media?parent=878"}],"wp:term":[{"taxonomy":"product_brand","embeddable":true,"href":"https:\/\/bloqueb.com\/index.php\/wp-json\/wp\/v2\/product_brand?post=878"},{"taxonomy":"product_cat","embeddable":true,"href":"https:\/\/bloqueb.com\/index.php\/wp-json\/wp\/v2\/product_cat?post=878"},{"taxonomy":"product_tag","embeddable":true,"href":"https:\/\/bloqueb.com\/index.php\/wp-json\/wp\/v2\/product_tag?post=878"}],"curies":[{"name":"wp","href":"https:\/\/api.w.org\/{rel}","templated":true}]}}